{"id":6055,"date":"2024-03-07T12:16:50","date_gmt":"2024-03-07T12:16:50","guid":{"rendered":"https:\/\/hadocongress.com\/sponsors\/ivodent-2\/"},"modified":"2024-03-08T16:02:42","modified_gmt":"2024-03-08T16:02:42","slug":"ivodent-2","status":"publish","type":"page","link":"https:\/\/hadocongress.com\/en\/sponsors\/ivodent-2\/","title":{"rendered":"Ivodent"},"content":{"rendered":"<div class=\"fusion-fullwidth fullwidth-box fusion-builder-row-1 fusion-flex-container nonhundred-percent-fullwidth non-hundred-percent-height-scrolling\" style=\"background-color: rgba(255,255,255,0);background-position: center center;background-repeat: no-repeat;border-width: 0px 0px 0px 0px;border-color:var(--awb-color3);border-style:solid;\" ><div class=\"fusion-builder-row fusion-row fusion-flex-align-items-flex-start fusion-flex-justify-content-center\" style=\"max-width:1310.4px;margin-left: calc(-4% \/ 2 );margin-right: calc(-4% \/ 2 );\"><div class=\"fusion-layout-column fusion_builder_column fusion-builder-column-0 fusion_builder_column_3_4 3_4 fusion-flex-column\"><div class=\"fusion-column-wrapper fusion-flex-justify-content-flex-start fusion-content-layout-column\" style=\"background-position:left top;background-repeat:no-repeat;-webkit-background-size:cover;-moz-background-size:cover;-o-background-size:cover;background-size:cover;padding: 0px 0px 0px 0px;\"><div class=\"fusion-text fusion-text-1\"><p>IvoDent &#8211; kik vagyunk mi?<\/p>\n<p>T\u00f6bb, mint &#8220;minden ami Ivoclar egy helyen&#8230;&#8221;<\/p>\n<p>\u2026 ezzel indultunk 2007-ben egy 40 nm-es irod\u00e1b\u00f3l, \u00e9s a l\u00e9nyeg az\u00f3ta sem v\u00e1ltozott: az Ivoclar hatalmas fog\u00e1szati, fogtechnikai term\u00e9k \u00e9s rendszer koncepci\u00f3j\u00e1t teljes mellsz\u00e9less\u00e9ggel k\u00e9pviselni a lehet\u0151 legmagasabb szakmai t\u00e1mogat\u00e1ssal<br \/>\nMagyarorsz\u00e1gon.<\/p>\n<p>2016 \u00f3ta m\u00e1r egy 400 nm-es \u00f6n\u00e1ll\u00f3 \u00e9p\u00fcletben v\u00e1rjuk partnereinket \u00d3bud\u00e1n, ahol egy jelent\u0151s m\u00e9ret\u0171 anyagrakt\u00e1r, bemutat\u00f3terem, CAD\/CAM gy\u00e1rt\u00f3 r\u00e9szleg, szerviz \u00e9s egy 20 f\u0151s oktat\u00f3terem t\u00e1mogatja \u00fcgyfeleink kiszolg\u00e1l\u00e1s\u00e1t.<\/p>\n<p>Az Ivoclar eredeti c\u00e9gfiloz\u00f3fi\u00e1ja \u2013 Passion Vision Innovation &#8211; egybeesett meggy\u0151z\u0151d\u00e9s\u00fcnkkel, miszerint term\u00e9keket eladni sz\u00e1munkra akkor van \u00e9rtelme,<br \/>\nha tudjuk a rendszerben elfoglalt hely\u00fcket \u00e9s \u00e9rt\u00fcnk hozz\u00e1 legal\u00e1bb felhaszn\u00e1l\u00f3i szinten. Ez elengedhetetlen ahhoz, hogy partnereinknek megfelel\u0151 megold\u00e1sokat \u00e9s t\u00e1mogat\u00e1st ny\u00fajtsunk.<br \/>\nA k\u00e9pz\u00e9seken t\u00fal, ennek leghat\u00e9konyabb m\u00f3dja ha a term\u00e9kekkel mi is dolgozunk \u00e9s hasz\u00e1ljuk azokat.<\/p>\n<p>15 \u00e9ve nagy sikerrel tartjuk fog\u00e1szati fot\u00f3s kurzusainkat is.<br \/>\nA digit\u00e1lis fejl\u0151d\u00e9ssel pedig a scannel\u00e9s, tervez\u00e9s \u00e9s 3D nyomtat\u00e1s t\u00e9mak\u00f6rei szint\u00e9n visszat\u00e9r\u0151 t\u00e9m\u00e1j\u00e1v\u00e1 v\u00e1ltak k\u00e9pz\u00e9seinknek.<\/p>\n<p>2017-\u00f3ta saj\u00e1t CAD\/CAM gy\u00e1rt\u00e1ssal (5ax sz\u00e1raz\/nedves mar\u00e1s, csiszol\u00e1s minden alapanyagb\u00f3l, 3D nyomtat\u00e1s minden indik\u00e1ci\u00f3ra) is seg\u00edtj\u00fck \u00fcgyfeleink mindennapjait.<\/p>\n<p>Kiemelten fontosnak tartjuk az eduk\u00e1l\u00e1st, a tanul\u00f3k \u00f6szt\u00f6nz\u00e9s\u00e9t, a szakmai fejl\u0151d\u00e9s t\u00e1mogat\u00e1s\u00e1t, \u00edgy az elm\u00falt \u00e9vekben t\u00f6bb mint 450 kurzust tartottunk, el\u0151ad\u00e1st, szimp\u00f3ziumot, ki\u00e1ll\u00edt\u00e1st \u00e9s fog\u00e1szati versenyt szervezt\u00fcnk.<\/p>\n<p>Az \u00e9vek sor\u00e1n az Ivoclar term\u00e9kei mellett letett\u00fck voksunkat olyan, magas min\u0151s\u00e9get k\u00e9pvisel\u0151, innovat\u00edv fog\u00e1szati gy\u00e1rt\u00f3k mellett is, mint a Formlabs (3D nyomtat\u00e1s), Medit (IO scanner), CAD Star (labor scanner), LM Dental (k\u00e9zim\u0171szerek),<br \/>\nEdenta (forg\u00f3eszk\u00f6z\u00f6k), DentaFab, Renfert, MPF, HP Dent, Profeta, Upcera, Indusbello, Polydentia&#8230;<br \/>\nKiemelend\u0151 fentiek k\u00f6z\u00fcl a komplex praxis\/labor portf\u00f3li\u00f3val rendelkez\u0151 Formlabs 3D nyomtat\u00f3ival \u00e9s a Medit k\u00f6t\u00f6tts\u00e9gek n\u00e9lk\u00fcli, kompromisszummentes IO scannerjeivel, melyek szoros egy\u00fcttm\u0171k\u00f6d\u00e9s\u00e9nek k\u00f6sz\u00f6nhet\u0151en<br \/>\naz orthodontiai ter\u00fcleteken is nagyban gyors\u00edthat\u00f3 \u00e9s egyszer\u0171s\u00edthet\u0151 a munka.<\/p>\n<p><a href=\"https:\/\/ivodent.hu\/news\/18--wowaligner2024\" target=\"_blank\" rel=\"noopener\"><span style=\"color: #0000ff;\">https:\/\/ivodent.hu\/news\/18&#8211;wowaligner2024<\/span><\/a><\/p>\n<\/div><\/div><style type=\"text\/css\">.fusion-body .fusion-builder-column-0{width:75% !important;margin-top : 20px;margin-bottom : 20px;}.fusion-builder-column-0 > .fusion-column-wrapper {padding-top : 0px !important;padding-right : 0px !important;margin-right : 2.56%;padding-bottom : 0px !important;padding-left : 0px !important;margin-left : 2.56%;}@media only screen and (max-width:1200px) {.fusion-body .fusion-builder-column-0{width:75% !important;order : 0;}.fusion-builder-column-0 > .fusion-column-wrapper {margin-right : 2.56%;margin-left : 2.56%;}}@media only screen and (max-width:640px) {.fusion-body .fusion-builder-column-0{width:100% !important;order : 0;}.fusion-builder-column-0 > .fusion-column-wrapper {margin-right : 1.92%;margin-left : 1.92%;}}<\/style><\/div><\/div><style type=\"text\/css\">.fusion-body .fusion-flex-container.fusion-builder-row-1{ padding-top : 0px;margin-top : 0px;padding-right : 0px;padding-bottom : 0px;margin-bottom : 0px;padding-left : 0px;}<\/style><\/div>\n","protected":false},"excerpt":{"rendered":"","protected":false},"author":1,"featured_media":0,"parent":5737,"menu_order":0,"comment_status":"closed","ping_status":"closed","template":"","meta":{"footnotes":""},"yoast_head":"<!-- This site is optimized with the Yoast SEO plugin v19.6.1 - https:\/\/yoast.com\/wordpress\/plugins\/seo\/ -->\n<title>Ivodent - Magyar \u00c1llcsont-ortop\u00e9diai \u00e9s Fogszab\u00e1lyoz\u00e1si T\u00e1rsas\u00e1g II. Nemzetk\u00f6zi Kongresszusa<\/title>\n<meta name=\"robots\" content=\"index, follow, max-snippet:-1, max-image-preview:large, max-video-preview:-1\" \/>\n<link rel=\"canonical\" href=\"https:\/\/hadocongress.com\/en\/sponsors\/ivodent-2\/\" \/>\n<meta property=\"og:locale\" content=\"en_US\" \/>\n<meta property=\"og:type\" content=\"article\" \/>\n<meta property=\"og:title\" content=\"Ivodent - Magyar \u00c1llcsont-ortop\u00e9diai \u00e9s Fogszab\u00e1lyoz\u00e1si T\u00e1rsas\u00e1g II. Nemzetk\u00f6zi Kongresszusa\" \/>\n<meta property=\"og:url\" content=\"https:\/\/hadocongress.com\/en\/sponsors\/ivodent-2\/\" \/>\n<meta property=\"og:site_name\" content=\"Magyar \u00c1llcsont-ortop\u00e9diai \u00e9s Fogszab\u00e1lyoz\u00e1si T\u00e1rsas\u00e1g II. Nemzetk\u00f6zi Kongresszusa\" \/>\n<meta property=\"article:modified_time\" content=\"2024-03-08T16:02:42+00:00\" \/>\n<meta name=\"twitter:card\" content=\"summary_large_image\" \/>\n<meta name=\"twitter:label1\" content=\"Est. reading time\" \/>\n\t<meta name=\"twitter:data1\" content=\"5 minutes\" \/>\n<script type=\"application\/ld+json\" class=\"yoast-schema-graph\">{\"@context\":\"https:\/\/schema.org\",\"@graph\":[{\"@type\":\"WebPage\",\"@id\":\"https:\/\/hadocongress.com\/en\/sponsors\/ivodent-2\/\",\"url\":\"https:\/\/hadocongress.com\/en\/sponsors\/ivodent-2\/\",\"name\":\"Ivodent - Magyar \u00c1llcsont-ortop\u00e9diai \u00e9s Fogszab\u00e1lyoz\u00e1si T\u00e1rsas\u00e1g II. Nemzetk\u00f6zi Kongresszusa\",\"isPartOf\":{\"@id\":\"https:\/\/hadocongress.com\/#website\"},\"datePublished\":\"2024-03-07T12:16:50+00:00\",\"dateModified\":\"2024-03-08T16:02:42+00:00\",\"breadcrumb\":{\"@id\":\"https:\/\/hadocongress.com\/en\/sponsors\/ivodent-2\/#breadcrumb\"},\"inLanguage\":\"en-US\",\"potentialAction\":[{\"@type\":\"ReadAction\",\"target\":[\"https:\/\/hadocongress.com\/en\/sponsors\/ivodent-2\/\"]}]},{\"@type\":\"BreadcrumbList\",\"@id\":\"https:\/\/hadocongress.com\/en\/sponsors\/ivodent-2\/#breadcrumb\",\"itemListElement\":[{\"@type\":\"ListItem\",\"position\":1,\"name\":\"Kezd\u0151lap\",\"item\":\"https:\/\/hadocongress.com\/en\/\"},{\"@type\":\"ListItem\",\"position\":2,\"name\":\"Sponsors\",\"item\":\"https:\/\/hadocongress.com\/en\/sponsors\/\"},{\"@type\":\"ListItem\",\"position\":3,\"name\":\"Ivodent\"}]},{\"@type\":\"WebSite\",\"@id\":\"https:\/\/hadocongress.com\/#website\",\"url\":\"https:\/\/hadocongress.com\/\",\"name\":\"Magyar \u00c1llcsont-ortop\u00e9diai \u00e9s Fogszab\u00e1lyoz\u00e1si T\u00e1rsas\u00e1g II. Nemzetk\u00f6zi Kongresszusa\",\"description\":\"#breakthru2022\",\"publisher\":{\"@id\":\"https:\/\/hadocongress.com\/#organization\"},\"potentialAction\":[{\"@type\":\"SearchAction\",\"target\":{\"@type\":\"EntryPoint\",\"urlTemplate\":\"https:\/\/hadocongress.com\/?s={search_term_string}\"},\"query-input\":\"required name=search_term_string\"}],\"inLanguage\":\"en-US\"},{\"@type\":\"Organization\",\"@id\":\"https:\/\/hadocongress.com\/#organization\",\"name\":\"hadocongress.com\",\"url\":\"https:\/\/hadocongress.com\/\",\"sameAs\":[],\"logo\":{\"@type\":\"ImageObject\",\"inLanguage\":\"en-US\",\"@id\":\"https:\/\/hadocongress.com\/#\/schema\/logo\/image\/\",\"url\":\"https:\/\/hadocongress.com\/wp-content\/uploads\/2022\/02\/logo-default.png\",\"contentUrl\":\"https:\/\/hadocongress.com\/wp-content\/uploads\/2022\/02\/logo-default.png\",\"width\":342,\"height\":102,\"caption\":\"hadocongress.com\"},\"image\":{\"@id\":\"https:\/\/hadocongress.com\/#\/schema\/logo\/image\/\"}}]}<\/script>\n<!-- \/ Yoast SEO plugin. -->","yoast_head_json":{"title":"Ivodent - Magyar \u00c1llcsont-ortop\u00e9diai \u00e9s Fogszab\u00e1lyoz\u00e1si T\u00e1rsas\u00e1g II. Nemzetk\u00f6zi Kongresszusa","robots":{"index":"index","follow":"follow","max-snippet":"max-snippet:-1","max-image-preview":"max-image-preview:large","max-video-preview":"max-video-preview:-1"},"canonical":"https:\/\/hadocongress.com\/en\/sponsors\/ivodent-2\/","og_locale":"en_US","og_type":"article","og_title":"Ivodent - Magyar \u00c1llcsont-ortop\u00e9diai \u00e9s Fogszab\u00e1lyoz\u00e1si T\u00e1rsas\u00e1g II. Nemzetk\u00f6zi Kongresszusa","og_url":"https:\/\/hadocongress.com\/en\/sponsors\/ivodent-2\/","og_site_name":"Magyar \u00c1llcsont-ortop\u00e9diai \u00e9s Fogszab\u00e1lyoz\u00e1si T\u00e1rsas\u00e1g II. Nemzetk\u00f6zi Kongresszusa","article_modified_time":"2024-03-08T16:02:42+00:00","twitter_card":"summary_large_image","twitter_misc":{"Est. reading time":"5 minutes"},"schema":{"@context":"https:\/\/schema.org","@graph":[{"@type":"WebPage","@id":"https:\/\/hadocongress.com\/en\/sponsors\/ivodent-2\/","url":"https:\/\/hadocongress.com\/en\/sponsors\/ivodent-2\/","name":"Ivodent - Magyar \u00c1llcsont-ortop\u00e9diai \u00e9s Fogszab\u00e1lyoz\u00e1si T\u00e1rsas\u00e1g II. Nemzetk\u00f6zi Kongresszusa","isPartOf":{"@id":"https:\/\/hadocongress.com\/#website"},"datePublished":"2024-03-07T12:16:50+00:00","dateModified":"2024-03-08T16:02:42+00:00","breadcrumb":{"@id":"https:\/\/hadocongress.com\/en\/sponsors\/ivodent-2\/#breadcrumb"},"inLanguage":"en-US","potentialAction":[{"@type":"ReadAction","target":["https:\/\/hadocongress.com\/en\/sponsors\/ivodent-2\/"]}]},{"@type":"BreadcrumbList","@id":"https:\/\/hadocongress.com\/en\/sponsors\/ivodent-2\/#breadcrumb","itemListElement":[{"@type":"ListItem","position":1,"name":"Kezd\u0151lap","item":"https:\/\/hadocongress.com\/en\/"},{"@type":"ListItem","position":2,"name":"Sponsors","item":"https:\/\/hadocongress.com\/en\/sponsors\/"},{"@type":"ListItem","position":3,"name":"Ivodent"}]},{"@type":"WebSite","@id":"https:\/\/hadocongress.com\/#website","url":"https:\/\/hadocongress.com\/","name":"Magyar \u00c1llcsont-ortop\u00e9diai \u00e9s Fogszab\u00e1lyoz\u00e1si T\u00e1rsas\u00e1g II. Nemzetk\u00f6zi Kongresszusa","description":"#breakthru2022","publisher":{"@id":"https:\/\/hadocongress.com\/#organization"},"potentialAction":[{"@type":"SearchAction","target":{"@type":"EntryPoint","urlTemplate":"https:\/\/hadocongress.com\/?s={search_term_string}"},"query-input":"required name=search_term_string"}],"inLanguage":"en-US"},{"@type":"Organization","@id":"https:\/\/hadocongress.com\/#organization","name":"hadocongress.com","url":"https:\/\/hadocongress.com\/","sameAs":[],"logo":{"@type":"ImageObject","inLanguage":"en-US","@id":"https:\/\/hadocongress.com\/#\/schema\/logo\/image\/","url":"https:\/\/hadocongress.com\/wp-content\/uploads\/2022\/02\/logo-default.png","contentUrl":"https:\/\/hadocongress.com\/wp-content\/uploads\/2022\/02\/logo-default.png","width":342,"height":102,"caption":"hadocongress.com"},"image":{"@id":"https:\/\/hadocongress.com\/#\/schema\/logo\/image\/"}}]}},"_links":{"self":[{"href":"https:\/\/hadocongress.com\/en\/wp-json\/wp\/v2\/pages\/6055"}],"collection":[{"href":"https:\/\/hadocongress.com\/en\/wp-json\/wp\/v2\/pages"}],"about":[{"href":"https:\/\/hadocongress.com\/en\/wp-json\/wp\/v2\/types\/page"}],"author":[{"embeddable":true,"href":"https:\/\/hadocongress.com\/en\/wp-json\/wp\/v2\/users\/1"}],"replies":[{"embeddable":true,"href":"https:\/\/hadocongress.com\/en\/wp-json\/wp\/v2\/comments?post=6055"}],"version-history":[{"count":1,"href":"https:\/\/hadocongress.com\/en\/wp-json\/wp\/v2\/pages\/6055\/revisions"}],"predecessor-version":[{"id":6056,"href":"https:\/\/hadocongress.com\/en\/wp-json\/wp\/v2\/pages\/6055\/revisions\/6056"}],"up":[{"embeddable":true,"href":"https:\/\/hadocongress.com\/en\/wp-json\/wp\/v2\/pages\/5737"}],"wp:attachment":[{"href":"https:\/\/hadocongress.com\/en\/wp-json\/wp\/v2\/media?parent=6055"}],"curies":[{"name":"wp","href":"https:\/\/api.w.org\/{rel}","templated":true}]}}