{"id":6052,"date":"2022-04-21T07:47:53","date_gmt":"2022-04-21T07:47:53","guid":{"rendered":"https:\/\/hadocongress.com\/sponsors\/clearcorrect\/"},"modified":"2024-03-08T16:01:40","modified_gmt":"2024-03-08T16:01:40","slug":"clearcorrect","status":"publish","type":"page","link":"https:\/\/hadocongress.com\/en\/sponsors\/clearcorrect\/","title":{"rendered":"Clearcorrect"},"content":{"rendered":"<div class=\"fusion-fullwidth fullwidth-box fusion-builder-row-1 fusion-flex-container nonhundred-percent-fullwidth non-hundred-percent-height-scrolling\" style=\"background-color: rgba(255,255,255,0);background-position: center center;background-repeat: no-repeat;border-width: 0px 0px 0px 0px;border-color:var(--awb-color3);border-style:solid;\" ><div class=\"fusion-builder-row fusion-row fusion-flex-align-items-flex-start fusion-flex-justify-content-center\" style=\"max-width:1310.4px;margin-left: calc(-4% \/ 2 );margin-right: calc(-4% \/ 2 );\"><div class=\"fusion-layout-column fusion_builder_column fusion-builder-column-0 fusion_builder_column_3_4 3_4 fusion-flex-column\"><div class=\"fusion-column-wrapper fusion-flex-justify-content-flex-start fusion-content-layout-column\" style=\"background-position:left top;background-repeat:no-repeat;-webkit-background-size:cover;-moz-background-size:cover;-o-background-size:cover;background-size:cover;padding: 0px 0px 0px 0px;\"><div class=\"fusion-text fusion-text-1\" style=\"text-transform:none;\"><p>A ClearCorrect egy glob\u00e1lis fogszab\u00e1lyoz\u00e1si m\u00e1rka, amely m\u00f6g\u00f6tt nemcsak rengeteg innov\u00e1ci\u00f3 \u00e9s kutat\u00e1s, hanem a Straumann Group kiemelked\u0151 klinikai tapasztalata \u00e1ll. Ezzel a h\u00e1tt\u00e9rrel garant\u00e1lni tudjuk \u00dcgyfeleinknek a sz\u00fcks\u00e9ges t\u00e1mogat\u00e1st, a felhaszn\u00e1l\u00e1s teljesk\u00f6r\u0171 szabads\u00e1g\u00e1t, valamint azokat a kiemelked\u0151 min\u0151s\u00e9g\u0171 fogszab\u00e1lyoz\u00e1si term\u00e9keket, melyeket felhaszn\u00e1l\u00f3 orvosaink \u00e9s azok p\u00e1ciensei is meg\u00e9rdemelnek.<\/p>\n<p>A ClearCorrect alignerek k\u00fcl\u00f6n erre a c\u00e9lra kifejlesztett a ClearQuartz\u2122 szabadalmaztatott anyagb\u00f3l k\u00e9sz\u00fclnek, speci\u00e1lisan eldolgozott sz\u00e9lek egyed\u00fcl\u00e1ll\u00f3 kombin\u00e1ci\u00f3ja, amellyel k\u00f6nny\u0171 \u00e9s gyors kezel\u00e9sek val\u00f3s\u00edthat\u00f3ak meg. A digit\u00e1lis munkafolyamatokat \u00fagy tervezt\u00fck, hogy val\u00f3ban megadhassuk felhaszn\u00e1l\u00f3inknak a teljesk\u00f6r\u0171 szabads\u00e1got. Dolgozzon \u00d6n is \u00fagy, ahogyan szeretne: v\u00e1lasszon ki b\u00e1rmilyen IOS-rendszert, k\u00e9sz\u00edtsen el szem\u00e9lyre szabott kezel\u00e9si tervet, illet\u0151leg v\u00e1lassza ki az \u00d6nnek a legjobban megfelel\u0151 kezel\u00e9si lehet\u0151s\u00e9get.<\/p>\n<p>Kezel\u00e9si tervek elk\u00e9sz\u00edt\u00e9se v\u00e9gtelen\u00fcl egyszer\u0171 az intuit\u00edv kezel\u00e9stervez\u0151 eszk\u00f6zzel, a ClearPilottal\u2122.<br \/>\nA ClearPilot\u2122 a tervez\u00e9st\u0151l a j\u00f3v\u00e1hagy\u00e1sig biztos\u00edtja a megfelel\u0151 ir\u00e1ny\u00edt\u00e1st \u00e9s a rugalmass\u00e1got a felhaszn\u00e1l\u00f3k r\u00e9sz\u00e9re.<br \/>\nTervez\u0151 csapatunk t\u00f6bb mint 20 \u00e9ves digit\u00e1lis fogszab\u00e1lyoz\u00e1si tervez\u00e9si tapasztalattal rendelkezik, ezzel hat\u00e9kony tervez\u00e9st \u00e9s egy\u00fcttm\u0171k\u00f6d\u00e9st biztos\u00edtunk a kezel\u00e9si c\u00e9lok el\u00e9r\u00e9se \u00e9rdek\u00e9ben.<br \/>\nA ClearCorrectet az indul\u00e1s napj\u00e1t\u00f3l kezdve a szem\u00e9lyes, odafigyel\u0151 t\u00e1mogat\u00e1s erej\u00e9re \u00e9p\u00edtett\u00fck fel.<br \/>\nEls\u0151dleges c\u00e9lunknak tekintj\u00fck, hogy meghallgassuk a partnereinket ig\u00e9nyeit. Ez az, ami t\u00f6bb mint 16 \u00e9ve tart minket a piacon, \u00e9s ez alapj\u00e1n biztosan \u00e1ll\u00edthatjuk, hogy mindig is itt lesz\u00fcnk.<\/p>\n<p><strong>Weboldal<\/strong>: <span style=\"color: #0000ff;\"><a style=\"color: #0000ff;\" href=\"https:\/\/www.straumann.com\/clearcorrect\/en\/doctors.html\" target=\"_blank\" rel=\"noopener\">ClearCorrect | your partner in ortho. (straumann.com)<\/a><\/span><br \/>\n<strong>C\u00edm<\/strong>: 1139 Budapest, Fiasty\u00fak utca 4-8. F. \u00e9p<\/p>\n<\/div><\/div><style type=\"text\/css\">.fusion-body .fusion-builder-column-0{width:75% !important;margin-top : 20px;margin-bottom : 20px;}.fusion-builder-column-0 > .fusion-column-wrapper {padding-top : 0px !important;padding-right : 0px !important;margin-right : 2.56%;padding-bottom : 0px !important;padding-left : 0px !important;margin-left : 2.56%;}@media only screen and (max-width:1200px) {.fusion-body .fusion-builder-column-0{width:75% !important;order : 0;}.fusion-builder-column-0 > .fusion-column-wrapper {margin-right : 2.56%;margin-left : 2.56%;}}@media only screen and (max-width:640px) {.fusion-body .fusion-builder-column-0{width:100% !important;order : 0;}.fusion-builder-column-0 > .fusion-column-wrapper {margin-right : 1.92%;margin-left : 1.92%;}}<\/style><\/div><\/div><style type=\"text\/css\">.fusion-body .fusion-flex-container.fusion-builder-row-1{ padding-top : 0px;margin-top : 0px;padding-right : 0px;padding-bottom : 0px;margin-bottom : 0px;padding-left : 0px;}<\/style><\/div>\n","protected":false},"excerpt":{"rendered":"","protected":false},"author":1,"featured_media":0,"parent":5737,"menu_order":0,"comment_status":"closed","ping_status":"closed","template":"100-width.php","meta":{"footnotes":""},"yoast_head":"<!-- This site is optimized with the Yoast SEO plugin v19.6.1 - https:\/\/yoast.com\/wordpress\/plugins\/seo\/ -->\n<title>Clearcorrect - Magyar \u00c1llcsont-ortop\u00e9diai \u00e9s Fogszab\u00e1lyoz\u00e1si T\u00e1rsas\u00e1g II. Nemzetk\u00f6zi Kongresszusa<\/title>\n<meta name=\"robots\" content=\"index, follow, max-snippet:-1, max-image-preview:large, max-video-preview:-1\" \/>\n<link rel=\"canonical\" href=\"https:\/\/hadocongress.com\/en\/sponsors\/clearcorrect\/\" \/>\n<meta property=\"og:locale\" content=\"en_US\" \/>\n<meta property=\"og:type\" content=\"article\" \/>\n<meta property=\"og:title\" content=\"Clearcorrect - Magyar \u00c1llcsont-ortop\u00e9diai \u00e9s Fogszab\u00e1lyoz\u00e1si T\u00e1rsas\u00e1g II. Nemzetk\u00f6zi Kongresszusa\" \/>\n<meta property=\"og:url\" content=\"https:\/\/hadocongress.com\/en\/sponsors\/clearcorrect\/\" \/>\n<meta property=\"og:site_name\" content=\"Magyar \u00c1llcsont-ortop\u00e9diai \u00e9s Fogszab\u00e1lyoz\u00e1si T\u00e1rsas\u00e1g II. Nemzetk\u00f6zi Kongresszusa\" \/>\n<meta property=\"article:modified_time\" content=\"2024-03-08T16:01:40+00:00\" \/>\n<meta name=\"twitter:card\" content=\"summary_large_image\" \/>\n<meta name=\"twitter:label1\" content=\"Est. reading time\" \/>\n\t<meta name=\"twitter:data1\" content=\"5 minutes\" \/>\n<script type=\"application\/ld+json\" class=\"yoast-schema-graph\">{\"@context\":\"https:\/\/schema.org\",\"@graph\":[{\"@type\":\"WebPage\",\"@id\":\"https:\/\/hadocongress.com\/en\/sponsors\/clearcorrect\/\",\"url\":\"https:\/\/hadocongress.com\/en\/sponsors\/clearcorrect\/\",\"name\":\"Clearcorrect - Magyar \u00c1llcsont-ortop\u00e9diai \u00e9s Fogszab\u00e1lyoz\u00e1si T\u00e1rsas\u00e1g II. Nemzetk\u00f6zi Kongresszusa\",\"isPartOf\":{\"@id\":\"https:\/\/hadocongress.com\/#website\"},\"datePublished\":\"2022-04-21T07:47:53+00:00\",\"dateModified\":\"2024-03-08T16:01:40+00:00\",\"breadcrumb\":{\"@id\":\"https:\/\/hadocongress.com\/en\/sponsors\/clearcorrect\/#breadcrumb\"},\"inLanguage\":\"en-US\",\"potentialAction\":[{\"@type\":\"ReadAction\",\"target\":[\"https:\/\/hadocongress.com\/en\/sponsors\/clearcorrect\/\"]}]},{\"@type\":\"BreadcrumbList\",\"@id\":\"https:\/\/hadocongress.com\/en\/sponsors\/clearcorrect\/#breadcrumb\",\"itemListElement\":[{\"@type\":\"ListItem\",\"position\":1,\"name\":\"Kezd\u0151lap\",\"item\":\"https:\/\/hadocongress.com\/en\/\"},{\"@type\":\"ListItem\",\"position\":2,\"name\":\"Sponsors\",\"item\":\"https:\/\/hadocongress.com\/en\/sponsors\/\"},{\"@type\":\"ListItem\",\"position\":3,\"name\":\"Clearcorrect\"}]},{\"@type\":\"WebSite\",\"@id\":\"https:\/\/hadocongress.com\/#website\",\"url\":\"https:\/\/hadocongress.com\/\",\"name\":\"Magyar \u00c1llcsont-ortop\u00e9diai \u00e9s Fogszab\u00e1lyoz\u00e1si T\u00e1rsas\u00e1g II. Nemzetk\u00f6zi Kongresszusa\",\"description\":\"#breakthru2022\",\"publisher\":{\"@id\":\"https:\/\/hadocongress.com\/#organization\"},\"potentialAction\":[{\"@type\":\"SearchAction\",\"target\":{\"@type\":\"EntryPoint\",\"urlTemplate\":\"https:\/\/hadocongress.com\/?s={search_term_string}\"},\"query-input\":\"required name=search_term_string\"}],\"inLanguage\":\"en-US\"},{\"@type\":\"Organization\",\"@id\":\"https:\/\/hadocongress.com\/#organization\",\"name\":\"hadocongress.com\",\"url\":\"https:\/\/hadocongress.com\/\",\"sameAs\":[],\"logo\":{\"@type\":\"ImageObject\",\"inLanguage\":\"en-US\",\"@id\":\"https:\/\/hadocongress.com\/#\/schema\/logo\/image\/\",\"url\":\"https:\/\/hadocongress.com\/wp-content\/uploads\/2022\/02\/logo-default.png\",\"contentUrl\":\"https:\/\/hadocongress.com\/wp-content\/uploads\/2022\/02\/logo-default.png\",\"width\":342,\"height\":102,\"caption\":\"hadocongress.com\"},\"image\":{\"@id\":\"https:\/\/hadocongress.com\/#\/schema\/logo\/image\/\"}}]}<\/script>\n<!-- \/ Yoast SEO plugin. -->","yoast_head_json":{"title":"Clearcorrect - Magyar \u00c1llcsont-ortop\u00e9diai \u00e9s Fogszab\u00e1lyoz\u00e1si T\u00e1rsas\u00e1g II. Nemzetk\u00f6zi Kongresszusa","robots":{"index":"index","follow":"follow","max-snippet":"max-snippet:-1","max-image-preview":"max-image-preview:large","max-video-preview":"max-video-preview:-1"},"canonical":"https:\/\/hadocongress.com\/en\/sponsors\/clearcorrect\/","og_locale":"en_US","og_type":"article","og_title":"Clearcorrect - Magyar \u00c1llcsont-ortop\u00e9diai \u00e9s Fogszab\u00e1lyoz\u00e1si T\u00e1rsas\u00e1g II. Nemzetk\u00f6zi Kongresszusa","og_url":"https:\/\/hadocongress.com\/en\/sponsors\/clearcorrect\/","og_site_name":"Magyar \u00c1llcsont-ortop\u00e9diai \u00e9s Fogszab\u00e1lyoz\u00e1si T\u00e1rsas\u00e1g II. Nemzetk\u00f6zi Kongresszusa","article_modified_time":"2024-03-08T16:01:40+00:00","twitter_card":"summary_large_image","twitter_misc":{"Est. reading time":"5 minutes"},"schema":{"@context":"https:\/\/schema.org","@graph":[{"@type":"WebPage","@id":"https:\/\/hadocongress.com\/en\/sponsors\/clearcorrect\/","url":"https:\/\/hadocongress.com\/en\/sponsors\/clearcorrect\/","name":"Clearcorrect - Magyar \u00c1llcsont-ortop\u00e9diai \u00e9s Fogszab\u00e1lyoz\u00e1si T\u00e1rsas\u00e1g II. Nemzetk\u00f6zi Kongresszusa","isPartOf":{"@id":"https:\/\/hadocongress.com\/#website"},"datePublished":"2022-04-21T07:47:53+00:00","dateModified":"2024-03-08T16:01:40+00:00","breadcrumb":{"@id":"https:\/\/hadocongress.com\/en\/sponsors\/clearcorrect\/#breadcrumb"},"inLanguage":"en-US","potentialAction":[{"@type":"ReadAction","target":["https:\/\/hadocongress.com\/en\/sponsors\/clearcorrect\/"]}]},{"@type":"BreadcrumbList","@id":"https:\/\/hadocongress.com\/en\/sponsors\/clearcorrect\/#breadcrumb","itemListElement":[{"@type":"ListItem","position":1,"name":"Kezd\u0151lap","item":"https:\/\/hadocongress.com\/en\/"},{"@type":"ListItem","position":2,"name":"Sponsors","item":"https:\/\/hadocongress.com\/en\/sponsors\/"},{"@type":"ListItem","position":3,"name":"Clearcorrect"}]},{"@type":"WebSite","@id":"https:\/\/hadocongress.com\/#website","url":"https:\/\/hadocongress.com\/","name":"Magyar \u00c1llcsont-ortop\u00e9diai \u00e9s Fogszab\u00e1lyoz\u00e1si T\u00e1rsas\u00e1g II. Nemzetk\u00f6zi Kongresszusa","description":"#breakthru2022","publisher":{"@id":"https:\/\/hadocongress.com\/#organization"},"potentialAction":[{"@type":"SearchAction","target":{"@type":"EntryPoint","urlTemplate":"https:\/\/hadocongress.com\/?s={search_term_string}"},"query-input":"required name=search_term_string"}],"inLanguage":"en-US"},{"@type":"Organization","@id":"https:\/\/hadocongress.com\/#organization","name":"hadocongress.com","url":"https:\/\/hadocongress.com\/","sameAs":[],"logo":{"@type":"ImageObject","inLanguage":"en-US","@id":"https:\/\/hadocongress.com\/#\/schema\/logo\/image\/","url":"https:\/\/hadocongress.com\/wp-content\/uploads\/2022\/02\/logo-default.png","contentUrl":"https:\/\/hadocongress.com\/wp-content\/uploads\/2022\/02\/logo-default.png","width":342,"height":102,"caption":"hadocongress.com"},"image":{"@id":"https:\/\/hadocongress.com\/#\/schema\/logo\/image\/"}}]}},"_links":{"self":[{"href":"https:\/\/hadocongress.com\/en\/wp-json\/wp\/v2\/pages\/6052"}],"collection":[{"href":"https:\/\/hadocongress.com\/en\/wp-json\/wp\/v2\/pages"}],"about":[{"href":"https:\/\/hadocongress.com\/en\/wp-json\/wp\/v2\/types\/page"}],"author":[{"embeddable":true,"href":"https:\/\/hadocongress.com\/en\/wp-json\/wp\/v2\/users\/1"}],"replies":[{"embeddable":true,"href":"https:\/\/hadocongress.com\/en\/wp-json\/wp\/v2\/comments?post=6052"}],"version-history":[{"count":1,"href":"https:\/\/hadocongress.com\/en\/wp-json\/wp\/v2\/pages\/6052\/revisions"}],"predecessor-version":[{"id":6053,"href":"https:\/\/hadocongress.com\/en\/wp-json\/wp\/v2\/pages\/6052\/revisions\/6053"}],"up":[{"embeddable":true,"href":"https:\/\/hadocongress.com\/en\/wp-json\/wp\/v2\/pages\/5737"}],"wp:attachment":[{"href":"https:\/\/hadocongress.com\/en\/wp-json\/wp\/v2\/media?parent=6052"}],"curies":[{"name":"wp","href":"https:\/\/api.w.org\/{rel}","templated":true}]}}