{"id":5928,"date":"2024-03-07T07:36:46","date_gmt":"2024-03-07T07:36:46","guid":{"rendered":"https:\/\/hadocongress.com\/?page_id=5928"},"modified":"2024-03-07T07:38:04","modified_gmt":"2024-03-07T07:38:04","slug":"ormco","status":"publish","type":"page","link":"https:\/\/hadocongress.com\/en\/sponsors\/ormco\/","title":{"rendered":"Ormco"},"content":{"rendered":"<div class=\"fusion-fullwidth fullwidth-box fusion-builder-row-1 fusion-flex-container nonhundred-percent-fullwidth non-hundred-percent-height-scrolling\" style=\"background-color: rgba(255,255,255,0);background-position: center center;background-repeat: no-repeat;border-width: 0px 0px 0px 0px;border-color:var(--awb-color3);border-style:solid;\" ><div class=\"fusion-builder-row fusion-row fusion-flex-align-items-flex-start fusion-flex-justify-content-center\" style=\"max-width:1310.4px;margin-left: calc(-4% \/ 2 );margin-right: calc(-4% \/ 2 );\"><div class=\"fusion-layout-column fusion_builder_column fusion-builder-column-0 fusion_builder_column_3_4 3_4 fusion-flex-column\"><div class=\"fusion-column-wrapper fusion-flex-justify-content-flex-start fusion-content-layout-column\" style=\"background-position:left top;background-repeat:no-repeat;-webkit-background-size:cover;-moz-background-size:cover;-o-background-size:cover;background-size:cover;padding: 0px 0px 0px 0px;\"><div class=\"fusion-text fusion-text-1\"><p>Ormco is the innovative partner orthodontic specialists trust to drive the future of orthodontics.\u00a0A future where orthodontists have greater clinical freedom to treat patients &amp; grow practices their way. A future made possible by Ormco\u2019s continuous investment in high-quality, doctor-inspired innovations for all orthodontic needs. A future back by over 60 years of shared journeys of discovery and dedication to the art of Orthodontics. A future led by diverse, passionate professionals.<br \/>\nA future of promise that is shared by all.<\/p>\n<p>About brand:<\/p>\n<p>Spark\u2122\u00a0Clear Aligner System Designed For The Needs Of Orthodontists<\/p>\n<p>Spark is an advanced clear aligner system designed for more predictable &amp; efficient treatment planning from start-to-finish<\/p>\n<ol>\n<li>The latest innovations in aligner material and digital orthodontics<\/li>\n<li>Greater start-to-finish control and flexibility<\/li>\n<li>More predictable and efficient treatment planning*<\/li>\n<li>100% Patient Reccommended<sup>1<\/sup><\/li>\n<\/ol>\n<p><u>Information:<\/u><\/p>\n<p>Peth\u0151 Csilla<\/p>\n<p><span style=\"color: #0000ff;\"><a style=\"color: #0000ff;\" href=\"mailto:csilla.petho@envistaco.com\">csilla.petho@envistaco.com<\/a><\/span><br \/>\n+36 20\u00a0314 5958<br \/>\n<span style=\"color: #0000ff;\"><a style=\"color: #0000ff;\" href=\"http:\/\/www.ormco.eu\">www.ormco.eu<\/a><\/span><\/p>\n<\/div><\/div><style type=\"text\/css\">.fusion-body .fusion-builder-column-0{width:75% !important;margin-top : 20px;margin-bottom : 20px;}.fusion-builder-column-0 > .fusion-column-wrapper {padding-top : 0px !important;padding-right : 0px !important;margin-right : 2.56%;padding-bottom : 0px !important;padding-left : 0px !important;margin-left : 2.56%;}@media only screen and (max-width:1200px) {.fusion-body .fusion-builder-column-0{width:75% !important;order : 0;}.fusion-builder-column-0 > .fusion-column-wrapper {margin-right : 2.56%;margin-left : 2.56%;}}@media only screen and (max-width:640px) {.fusion-body .fusion-builder-column-0{width:100% !important;order : 0;}.fusion-builder-column-0 > .fusion-column-wrapper {margin-right : 1.92%;margin-left : 1.92%;}}<\/style><\/div><\/div><style type=\"text\/css\">.fusion-body .fusion-flex-container.fusion-builder-row-1{ padding-top : 0px;margin-top : 0px;padding-right : 0px;padding-bottom : 0px;margin-bottom : 0px;padding-left : 0px;}<\/style><\/div>\n","protected":false},"excerpt":{"rendered":"","protected":false},"author":1,"featured_media":0,"parent":5737,"menu_order":0,"comment_status":"closed","ping_status":"closed","template":"","meta":{"footnotes":""},"yoast_head":"<!-- This site is optimized with the Yoast SEO plugin v19.6.1 - https:\/\/yoast.com\/wordpress\/plugins\/seo\/ -->\n<title>Ormco - Magyar \u00c1llcsont-ortop\u00e9diai \u00e9s Fogszab\u00e1lyoz\u00e1si T\u00e1rsas\u00e1g II. Nemzetk\u00f6zi Kongresszusa<\/title>\n<meta name=\"robots\" content=\"index, follow, max-snippet:-1, max-image-preview:large, max-video-preview:-1\" \/>\n<link rel=\"canonical\" href=\"https:\/\/hadocongress.com\/en\/sponsors\/ormco\/\" \/>\n<meta property=\"og:locale\" content=\"en_US\" \/>\n<meta property=\"og:type\" content=\"article\" \/>\n<meta property=\"og:title\" content=\"Ormco - Magyar \u00c1llcsont-ortop\u00e9diai \u00e9s Fogszab\u00e1lyoz\u00e1si T\u00e1rsas\u00e1g II. Nemzetk\u00f6zi Kongresszusa\" \/>\n<meta property=\"og:url\" content=\"https:\/\/hadocongress.com\/en\/sponsors\/ormco\/\" \/>\n<meta property=\"og:site_name\" content=\"Magyar \u00c1llcsont-ortop\u00e9diai \u00e9s Fogszab\u00e1lyoz\u00e1si T\u00e1rsas\u00e1g II. Nemzetk\u00f6zi Kongresszusa\" \/>\n<meta property=\"article:modified_time\" content=\"2024-03-07T07:38:04+00:00\" \/>\n<meta name=\"twitter:card\" content=\"summary_large_image\" \/>\n<meta name=\"twitter:label1\" content=\"Est. reading time\" \/>\n\t<meta name=\"twitter:data1\" content=\"4 minutes\" \/>\n<script type=\"application\/ld+json\" class=\"yoast-schema-graph\">{\"@context\":\"https:\/\/schema.org\",\"@graph\":[{\"@type\":\"WebPage\",\"@id\":\"https:\/\/hadocongress.com\/en\/sponsors\/ormco\/\",\"url\":\"https:\/\/hadocongress.com\/en\/sponsors\/ormco\/\",\"name\":\"Ormco - Magyar \u00c1llcsont-ortop\u00e9diai \u00e9s Fogszab\u00e1lyoz\u00e1si T\u00e1rsas\u00e1g II. Nemzetk\u00f6zi Kongresszusa\",\"isPartOf\":{\"@id\":\"https:\/\/hadocongress.com\/#website\"},\"datePublished\":\"2024-03-07T07:36:46+00:00\",\"dateModified\":\"2024-03-07T07:38:04+00:00\",\"breadcrumb\":{\"@id\":\"https:\/\/hadocongress.com\/en\/sponsors\/ormco\/#breadcrumb\"},\"inLanguage\":\"en-US\",\"potentialAction\":[{\"@type\":\"ReadAction\",\"target\":[\"https:\/\/hadocongress.com\/en\/sponsors\/ormco\/\"]}]},{\"@type\":\"BreadcrumbList\",\"@id\":\"https:\/\/hadocongress.com\/en\/sponsors\/ormco\/#breadcrumb\",\"itemListElement\":[{\"@type\":\"ListItem\",\"position\":1,\"name\":\"Kezd\u0151lap\",\"item\":\"https:\/\/hadocongress.com\/en\/\"},{\"@type\":\"ListItem\",\"position\":2,\"name\":\"Sponsors\",\"item\":\"https:\/\/hadocongress.com\/en\/sponsors\/\"},{\"@type\":\"ListItem\",\"position\":3,\"name\":\"Ormco\"}]},{\"@type\":\"WebSite\",\"@id\":\"https:\/\/hadocongress.com\/#website\",\"url\":\"https:\/\/hadocongress.com\/\",\"name\":\"Magyar \u00c1llcsont-ortop\u00e9diai \u00e9s Fogszab\u00e1lyoz\u00e1si T\u00e1rsas\u00e1g II. Nemzetk\u00f6zi Kongresszusa\",\"description\":\"#breakthru2022\",\"publisher\":{\"@id\":\"https:\/\/hadocongress.com\/#organization\"},\"potentialAction\":[{\"@type\":\"SearchAction\",\"target\":{\"@type\":\"EntryPoint\",\"urlTemplate\":\"https:\/\/hadocongress.com\/?s={search_term_string}\"},\"query-input\":\"required name=search_term_string\"}],\"inLanguage\":\"en-US\"},{\"@type\":\"Organization\",\"@id\":\"https:\/\/hadocongress.com\/#organization\",\"name\":\"hadocongress.com\",\"url\":\"https:\/\/hadocongress.com\/\",\"sameAs\":[],\"logo\":{\"@type\":\"ImageObject\",\"inLanguage\":\"en-US\",\"@id\":\"https:\/\/hadocongress.com\/#\/schema\/logo\/image\/\",\"url\":\"https:\/\/hadocongress.com\/wp-content\/uploads\/2022\/02\/logo-default.png\",\"contentUrl\":\"https:\/\/hadocongress.com\/wp-content\/uploads\/2022\/02\/logo-default.png\",\"width\":342,\"height\":102,\"caption\":\"hadocongress.com\"},\"image\":{\"@id\":\"https:\/\/hadocongress.com\/#\/schema\/logo\/image\/\"}}]}<\/script>\n<!-- \/ Yoast SEO plugin. -->","yoast_head_json":{"title":"Ormco - Magyar \u00c1llcsont-ortop\u00e9diai \u00e9s Fogszab\u00e1lyoz\u00e1si T\u00e1rsas\u00e1g II. Nemzetk\u00f6zi Kongresszusa","robots":{"index":"index","follow":"follow","max-snippet":"max-snippet:-1","max-image-preview":"max-image-preview:large","max-video-preview":"max-video-preview:-1"},"canonical":"https:\/\/hadocongress.com\/en\/sponsors\/ormco\/","og_locale":"en_US","og_type":"article","og_title":"Ormco - Magyar \u00c1llcsont-ortop\u00e9diai \u00e9s Fogszab\u00e1lyoz\u00e1si T\u00e1rsas\u00e1g II. Nemzetk\u00f6zi Kongresszusa","og_url":"https:\/\/hadocongress.com\/en\/sponsors\/ormco\/","og_site_name":"Magyar \u00c1llcsont-ortop\u00e9diai \u00e9s Fogszab\u00e1lyoz\u00e1si T\u00e1rsas\u00e1g II. Nemzetk\u00f6zi Kongresszusa","article_modified_time":"2024-03-07T07:38:04+00:00","twitter_card":"summary_large_image","twitter_misc":{"Est. reading time":"4 minutes"},"schema":{"@context":"https:\/\/schema.org","@graph":[{"@type":"WebPage","@id":"https:\/\/hadocongress.com\/en\/sponsors\/ormco\/","url":"https:\/\/hadocongress.com\/en\/sponsors\/ormco\/","name":"Ormco - Magyar \u00c1llcsont-ortop\u00e9diai \u00e9s Fogszab\u00e1lyoz\u00e1si T\u00e1rsas\u00e1g II. Nemzetk\u00f6zi Kongresszusa","isPartOf":{"@id":"https:\/\/hadocongress.com\/#website"},"datePublished":"2024-03-07T07:36:46+00:00","dateModified":"2024-03-07T07:38:04+00:00","breadcrumb":{"@id":"https:\/\/hadocongress.com\/en\/sponsors\/ormco\/#breadcrumb"},"inLanguage":"en-US","potentialAction":[{"@type":"ReadAction","target":["https:\/\/hadocongress.com\/en\/sponsors\/ormco\/"]}]},{"@type":"BreadcrumbList","@id":"https:\/\/hadocongress.com\/en\/sponsors\/ormco\/#breadcrumb","itemListElement":[{"@type":"ListItem","position":1,"name":"Kezd\u0151lap","item":"https:\/\/hadocongress.com\/en\/"},{"@type":"ListItem","position":2,"name":"Sponsors","item":"https:\/\/hadocongress.com\/en\/sponsors\/"},{"@type":"ListItem","position":3,"name":"Ormco"}]},{"@type":"WebSite","@id":"https:\/\/hadocongress.com\/#website","url":"https:\/\/hadocongress.com\/","name":"Magyar \u00c1llcsont-ortop\u00e9diai \u00e9s Fogszab\u00e1lyoz\u00e1si T\u00e1rsas\u00e1g II. Nemzetk\u00f6zi Kongresszusa","description":"#breakthru2022","publisher":{"@id":"https:\/\/hadocongress.com\/#organization"},"potentialAction":[{"@type":"SearchAction","target":{"@type":"EntryPoint","urlTemplate":"https:\/\/hadocongress.com\/?s={search_term_string}"},"query-input":"required name=search_term_string"}],"inLanguage":"en-US"},{"@type":"Organization","@id":"https:\/\/hadocongress.com\/#organization","name":"hadocongress.com","url":"https:\/\/hadocongress.com\/","sameAs":[],"logo":{"@type":"ImageObject","inLanguage":"en-US","@id":"https:\/\/hadocongress.com\/#\/schema\/logo\/image\/","url":"https:\/\/hadocongress.com\/wp-content\/uploads\/2022\/02\/logo-default.png","contentUrl":"https:\/\/hadocongress.com\/wp-content\/uploads\/2022\/02\/logo-default.png","width":342,"height":102,"caption":"hadocongress.com"},"image":{"@id":"https:\/\/hadocongress.com\/#\/schema\/logo\/image\/"}}]}},"_links":{"self":[{"href":"https:\/\/hadocongress.com\/en\/wp-json\/wp\/v2\/pages\/5928"}],"collection":[{"href":"https:\/\/hadocongress.com\/en\/wp-json\/wp\/v2\/pages"}],"about":[{"href":"https:\/\/hadocongress.com\/en\/wp-json\/wp\/v2\/types\/page"}],"author":[{"embeddable":true,"href":"https:\/\/hadocongress.com\/en\/wp-json\/wp\/v2\/users\/1"}],"replies":[{"embeddable":true,"href":"https:\/\/hadocongress.com\/en\/wp-json\/wp\/v2\/comments?post=5928"}],"version-history":[{"count":2,"href":"https:\/\/hadocongress.com\/en\/wp-json\/wp\/v2\/pages\/5928\/revisions"}],"predecessor-version":[{"id":5930,"href":"https:\/\/hadocongress.com\/en\/wp-json\/wp\/v2\/pages\/5928\/revisions\/5930"}],"up":[{"embeddable":true,"href":"https:\/\/hadocongress.com\/en\/wp-json\/wp\/v2\/pages\/5737"}],"wp:attachment":[{"href":"https:\/\/hadocongress.com\/en\/wp-json\/wp\/v2\/media?parent=5928"}],"curies":[{"name":"wp","href":"https:\/\/api.w.org\/{rel}","templated":true}]}}