{"id":3060,"date":"2022-04-21T09:03:01","date_gmt":"2022-04-21T09:03:01","guid":{"rendered":"https:\/\/hadocongress.com\/2023\/?page_id=3060"},"modified":"2023-08-15T07:59:50","modified_gmt":"2023-08-15T07:59:50","slug":"jammertal","status":"publish","type":"page","link":"https:\/\/hadocongress.com\/2023\/szponzorok\/jammertal\/","title":{"rendered":"Jammertal"},"content":{"rendered":"<div class=\"fusion-fullwidth fullwidth-box fusion-builder-row-1 fusion-flex-container nonhundred-percent-fullwidth non-hundred-percent-height-scrolling\" style=\"background-color: rgba(255,255,255,0);background-position: center center;background-repeat: no-repeat;border-width: 0px 0px 0px 0px;border-color:var(--awb-color3);border-style:solid;\" ><div class=\"fusion-builder-row fusion-row fusion-flex-align-items-flex-start fusion-flex-justify-content-center\" style=\"max-width:1310.4px;margin-left: calc(-4% \/ 2 );margin-right: calc(-4% \/ 2 );\"><div class=\"fusion-layout-column fusion_builder_column fusion-builder-column-0 fusion_builder_column_3_4 3_4 fusion-flex-column\"><div class=\"fusion-column-wrapper fusion-flex-justify-content-flex-start fusion-content-layout-column\" style=\"background-position:left top;background-repeat:no-repeat;-webkit-background-size:cover;-moz-background-size:cover;-o-background-size:cover;background-size:cover;padding: 0px 0px 0px 0px;\"><div style=\"text-align:center;\"><span class=\" fusion-imageframe imageframe-none imageframe-1 hover-type-none\" style=\"border-radius:12px;\"><img decoding=\"async\" width=\"300\" height=\"110\" title=\"jammertal-logo\" src=\"https:\/\/hadocongress.com\/2023\/wp-content\/uploads\/2023\/08\/jammertal-logo.png\" data-orig-src=\"https:\/\/hadocongress.com\/2023\/wp-content\/uploads\/2023\/08\/jammertal-logo-300x110.png\" alt class=\"lazyload img-responsive wp-image-4253\" srcset=\"data:image\/svg+xml,%3Csvg%20xmlns%3D%27http%3A%2F%2Fwww.w3.org%2F2000%2Fsvg%27%20width%3D%27600%27%20height%3D%27220%27%20viewBox%3D%270%200%20600%20220%27%3E%3Crect%20width%3D%27600%27%20height%3D%27220%27%20fill-opacity%3D%220%22%2F%3E%3C%2Fsvg%3E\" data-srcset=\"https:\/\/hadocongress.com\/2023\/wp-content\/uploads\/2023\/08\/jammertal-logo-200x73.png 200w, https:\/\/hadocongress.com\/2023\/wp-content\/uploads\/2023\/08\/jammertal-logo-400x147.png 400w, https:\/\/hadocongress.com\/2023\/wp-content\/uploads\/2023\/08\/jammertal-logo.png 600w\" data-sizes=\"auto\" data-orig-sizes=\"(max-width: 640px) 100vw, 300px\" \/><\/span><\/div><\/div><style type=\"text\/css\">.fusion-body .fusion-builder-column-0{width:75% !important;margin-top : 20px;margin-bottom : 20px;}.fusion-builder-column-0 > .fusion-column-wrapper {padding-top : 0px !important;padding-right : 0px !important;margin-right : 2.56%;padding-bottom : 0px !important;padding-left : 0px !important;margin-left : 2.56%;}@media only screen and (max-width:1200px) {.fusion-body .fusion-builder-column-0{width:75% !important;order : 0;}.fusion-builder-column-0 > .fusion-column-wrapper {margin-right : 2.56%;margin-left : 2.56%;}}@media only screen and (max-width:640px) {.fusion-body .fusion-builder-column-0{width:100% !important;order : 0;}.fusion-builder-column-0 > .fusion-column-wrapper {margin-right : 1.92%;margin-left : 1.92%;}}<\/style><\/div><div class=\"fusion-layout-column fusion_builder_column fusion-builder-column-1 fusion_builder_column_3_4 3_4 fusion-flex-column\"><div class=\"fusion-column-wrapper fusion-flex-justify-content-flex-start fusion-content-layout-column\" style=\"background-position:left top;background-repeat:no-repeat;-webkit-background-size:cover;-moz-background-size:cover;-o-background-size:cover;background-size:cover;padding: 0px 0px 0px 0px;\"><style type=\"text\/css\">@media only screen and (max-width:1200px) {.fusion-title.fusion-title-1{margin-top:10px!important; margin-right:0px!important;margin-bottom:20px!important;margin-left:0px!important;}}@media only screen and (max-width:640px) {.fusion-title.fusion-title-1{margin-top:10px!important; margin-right:0px!important;margin-bottom:20px!important; margin-left:0px!important;}}<\/style><div class=\"fusion-title title fusion-title-1 fusion-sep-none fusion-title-center fusion-title-text fusion-title-size-three\" style=\"margin-top:10px;margin-right:0px;margin-bottom:20px;margin-left:0px;\"><h3 class=\"title-heading-center fusion-responsive-typography-calculated\" style=\"margin:0;--fontSize:36;line-height:1.3;\">JAMMERTAL<\/h3><\/div><div class=\"fusion-text fusion-text-1\" style=\"text-transform:none;\"><p>A Jammertal Borbirtok ( JBB ) vitathatatlanul Magyarorsz\u00e1g legsikeresebb v\u00f6r\u00f6sbor birtoka.<\/p>\n<p>Az \u00e9v egyik legrangosabb borverseny\u00e9n, a Concours Mondial de Bruxelles 2021\u2013 en a birtok Cassiopeia Merlot 2015 t\u00e9tele a vil\u00e1g \u00f6sszes jelent\u0151s borvid\u00e9k\u00e9r\u0151l benevezett mintegy h\u00e9t \u00e9s f\u00e9lezer v\u00f6r\u00f6sbor k\u00f6z\u00fcl hivatalosan a legmagasabb pontsz\u00e1mot \u00e9rte el. Ezzel elnyerte a Grand Gold Medal Revelation Red Wine Award d\u00edjat. Hasonl\u00f3 eredm\u00e9nyt magyar v\u00f6r\u00f6sbor m\u00e9g soha nem \u00e9rt el.<\/p>\n<p>A JBB ( Alap\u00edtva: 2001 ) a Vill\u00e1nyi borvid\u00e9ken \u00a0Nagy Zsolt sz\u0151l\u00e9szeti vezet\u0151 \u00e1ltal fel\u00fcgyelt 85 hekt\u00e1r kiemelked\u0151 adotts\u00e1g\u00fa sz\u0151l\u0151\u00fcltetv\u00e9nyr\u0151l sz\u00fcretel els\u0151sorban cabernet \u00e9s merlot fajt\u00e1kat. A XXI. sz\u00e1zad legmagasabb min\u0151s\u00e9gi k\u00f6vetelm\u00e9nyeinek megfelel\u0151 bor\u00e1szat\u00e1t K\u00f6vesdi Zs\u00f3fia vezeti.<\/p>\n<p>A JBB \u00f6sszes pr\u00e9mium m\u00e1rk\u00e1ja, a Cassiopeia, az Ars Poetica \u00e9s a Koh \u2013 I \u2013 Noor nemzetk\u00f6zileg is ismert \u00e9s elismert, hiszen t\u00f6bb mint 40 arany- \u00e9s nagyarany\u00e9rmet nyertek a vil\u00e1g vezet\u0151 borversenyein.<\/p>\n<p><a href=\"https:\/\/jbb.hu\/\">https:\/\/jbb.hu\/<\/a><\/p>\n<\/div><\/div><style type=\"text\/css\">.fusion-body .fusion-builder-column-1{width:75% !important;margin-top : 20px;margin-bottom : 20px;}.fusion-builder-column-1 > .fusion-column-wrapper {padding-top : 0px !important;padding-right : 0px !important;margin-right : 2.56%;padding-bottom : 0px !important;padding-left : 0px !important;margin-left : 2.56%;}@media only screen and (max-width:1200px) {.fusion-body .fusion-builder-column-1{width:75% !important;order : 0;}.fusion-builder-column-1 > .fusion-column-wrapper {margin-right : 2.56%;margin-left : 2.56%;}}@media only screen and (max-width:640px) {.fusion-body .fusion-builder-column-1{width:100% !important;order : 0;}.fusion-builder-column-1 > .fusion-column-wrapper {margin-right : 1.92%;margin-left : 1.92%;}}<\/style><\/div><\/div><style type=\"text\/css\">.fusion-body .fusion-flex-container.fusion-builder-row-1{ padding-top : 0px;margin-top : 0px;padding-right : 0px;padding-bottom : 0px;margin-bottom : 0px;padding-left : 0px;}<\/style><\/div>\n","protected":false},"excerpt":{"rendered":"","protected":false},"author":1,"featured_media":0,"parent":1099,"menu_order":0,"comment_status":"closed","ping_status":"closed","template":"100-width.php","meta":{"footnotes":""},"yoast_head":"<!-- This site is optimized with the Yoast SEO plugin v19.6.1 - https:\/\/yoast.com\/wordpress\/plugins\/seo\/ -->\n<title>Jammertal - Magyar \u00c1llcsont-ortop\u00e9diai \u00e9s Fogszab\u00e1lyoz\u00e1si T\u00e1rsas\u00e1g I. Nemzetk\u00f6zi Kongresszusa<\/title>\n<meta name=\"robots\" content=\"index, follow, max-snippet:-1, max-image-preview:large, max-video-preview:-1\" \/>\n<link rel=\"canonical\" href=\"https:\/\/hadocongress.com\/2023\/szponzorok\/jammertal\/\" \/>\n<meta property=\"og:locale\" content=\"hu_HU\" \/>\n<meta property=\"og:type\" content=\"article\" \/>\n<meta property=\"og:title\" content=\"Jammertal - Magyar \u00c1llcsont-ortop\u00e9diai \u00e9s Fogszab\u00e1lyoz\u00e1si T\u00e1rsas\u00e1g I. Nemzetk\u00f6zi Kongresszusa\" \/>\n<meta property=\"og:url\" content=\"https:\/\/hadocongress.com\/2023\/szponzorok\/jammertal\/\" \/>\n<meta property=\"og:site_name\" content=\"Magyar \u00c1llcsont-ortop\u00e9diai \u00e9s Fogszab\u00e1lyoz\u00e1si T\u00e1rsas\u00e1g I. Nemzetk\u00f6zi Kongresszusa\" \/>\n<meta property=\"article:modified_time\" content=\"2023-08-15T07:59:50+00:00\" \/>\n<meta name=\"twitter:card\" content=\"summary_large_image\" \/>\n<meta name=\"twitter:label1\" content=\"Becs\u00fclt olvas\u00e1si id\u0151\" \/>\n\t<meta name=\"twitter:data1\" content=\"7 perc\" \/>\n<script type=\"application\/ld+json\" class=\"yoast-schema-graph\">{\"@context\":\"https:\/\/schema.org\",\"@graph\":[{\"@type\":\"WebPage\",\"@id\":\"https:\/\/hadocongress.com\/2023\/szponzorok\/jammertal\/\",\"url\":\"https:\/\/hadocongress.com\/2023\/szponzorok\/jammertal\/\",\"name\":\"Jammertal - Magyar \u00c1llcsont-ortop\u00e9diai \u00e9s Fogszab\u00e1lyoz\u00e1si T\u00e1rsas\u00e1g I. Nemzetk\u00f6zi Kongresszusa\",\"isPartOf\":{\"@id\":\"https:\/\/hadocongress.com\/2023\/#website\"},\"datePublished\":\"2022-04-21T09:03:01+00:00\",\"dateModified\":\"2023-08-15T07:59:50+00:00\",\"breadcrumb\":{\"@id\":\"https:\/\/hadocongress.com\/2023\/szponzorok\/jammertal\/#breadcrumb\"},\"inLanguage\":\"hu\",\"potentialAction\":[{\"@type\":\"ReadAction\",\"target\":[\"https:\/\/hadocongress.com\/2023\/szponzorok\/jammertal\/\"]}]},{\"@type\":\"BreadcrumbList\",\"@id\":\"https:\/\/hadocongress.com\/2023\/szponzorok\/jammertal\/#breadcrumb\",\"itemListElement\":[{\"@type\":\"ListItem\",\"position\":1,\"name\":\"Kezd\u0151lap\",\"item\":\"https:\/\/hadocongress.com\/2023\/\"},{\"@type\":\"ListItem\",\"position\":2,\"name\":\"Szponzorok\",\"item\":\"https:\/\/hadocongress.com\/2023\/szponzorok\/\"},{\"@type\":\"ListItem\",\"position\":3,\"name\":\"Jammertal\"}]},{\"@type\":\"WebSite\",\"@id\":\"https:\/\/hadocongress.com\/2023\/#website\",\"url\":\"https:\/\/hadocongress.com\/2023\/\",\"name\":\"Magyar \u00c1llcsont-ortop\u00e9diai \u00e9s Fogszab\u00e1lyoz\u00e1si T\u00e1rsas\u00e1g I. Nemzetk\u00f6zi Kongresszusa\",\"description\":\"#breakthru2022\",\"publisher\":{\"@id\":\"https:\/\/hadocongress.com\/2023\/#organization\"},\"potentialAction\":[{\"@type\":\"SearchAction\",\"target\":{\"@type\":\"EntryPoint\",\"urlTemplate\":\"https:\/\/hadocongress.com\/2023\/?s={search_term_string}\"},\"query-input\":\"required name=search_term_string\"}],\"inLanguage\":\"hu\"},{\"@type\":\"Organization\",\"@id\":\"https:\/\/hadocongress.com\/2023\/#organization\",\"name\":\"hadocongress.com\",\"url\":\"https:\/\/hadocongress.com\/2023\/\",\"sameAs\":[],\"logo\":{\"@type\":\"ImageObject\",\"inLanguage\":\"hu\",\"@id\":\"https:\/\/hadocongress.com\/2023\/#\/schema\/logo\/image\/\",\"url\":\"https:\/\/hadocongress.com\/2023\/wp-content\/uploads\/2022\/02\/logo-default.png\",\"contentUrl\":\"https:\/\/hadocongress.com\/2023\/wp-content\/uploads\/2022\/02\/logo-default.png\",\"width\":342,\"height\":102,\"caption\":\"hadocongress.com\"},\"image\":{\"@id\":\"https:\/\/hadocongress.com\/2023\/#\/schema\/logo\/image\/\"}}]}<\/script>\n<!-- \/ Yoast SEO plugin. -->","yoast_head_json":{"title":"Jammertal - Magyar \u00c1llcsont-ortop\u00e9diai \u00e9s Fogszab\u00e1lyoz\u00e1si T\u00e1rsas\u00e1g I. Nemzetk\u00f6zi Kongresszusa","robots":{"index":"index","follow":"follow","max-snippet":"max-snippet:-1","max-image-preview":"max-image-preview:large","max-video-preview":"max-video-preview:-1"},"canonical":"https:\/\/hadocongress.com\/2023\/szponzorok\/jammertal\/","og_locale":"hu_HU","og_type":"article","og_title":"Jammertal - Magyar \u00c1llcsont-ortop\u00e9diai \u00e9s Fogszab\u00e1lyoz\u00e1si T\u00e1rsas\u00e1g I. Nemzetk\u00f6zi Kongresszusa","og_url":"https:\/\/hadocongress.com\/2023\/szponzorok\/jammertal\/","og_site_name":"Magyar \u00c1llcsont-ortop\u00e9diai \u00e9s Fogszab\u00e1lyoz\u00e1si T\u00e1rsas\u00e1g I. Nemzetk\u00f6zi Kongresszusa","article_modified_time":"2023-08-15T07:59:50+00:00","twitter_card":"summary_large_image","twitter_misc":{"Becs\u00fclt olvas\u00e1si id\u0151":"7 perc"},"schema":{"@context":"https:\/\/schema.org","@graph":[{"@type":"WebPage","@id":"https:\/\/hadocongress.com\/2023\/szponzorok\/jammertal\/","url":"https:\/\/hadocongress.com\/2023\/szponzorok\/jammertal\/","name":"Jammertal - Magyar \u00c1llcsont-ortop\u00e9diai \u00e9s Fogszab\u00e1lyoz\u00e1si T\u00e1rsas\u00e1g I. Nemzetk\u00f6zi Kongresszusa","isPartOf":{"@id":"https:\/\/hadocongress.com\/2023\/#website"},"datePublished":"2022-04-21T09:03:01+00:00","dateModified":"2023-08-15T07:59:50+00:00","breadcrumb":{"@id":"https:\/\/hadocongress.com\/2023\/szponzorok\/jammertal\/#breadcrumb"},"inLanguage":"hu","potentialAction":[{"@type":"ReadAction","target":["https:\/\/hadocongress.com\/2023\/szponzorok\/jammertal\/"]}]},{"@type":"BreadcrumbList","@id":"https:\/\/hadocongress.com\/2023\/szponzorok\/jammertal\/#breadcrumb","itemListElement":[{"@type":"ListItem","position":1,"name":"Kezd\u0151lap","item":"https:\/\/hadocongress.com\/2023\/"},{"@type":"ListItem","position":2,"name":"Szponzorok","item":"https:\/\/hadocongress.com\/2023\/szponzorok\/"},{"@type":"ListItem","position":3,"name":"Jammertal"}]},{"@type":"WebSite","@id":"https:\/\/hadocongress.com\/2023\/#website","url":"https:\/\/hadocongress.com\/2023\/","name":"Magyar \u00c1llcsont-ortop\u00e9diai \u00e9s Fogszab\u00e1lyoz\u00e1si T\u00e1rsas\u00e1g I. Nemzetk\u00f6zi Kongresszusa","description":"#breakthru2022","publisher":{"@id":"https:\/\/hadocongress.com\/2023\/#organization"},"potentialAction":[{"@type":"SearchAction","target":{"@type":"EntryPoint","urlTemplate":"https:\/\/hadocongress.com\/2023\/?s={search_term_string}"},"query-input":"required name=search_term_string"}],"inLanguage":"hu"},{"@type":"Organization","@id":"https:\/\/hadocongress.com\/2023\/#organization","name":"hadocongress.com","url":"https:\/\/hadocongress.com\/2023\/","sameAs":[],"logo":{"@type":"ImageObject","inLanguage":"hu","@id":"https:\/\/hadocongress.com\/2023\/#\/schema\/logo\/image\/","url":"https:\/\/hadocongress.com\/2023\/wp-content\/uploads\/2022\/02\/logo-default.png","contentUrl":"https:\/\/hadocongress.com\/2023\/wp-content\/uploads\/2022\/02\/logo-default.png","width":342,"height":102,"caption":"hadocongress.com"},"image":{"@id":"https:\/\/hadocongress.com\/2023\/#\/schema\/logo\/image\/"}}]}},"_links":{"self":[{"href":"https:\/\/hadocongress.com\/2023\/wp-json\/wp\/v2\/pages\/3060"}],"collection":[{"href":"https:\/\/hadocongress.com\/2023\/wp-json\/wp\/v2\/pages"}],"about":[{"href":"https:\/\/hadocongress.com\/2023\/wp-json\/wp\/v2\/types\/page"}],"author":[{"embeddable":true,"href":"https:\/\/hadocongress.com\/2023\/wp-json\/wp\/v2\/users\/1"}],"replies":[{"embeddable":true,"href":"https:\/\/hadocongress.com\/2023\/wp-json\/wp\/v2\/comments?post=3060"}],"version-history":[{"count":3,"href":"https:\/\/hadocongress.com\/2023\/wp-json\/wp\/v2\/pages\/3060\/revisions"}],"predecessor-version":[{"id":4264,"href":"https:\/\/hadocongress.com\/2023\/wp-json\/wp\/v2\/pages\/3060\/revisions\/4264"}],"up":[{"embeddable":true,"href":"https:\/\/hadocongress.com\/2023\/wp-json\/wp\/v2\/pages\/1099"}],"wp:attachment":[{"href":"https:\/\/hadocongress.com\/2023\/wp-json\/wp\/v2\/media?parent=3060"}],"curies":[{"name":"wp","href":"https:\/\/api.w.org\/{rel}","templated":true}]}}