{"id":3028,"date":"2022-04-21T08:41:19","date_gmt":"2022-04-21T08:41:19","guid":{"rendered":"https:\/\/hadocongress.com\/2023\/?page_id=3028"},"modified":"2023-08-15T07:55:32","modified_gmt":"2023-08-15T07:55:32","slug":"ormco","status":"publish","type":"page","link":"https:\/\/hadocongress.com\/2023\/szponzorok\/ormco\/","title":{"rendered":"Ormco"},"content":{"rendered":"<div class=\"fusion-fullwidth fullwidth-box fusion-builder-row-1 fusion-flex-container nonhundred-percent-fullwidth non-hundred-percent-height-scrolling\" style=\"background-color: rgba(255,255,255,0);background-position: center center;background-repeat: no-repeat;border-width: 0px 0px 0px 0px;border-color:var(--awb-color3);border-style:solid;\" ><div class=\"fusion-builder-row fusion-row fusion-flex-align-items-flex-start fusion-flex-justify-content-center\" style=\"max-width:1310.4px;margin-left: calc(-4% \/ 2 );margin-right: calc(-4% \/ 2 );\"><div class=\"fusion-layout-column fusion_builder_column fusion-builder-column-0 fusion_builder_column_3_4 3_4 fusion-flex-column\"><div class=\"fusion-column-wrapper fusion-flex-justify-content-flex-start fusion-content-layout-column\" style=\"background-position:left top;background-repeat:no-repeat;-webkit-background-size:cover;-moz-background-size:cover;-o-background-size:cover;background-size:cover;padding: 0px 0px 0px 0px;\"><div style=\"text-align:center;\"><span class=\" fusion-imageframe imageframe-none imageframe-1 hover-type-none\" style=\"border-radius:12px;\"><img decoding=\"async\" width=\"300\" height=\"110\" title=\"ormco-logo\" src=\"https:\/\/hadocongress.com\/2023\/wp-content\/uploads\/2023\/08\/ormco-logo.png\" data-orig-src=\"https:\/\/hadocongress.com\/2023\/wp-content\/uploads\/2023\/08\/ormco-logo-300x110.png\" alt class=\"lazyload img-responsive wp-image-4245\" srcset=\"data:image\/svg+xml,%3Csvg%20xmlns%3D%27http%3A%2F%2Fwww.w3.org%2F2000%2Fsvg%27%20width%3D%27600%27%20height%3D%27220%27%20viewBox%3D%270%200%20600%20220%27%3E%3Crect%20width%3D%27600%27%20height%3D%27220%27%20fill-opacity%3D%220%22%2F%3E%3C%2Fsvg%3E\" data-srcset=\"https:\/\/hadocongress.com\/2023\/wp-content\/uploads\/2023\/08\/ormco-logo-200x73.png 200w, https:\/\/hadocongress.com\/2023\/wp-content\/uploads\/2023\/08\/ormco-logo-400x147.png 400w, https:\/\/hadocongress.com\/2023\/wp-content\/uploads\/2023\/08\/ormco-logo.png 600w\" data-sizes=\"auto\" data-orig-sizes=\"(max-width: 640px) 100vw, 300px\" \/><\/span><\/div><\/div><style type=\"text\/css\">.fusion-body .fusion-builder-column-0{width:75% !important;margin-top : 20px;margin-bottom : 20px;}.fusion-builder-column-0 > .fusion-column-wrapper {padding-top : 0px !important;padding-right : 0px !important;margin-right : 2.56%;padding-bottom : 0px !important;padding-left : 0px !important;margin-left : 2.56%;}@media only screen and (max-width:1200px) {.fusion-body .fusion-builder-column-0{width:75% !important;order : 0;}.fusion-builder-column-0 > .fusion-column-wrapper {margin-right : 2.56%;margin-left : 2.56%;}}@media only screen and (max-width:640px) {.fusion-body .fusion-builder-column-0{width:100% !important;order : 0;}.fusion-builder-column-0 > .fusion-column-wrapper {margin-right : 1.92%;margin-left : 1.92%;}}<\/style><\/div><div class=\"fusion-layout-column fusion_builder_column fusion-builder-column-1 fusion_builder_column_3_4 3_4 fusion-flex-column\"><div class=\"fusion-column-wrapper fusion-flex-justify-content-flex-start fusion-content-layout-column\" style=\"background-position:left top;background-repeat:no-repeat;-webkit-background-size:cover;-moz-background-size:cover;-o-background-size:cover;background-size:cover;padding: 0px 0px 0px 0px;\"><style type=\"text\/css\">@media only screen and (max-width:1200px) {.fusion-title.fusion-title-1{margin-top:10px!important; margin-right:0px!important;margin-bottom:20px!important;margin-left:0px!important;}}@media only screen and (max-width:640px) {.fusion-title.fusion-title-1{margin-top:10px!important; margin-right:0px!important;margin-bottom:20px!important; margin-left:0px!important;}}<\/style><div class=\"fusion-title title fusion-title-1 fusion-sep-none fusion-title-center fusion-title-text fusion-title-size-three\" style=\"margin-top:10px;margin-right:0px;margin-bottom:20px;margin-left:0px;\"><h3 class=\"title-heading-center fusion-responsive-typography-calculated\" style=\"margin:0;--fontSize:36;line-height:1.3;\">ORMCO<\/h3><\/div><div class=\"fusion-text fusion-text-1\" style=\"text-transform:none;\"><p><strong>A vil\u00e1g sz\u00e1mos j\u00f6v\u0151be tekint\u0151 klinik\u00e1j\u00e1val egy\u00fctt, fejlett technol\u00f3gi\u00e1inkkal k\u00edn\u00e1lunk olyan innovat\u00edv fogszab\u00e1lyoz\u00e1si megold\u00e1sokat, amelyekkel magas sz\u00ednvonal\u00fa kezel\u00e9si eredm\u00e9nyek \u00e9rhet\u0151k el a p\u00e1ciensekn\u00e9l.<\/strong><\/p>\n<p><strong>K\u00fcldet\u00e9s\u00fcnk<\/strong><\/p>\n<p>Sz\u00e1mos j\u00f6v\u0151be tekint\u0151 klinik\u00e1val egy\u00fctt, legfejlettebb technol\u00f3gi\u00e1inkkal k\u00edn\u00e1lunk olyan innovat\u00edv fogszab\u00e1lyoz\u00e1si megold\u00e1sokat, amelyekkel magas sz\u00ednvonal\u00fa eredm\u00e9nyek \u00e9rhet\u0151k el a p\u00e1ciensekn\u00e9l. Siker\u00fcnk kulcsa az oktat\u00e1si programokban \u00e9s a szolg\u00e1ltat\u00e1s min\u0151s\u00e9g\u00e9ben rejlik.<\/p>\n<p>A Frank Miller \u00e1ltal 1960-ban l\u00e9trehozott Ormco Corporation felr\u00e1zta a piacot szerelt gy\u0171r\u0171ivel \u00e9s bracketjeivel. Az elm\u00falt 50 \u00e9v sor\u00e1n a v\u00e1llalat sz\u00e1mos figyelemre m\u00e9lt\u00f3 megold\u00e1st vezetett be els\u0151k\u00e9nt, k\u00f6zt\u00fck az indirekt ragaszt\u00e1st, a rombusz form\u00e1j\u00fa bracketeket, a r\u00e9z-nikkel-tit\u00e1n \u00edveket, a TMA b\u00e9ta-tit\u00e1n \u00edveket, a Tit\u00e1nium-Orthos bracketeket, a Damon Clear fogszab\u00e1lyoz\u00f3t, stb.<\/p>\n<p>A szerelt gy\u0171r\u0171k \u00e9s a bracketek ut\u00e1n az Ormco fogszab\u00e1lyoz\u00f3 term\u00e9kek teljes v\u00e1laszt\u00e9k\u00e1t fejlesztette ki, bele\u00e9rtve \u00edveket, tubusokat, ragaszt\u00f3kat, m\u0171szereket, minicsavarokat s egy\u00e9b kieg\u00e9sz\u00edt\u0151ket, p\u00e9ld\u00e1ul kivehet\u0151 fogszab\u00e1lyoz\u00f3kat, \u00e9s t\u00f6bb mint 20 k\u00fcl\u00f6nb\u00f6z\u0151 bracket rendszert \u2013 t\u00f6bbek k\u00f6z\u00f6tt az Inspire ICE-t, a Mini-twint, a Mini-Diamondot \u00e9s a StraightwireSynthesis-t \u2013 lefedve. Az Ormco szint\u00e9n \u00fatt\u00f6r\u0151nek sz\u00e1m\u00edt a 3D fogszab\u00e1lyoz\u00e1sban is az Insignia AdvancedSmileDesign nev\u0171 orthodonciai szoftverrel, amellyel szem\u00e9lyre szabottan bracketek gy\u00e1rt\u00e1sa v\u00e1lik lehet\u00f4v\u00e9.<\/p>\n<p>A dr. Dwight Damon \u00e9s az Ormco \u00e1ltal kifejlesztett Damon rendszer a v\u00e1llalat egyik sikerterm\u00e9ke. Passz\u00edv \u00f6nlig\u00edroz\u00f3 bracketekb\u0151l \u00e9s high-tech \u00edvekb\u0151l \u00e1ll, amik egy\u00fctt rendk\u00edv\u00fcli el\u0151nyt ny\u00fajtanak a fogszab\u00e1lyoz\u00f3 szakember \u00e9s a p\u00e1ciens sz\u00e1m\u00e1ra is. Megalkot\u00e1sa \u00f3ta a rendszer folyamatosan fejl\u0151dik.<\/p>\n<p>Az Ormcon\u00e1l elengedhetetlen a kapcsolat\u00e9p\u00edt\u00e9s. V\u00e1llalati kult\u00far\u00e1nk az \u00f6sszes alkalmazottunkat \u2013 az \u00e9rt\u00e9kes\u00edt\u0151t\u0151l a term\u00e9kmenedzserig \u2013 arra \u00f6szt\u00f6nzi, hogy ismerj\u00e9k meg \u00fcgyfeleiket, tudj\u00e1k meg motiv\u00e1ci\u00f3ikat \u00e9s ig\u00e9nyeiket. \u00cdgy minden nap tanulhatunk valami \u00fajat, \u00e9s pontos inform\u00e1ci\u00f3t tudunk szerezni term\u00e9keink haszn\u00e1lat\u00e1r\u00f3l, hogy tov\u00e1bb tudjuk fejleszteni azokat.<\/p>\n<p>A v\u00e1llalat filoz\u00f3fi\u00e1j\u00e1val \u00f6sszhangban, miszerint az \u00d6n praxisa a mi priorit\u00e1sunk (YourPractice. OurPriority) az \u00faj\u00edt\u00e1sra t\u00f6reksz\u00fcnk. Els\u0151dleges c\u00e9lunk a term\u00e9keink \u00e9s szolg\u00e1ltat\u00e1saink folyamatos fejleszt\u00e9se, hogy a legjobb min\u0151s\u00e9get tudjuk ny\u00fajtani, mik\u00f6zben kiel\u00e9g\u00edtj\u00fck a klinikusok \u00e9s a p\u00e1ciensek ig\u00e9nyeit is.<\/p>\n<p>Az Ormco tov\u00e1bb\u00e1 tanfolyamok \u00e9s szemin\u00e1riumok sz\u00e9les v\u00e1laszt\u00e9k\u00e1t k\u00edn\u00e1lja rangos hazai \u00e9s nemzetk\u00f6zi el\u0151ad\u00f3kkal.<\/p>\n<p>Weboldalunkon a ( <a href=\"http:\/\/www.ormco.com\">www.ormco.com<\/a>) oldalon tov\u00e1bbi inform\u00e1ci\u00f3kat olvashat.<\/p>\n<p>Magyarorsz\u00e1gi ter\u00fcleti k\u00e9pvisel\u00f4nk el\u00e9rhet\u00f4s\u00e9ge:<\/p>\n<p>Peth\u0151 Csilla<\/p>\n<p>e-mail c\u00edm:<a href=\"mailto:Csilla.Petho@ormco.com\">Csilla.Petho@ormco.com<\/a><\/p>\n<p>telefonsz\u00e1m: 06 20 314 5958<\/p>\n<\/div><\/div><style type=\"text\/css\">.fusion-body .fusion-builder-column-1{width:75% !important;margin-top : 20px;margin-bottom : 20px;}.fusion-builder-column-1 > .fusion-column-wrapper {padding-top : 0px !important;padding-right : 0px !important;margin-right : 2.56%;padding-bottom : 0px !important;padding-left : 0px !important;margin-left : 2.56%;}@media only screen and (max-width:1200px) {.fusion-body .fusion-builder-column-1{width:75% !important;order : 0;}.fusion-builder-column-1 > .fusion-column-wrapper {margin-right : 2.56%;margin-left : 2.56%;}}@media only screen and (max-width:640px) {.fusion-body .fusion-builder-column-1{width:100% !important;order : 0;}.fusion-builder-column-1 > .fusion-column-wrapper {margin-right : 1.92%;margin-left : 1.92%;}}<\/style><\/div><\/div><style type=\"text\/css\">.fusion-body .fusion-flex-container.fusion-builder-row-1{ padding-top : 0px;margin-top : 0px;padding-right : 0px;padding-bottom : 0px;margin-bottom : 0px;padding-left : 0px;}<\/style><\/div>\n","protected":false},"excerpt":{"rendered":"","protected":false},"author":1,"featured_media":0,"parent":1099,"menu_order":0,"comment_status":"closed","ping_status":"closed","template":"100-width.php","meta":{"footnotes":""},"yoast_head":"<!-- This site is optimized with the Yoast SEO plugin v19.6.1 - https:\/\/yoast.com\/wordpress\/plugins\/seo\/ -->\n<title>Ormco - Magyar \u00c1llcsont-ortop\u00e9diai \u00e9s Fogszab\u00e1lyoz\u00e1si T\u00e1rsas\u00e1g I. Nemzetk\u00f6zi Kongresszusa<\/title>\n<meta name=\"robots\" content=\"index, follow, max-snippet:-1, max-image-preview:large, max-video-preview:-1\" \/>\n<link rel=\"canonical\" href=\"https:\/\/hadocongress.com\/2023\/szponzorok\/ormco\/\" \/>\n<meta property=\"og:locale\" content=\"hu_HU\" \/>\n<meta property=\"og:type\" content=\"article\" \/>\n<meta property=\"og:title\" content=\"Ormco - Magyar \u00c1llcsont-ortop\u00e9diai \u00e9s Fogszab\u00e1lyoz\u00e1si T\u00e1rsas\u00e1g I. Nemzetk\u00f6zi Kongresszusa\" \/>\n<meta property=\"og:url\" content=\"https:\/\/hadocongress.com\/2023\/szponzorok\/ormco\/\" \/>\n<meta property=\"og:site_name\" content=\"Magyar \u00c1llcsont-ortop\u00e9diai \u00e9s Fogszab\u00e1lyoz\u00e1si T\u00e1rsas\u00e1g I. Nemzetk\u00f6zi Kongresszusa\" \/>\n<meta property=\"article:modified_time\" content=\"2023-08-15T07:55:32+00:00\" \/>\n<meta name=\"twitter:card\" content=\"summary_large_image\" \/>\n<meta name=\"twitter:label1\" content=\"Becs\u00fclt olvas\u00e1si id\u0151\" \/>\n\t<meta name=\"twitter:data1\" content=\"9 perc\" \/>\n<script type=\"application\/ld+json\" class=\"yoast-schema-graph\">{\"@context\":\"https:\/\/schema.org\",\"@graph\":[{\"@type\":\"WebPage\",\"@id\":\"https:\/\/hadocongress.com\/2023\/szponzorok\/ormco\/\",\"url\":\"https:\/\/hadocongress.com\/2023\/szponzorok\/ormco\/\",\"name\":\"Ormco - Magyar \u00c1llcsont-ortop\u00e9diai \u00e9s Fogszab\u00e1lyoz\u00e1si T\u00e1rsas\u00e1g I. Nemzetk\u00f6zi Kongresszusa\",\"isPartOf\":{\"@id\":\"https:\/\/hadocongress.com\/2023\/#website\"},\"datePublished\":\"2022-04-21T08:41:19+00:00\",\"dateModified\":\"2023-08-15T07:55:32+00:00\",\"breadcrumb\":{\"@id\":\"https:\/\/hadocongress.com\/2023\/szponzorok\/ormco\/#breadcrumb\"},\"inLanguage\":\"hu\",\"potentialAction\":[{\"@type\":\"ReadAction\",\"target\":[\"https:\/\/hadocongress.com\/2023\/szponzorok\/ormco\/\"]}]},{\"@type\":\"BreadcrumbList\",\"@id\":\"https:\/\/hadocongress.com\/2023\/szponzorok\/ormco\/#breadcrumb\",\"itemListElement\":[{\"@type\":\"ListItem\",\"position\":1,\"name\":\"Kezd\u0151lap\",\"item\":\"https:\/\/hadocongress.com\/2023\/\"},{\"@type\":\"ListItem\",\"position\":2,\"name\":\"Szponzorok\",\"item\":\"https:\/\/hadocongress.com\/2023\/szponzorok\/\"},{\"@type\":\"ListItem\",\"position\":3,\"name\":\"Ormco\"}]},{\"@type\":\"WebSite\",\"@id\":\"https:\/\/hadocongress.com\/2023\/#website\",\"url\":\"https:\/\/hadocongress.com\/2023\/\",\"name\":\"Magyar \u00c1llcsont-ortop\u00e9diai \u00e9s Fogszab\u00e1lyoz\u00e1si T\u00e1rsas\u00e1g I. Nemzetk\u00f6zi Kongresszusa\",\"description\":\"#breakthru2022\",\"publisher\":{\"@id\":\"https:\/\/hadocongress.com\/2023\/#organization\"},\"potentialAction\":[{\"@type\":\"SearchAction\",\"target\":{\"@type\":\"EntryPoint\",\"urlTemplate\":\"https:\/\/hadocongress.com\/2023\/?s={search_term_string}\"},\"query-input\":\"required name=search_term_string\"}],\"inLanguage\":\"hu\"},{\"@type\":\"Organization\",\"@id\":\"https:\/\/hadocongress.com\/2023\/#organization\",\"name\":\"hadocongress.com\",\"url\":\"https:\/\/hadocongress.com\/2023\/\",\"sameAs\":[],\"logo\":{\"@type\":\"ImageObject\",\"inLanguage\":\"hu\",\"@id\":\"https:\/\/hadocongress.com\/2023\/#\/schema\/logo\/image\/\",\"url\":\"https:\/\/hadocongress.com\/2023\/wp-content\/uploads\/2022\/02\/logo-default.png\",\"contentUrl\":\"https:\/\/hadocongress.com\/2023\/wp-content\/uploads\/2022\/02\/logo-default.png\",\"width\":342,\"height\":102,\"caption\":\"hadocongress.com\"},\"image\":{\"@id\":\"https:\/\/hadocongress.com\/2023\/#\/schema\/logo\/image\/\"}}]}<\/script>\n<!-- \/ Yoast SEO plugin. -->","yoast_head_json":{"title":"Ormco - Magyar \u00c1llcsont-ortop\u00e9diai \u00e9s Fogszab\u00e1lyoz\u00e1si T\u00e1rsas\u00e1g I. Nemzetk\u00f6zi Kongresszusa","robots":{"index":"index","follow":"follow","max-snippet":"max-snippet:-1","max-image-preview":"max-image-preview:large","max-video-preview":"max-video-preview:-1"},"canonical":"https:\/\/hadocongress.com\/2023\/szponzorok\/ormco\/","og_locale":"hu_HU","og_type":"article","og_title":"Ormco - Magyar \u00c1llcsont-ortop\u00e9diai \u00e9s Fogszab\u00e1lyoz\u00e1si T\u00e1rsas\u00e1g I. Nemzetk\u00f6zi Kongresszusa","og_url":"https:\/\/hadocongress.com\/2023\/szponzorok\/ormco\/","og_site_name":"Magyar \u00c1llcsont-ortop\u00e9diai \u00e9s Fogszab\u00e1lyoz\u00e1si T\u00e1rsas\u00e1g I. Nemzetk\u00f6zi Kongresszusa","article_modified_time":"2023-08-15T07:55:32+00:00","twitter_card":"summary_large_image","twitter_misc":{"Becs\u00fclt olvas\u00e1si id\u0151":"9 perc"},"schema":{"@context":"https:\/\/schema.org","@graph":[{"@type":"WebPage","@id":"https:\/\/hadocongress.com\/2023\/szponzorok\/ormco\/","url":"https:\/\/hadocongress.com\/2023\/szponzorok\/ormco\/","name":"Ormco - Magyar \u00c1llcsont-ortop\u00e9diai \u00e9s Fogszab\u00e1lyoz\u00e1si T\u00e1rsas\u00e1g I. Nemzetk\u00f6zi Kongresszusa","isPartOf":{"@id":"https:\/\/hadocongress.com\/2023\/#website"},"datePublished":"2022-04-21T08:41:19+00:00","dateModified":"2023-08-15T07:55:32+00:00","breadcrumb":{"@id":"https:\/\/hadocongress.com\/2023\/szponzorok\/ormco\/#breadcrumb"},"inLanguage":"hu","potentialAction":[{"@type":"ReadAction","target":["https:\/\/hadocongress.com\/2023\/szponzorok\/ormco\/"]}]},{"@type":"BreadcrumbList","@id":"https:\/\/hadocongress.com\/2023\/szponzorok\/ormco\/#breadcrumb","itemListElement":[{"@type":"ListItem","position":1,"name":"Kezd\u0151lap","item":"https:\/\/hadocongress.com\/2023\/"},{"@type":"ListItem","position":2,"name":"Szponzorok","item":"https:\/\/hadocongress.com\/2023\/szponzorok\/"},{"@type":"ListItem","position":3,"name":"Ormco"}]},{"@type":"WebSite","@id":"https:\/\/hadocongress.com\/2023\/#website","url":"https:\/\/hadocongress.com\/2023\/","name":"Magyar \u00c1llcsont-ortop\u00e9diai \u00e9s Fogszab\u00e1lyoz\u00e1si T\u00e1rsas\u00e1g I. Nemzetk\u00f6zi Kongresszusa","description":"#breakthru2022","publisher":{"@id":"https:\/\/hadocongress.com\/2023\/#organization"},"potentialAction":[{"@type":"SearchAction","target":{"@type":"EntryPoint","urlTemplate":"https:\/\/hadocongress.com\/2023\/?s={search_term_string}"},"query-input":"required name=search_term_string"}],"inLanguage":"hu"},{"@type":"Organization","@id":"https:\/\/hadocongress.com\/2023\/#organization","name":"hadocongress.com","url":"https:\/\/hadocongress.com\/2023\/","sameAs":[],"logo":{"@type":"ImageObject","inLanguage":"hu","@id":"https:\/\/hadocongress.com\/2023\/#\/schema\/logo\/image\/","url":"https:\/\/hadocongress.com\/2023\/wp-content\/uploads\/2022\/02\/logo-default.png","contentUrl":"https:\/\/hadocongress.com\/2023\/wp-content\/uploads\/2022\/02\/logo-default.png","width":342,"height":102,"caption":"hadocongress.com"},"image":{"@id":"https:\/\/hadocongress.com\/2023\/#\/schema\/logo\/image\/"}}]}},"_links":{"self":[{"href":"https:\/\/hadocongress.com\/2023\/wp-json\/wp\/v2\/pages\/3028"}],"collection":[{"href":"https:\/\/hadocongress.com\/2023\/wp-json\/wp\/v2\/pages"}],"about":[{"href":"https:\/\/hadocongress.com\/2023\/wp-json\/wp\/v2\/types\/page"}],"author":[{"embeddable":true,"href":"https:\/\/hadocongress.com\/2023\/wp-json\/wp\/v2\/users\/1"}],"replies":[{"embeddable":true,"href":"https:\/\/hadocongress.com\/2023\/wp-json\/wp\/v2\/comments?post=3028"}],"version-history":[{"count":4,"href":"https:\/\/hadocongress.com\/2023\/wp-json\/wp\/v2\/pages\/3028\/revisions"}],"predecessor-version":[{"id":4260,"href":"https:\/\/hadocongress.com\/2023\/wp-json\/wp\/v2\/pages\/3028\/revisions\/4260"}],"up":[{"embeddable":true,"href":"https:\/\/hadocongress.com\/2023\/wp-json\/wp\/v2\/pages\/1099"}],"wp:attachment":[{"href":"https:\/\/hadocongress.com\/2023\/wp-json\/wp\/v2\/media?parent=3028"}],"curies":[{"name":"wp","href":"https:\/\/api.w.org\/{rel}","templated":true}]}}