{"id":3019,"date":"2022-04-21T08:36:19","date_gmt":"2022-04-21T08:36:19","guid":{"rendered":"https:\/\/hadocongress.com\/2023\/?page_id=3019"},"modified":"2023-08-15T07:56:34","modified_gmt":"2023-08-15T07:56:34","slug":"savaria","status":"publish","type":"page","link":"https:\/\/hadocongress.com\/2023\/szponzorok\/savaria\/","title":{"rendered":"Savaria-Dent"},"content":{"rendered":"<div class=\"fusion-fullwidth fullwidth-box fusion-builder-row-1 fusion-flex-container nonhundred-percent-fullwidth non-hundred-percent-height-scrolling\" style=\"background-color: rgba(255,255,255,0);background-position: center center;background-repeat: no-repeat;border-width: 0px 0px 0px 0px;border-color:var(--awb-color3);border-style:solid;\" ><div class=\"fusion-builder-row fusion-row fusion-flex-align-items-flex-start fusion-flex-justify-content-center\" style=\"max-width:1310.4px;margin-left: calc(-4% \/ 2 );margin-right: calc(-4% \/ 2 );\"><div class=\"fusion-layout-column fusion_builder_column fusion-builder-column-0 fusion_builder_column_3_4 3_4 fusion-flex-column\"><div class=\"fusion-column-wrapper fusion-flex-justify-content-flex-start fusion-content-layout-column\" style=\"background-position:left top;background-repeat:no-repeat;-webkit-background-size:cover;-moz-background-size:cover;-o-background-size:cover;background-size:cover;padding: 0px 0px 0px 0px;\"><div style=\"text-align:center;\"><span class=\" fusion-imageframe imageframe-none imageframe-1 hover-type-none\" style=\"border-radius:12px;\"><img decoding=\"async\" width=\"300\" height=\"110\" title=\"savaria-logo\" src=\"https:\/\/hadocongress.com\/2023\/wp-content\/uploads\/2023\/08\/savaria-logo.png\" data-orig-src=\"https:\/\/hadocongress.com\/2023\/wp-content\/uploads\/2023\/08\/savaria-logo-300x110.png\" alt class=\"lazyload img-responsive wp-image-4247\" srcset=\"data:image\/svg+xml,%3Csvg%20xmlns%3D%27http%3A%2F%2Fwww.w3.org%2F2000%2Fsvg%27%20width%3D%27600%27%20height%3D%27220%27%20viewBox%3D%270%200%20600%20220%27%3E%3Crect%20width%3D%27600%27%20height%3D%27220%27%20fill-opacity%3D%220%22%2F%3E%3C%2Fsvg%3E\" data-srcset=\"https:\/\/hadocongress.com\/2023\/wp-content\/uploads\/2023\/08\/savaria-logo-200x73.png 200w, https:\/\/hadocongress.com\/2023\/wp-content\/uploads\/2023\/08\/savaria-logo-400x147.png 400w, https:\/\/hadocongress.com\/2023\/wp-content\/uploads\/2023\/08\/savaria-logo.png 600w\" data-sizes=\"auto\" data-orig-sizes=\"(max-width: 640px) 100vw, 300px\" \/><\/span><\/div><\/div><style type=\"text\/css\">.fusion-body .fusion-builder-column-0{width:75% !important;margin-top : 20px;margin-bottom : 20px;}.fusion-builder-column-0 > .fusion-column-wrapper {padding-top : 0px !important;padding-right : 0px !important;margin-right : 2.56%;padding-bottom : 0px !important;padding-left : 0px !important;margin-left : 2.56%;}@media only screen and (max-width:1200px) {.fusion-body .fusion-builder-column-0{width:75% !important;order : 0;}.fusion-builder-column-0 > .fusion-column-wrapper {margin-right : 2.56%;margin-left : 2.56%;}}@media only screen and (max-width:640px) {.fusion-body .fusion-builder-column-0{width:100% !important;order : 0;}.fusion-builder-column-0 > .fusion-column-wrapper {margin-right : 1.92%;margin-left : 1.92%;}}<\/style><\/div><div class=\"fusion-layout-column fusion_builder_column fusion-builder-column-1 fusion_builder_column_3_4 3_4 fusion-flex-column\"><div class=\"fusion-column-wrapper fusion-flex-justify-content-flex-start fusion-content-layout-column\" style=\"background-position:left top;background-repeat:no-repeat;-webkit-background-size:cover;-moz-background-size:cover;-o-background-size:cover;background-size:cover;padding: 0px 0px 0px 0px;\"><style type=\"text\/css\">@media only screen and (max-width:1200px) {.fusion-title.fusion-title-1{margin-top:10px!important; margin-right:0px!important;margin-bottom:20px!important;margin-left:0px!important;}}@media only screen and (max-width:640px) {.fusion-title.fusion-title-1{margin-top:10px!important; margin-right:0px!important;margin-bottom:20px!important; margin-left:0px!important;}}<\/style><div class=\"fusion-title title fusion-title-1 fusion-sep-none fusion-title-center fusion-title-text fusion-title-size-three\" style=\"margin-top:10px;margin-right:0px;margin-bottom:20px;margin-left:0px;\"><h3 class=\"title-heading-center fusion-responsive-typography-calculated\" style=\"margin:0;--fontSize:36;line-height:1.3;\">Savaria-Dent<\/h3><\/div><div class=\"fusion-text fusion-text-1\" style=\"text-transform:none;\"><p>A Savaria-Dent Kft 1990-ben alakult. C\u00e9g\u00fcnk sz\u00e9khelye Szombathelyen van, de Budapesten is rendelkez\u00fcnk telephellyel.<\/p>\n<p>Alaptev\u00e9kenys\u00e9geink mind a fogszab\u00e1lyoz\u00e1shoz kapcsol\u00f3dnak, saj\u00e1t gy\u00e1rt\u00e1s\u00fa term\u00e9keink egy r\u00e9sz\u00e9t export\u00e1ljuk, melyek a tov\u00e1bb \u00e9rt\u00e9kes\u00edt\u00e9sek folyt\u00e1n a vil\u00e1g sz\u00e1mos r\u00e9sz\u00e9re eljutnak.<\/p>\n<p>L\u00e9p\u00e9st tartva a digit\u00e1lis fog\u00e1szatban rejl\u0151 potenci\u00e1llal, naprak\u00e9sz m\u0171szaki megold\u00e1sokkal folyamatosan fejlesztj\u00fck, b\u0151v\u00edtj\u00fck digit\u00e1lis fogtechnikai laborukat.<\/p>\n<p>Alapelv\u00fcnk a &#8222;Nyitott gondolkod\u00e1s&#8221;, melynek szellem\u00e9ben igyeksz\u00fcnk min\u00e9l gyorsabban reag\u00e1lni a fogszab\u00e1lyz\u00e1ssal kapcsolatos leg\u00fajabb eredm\u00e9nyekre, de saj\u00e1t magunk is pr\u00f3b\u00e1lunk hozz\u00e1j\u00e1rulni \u00faj dolgok kifejleszt\u00e9s\u00e9vel a szakma el\u0151re halad\u00e1s\u00e1hoz, piaci elismerts\u00e9g\u00fcnk n\u00f6vel\u00e9s\u00e9hez.<\/p>\n<p><em><u>F\u0151bb tev\u00e9kenys\u00e9geink<\/u><\/em>:<\/p>\n<ul>\n<li>Fogszab\u00e1lyoz\u00f3 anyagok kereskedelme. T\u00f6bb mint 30 \u00e9ve saj\u00e1t rakt\u00e1rk\u00e9szletr\u0151l biztos\u00edtjuk a jap\u00e1n TOMY c\u00e9g fogszab\u00e1lyoz\u00f3 anyagait, de k\u00edn\u00e1latunkban megtal\u00e1lhat\u00f3k m\u00e1s gy\u00e1rt\u00f3k term\u00e9kei is.<\/li>\n<li>Fogtechnikai laborat\u00f3riumot m\u0171k\u00f6dtet\u00fcnk, ahol kiz\u00e1r\u00f3lag fogszab\u00e1lyoz\u00f3k k\u00e9sz\u00fclnek. A TB szerz\u0151d\u00f6tt partnerei vagyunk.<\/li>\n<li>Digit\u00e1lis fogtechnikai laborunkat PLANMECA tervez\u0151 szoftverekkel \u00e9s kiv\u00e1l\u00f3 min\u0151s\u00e9g\u0171 ASIGA PRO4K 3D nyomtat\u00f3val \u00fczemeltetj\u00fck. Digit\u00e1lis laborszolg\u00e1ltat\u00e1saink: digit\u00e1lis lenyomatok, oral scan file-ok kezel\u00e9se \u00e9s t\u00e1rol\u00e1sa, lenyomatok kimagasl\u00f3 precizit\u00e1s\u00fa 3D nyomtat\u00e1sa, b\u00e9rnyomtat\u00e1s, digit\u00e1lis kezel\u00e9s tervez\u00e9s a gy\u00f6k\u00e9r\u00e1ll\u00e1sok figyelembev\u00e9tel\u00e9vel (CBCT megl\u00e9te eset\u00e9n), SmartCaps s\u00ednes l\u00e1thatatlan fogszab\u00e1lyoz\u00f3 k\u00e9sz\u00edt\u00e9s. Attachement ragaszt\u00e1si sablonok tervez\u00e9se \u00e9s gy\u00e1rt\u00e1sa, gipszmodellek 3D szkennel\u00e9se.<\/li>\n<li>U Concept n\u00e9ven forgalmazzuk saj\u00e1t fejleszt\u00e9s\u0171 \u00e9s gy\u00e1rt\u00e1s\u00fa szilikon TRAINER term\u00e9kcsal\u00e1dunkat.<\/li>\n<li>Fogszab\u00e1lyoz\u00f3 fog\u00f3k tervez\u00e9se \u00e9s gy\u00e1rt\u00e1sa.<\/li>\n<li>Akkredit\u00e1lt k\u00e9pz\u00e9sek szervez\u00e9se, melynek keret\u00e9ben igyeksz\u00fcnk j\u00f3l felk\u00e9sz\u00fclt el\u0151ad\u00f3k k\u00f6zrem\u0171k\u00f6d\u00e9s\u00e9vel az orvosokat \u00e9rdekl\u0151 t\u00e9m\u00e1kban elm\u00e9leti \u00e9s gyakorlati tanfolyamokat, szervezni jelenl\u00e9ti oktat\u00e1s \u00e9s wibin\u00e1riumi keretek k\u00f6z\u00f6tt is.<\/li>\n<\/ul>\n<p>Gy\u00e1rt\u00f3 b\u00e1zisunk technol\u00f3giai h\u00e1ttere lehet\u0151v\u00e9 teszi, hogy az orvosok \u00e1ltal kigondolt \u00faj\u00edt\u00e1sok nagy r\u00e9sz\u00e9t k\u00e9pesek vagyunk megval\u00f3s\u00edtani, &#8222;Nyitott gondolkod\u00e1s&#8221; jelmondatunk szellem\u00e9ben ilyenekre \u00f6r\u00f6mmel v\u00e1llalkozunk.<\/p>\n<p>C\u00e9g\u00fcnk 22 \u00e9ve ISO 13485 szabv\u00e1ny szerint tan\u00fas\u00edtott min\u0151s\u00e9gir\u00e1ny\u00edt\u00e1si rendszerben dolgozik.<\/p>\n<p><a href=\"http:\/\/savariadent.hu\/\">http:\/\/savariadent.hu\/<\/a><\/p>\n<\/div><\/div><style type=\"text\/css\">.fusion-body .fusion-builder-column-1{width:75% !important;margin-top : 20px;margin-bottom : 20px;}.fusion-builder-column-1 > .fusion-column-wrapper {padding-top : 0px !important;padding-right : 0px !important;margin-right : 2.56%;padding-bottom : 0px !important;padding-left : 0px !important;margin-left : 2.56%;}@media only screen and (max-width:1200px) {.fusion-body .fusion-builder-column-1{width:75% !important;order : 0;}.fusion-builder-column-1 > .fusion-column-wrapper {margin-right : 2.56%;margin-left : 2.56%;}}@media only screen and (max-width:640px) {.fusion-body .fusion-builder-column-1{width:100% !important;order : 0;}.fusion-builder-column-1 > .fusion-column-wrapper {margin-right : 1.92%;margin-left : 1.92%;}}<\/style><\/div><\/div><style type=\"text\/css\">.fusion-body .fusion-flex-container.fusion-builder-row-1{ padding-top : 0px;margin-top : 0px;padding-right : 0px;padding-bottom : 0px;margin-bottom : 0px;padding-left : 0px;}<\/style><\/div>\n","protected":false},"excerpt":{"rendered":"","protected":false},"author":1,"featured_media":0,"parent":1099,"menu_order":0,"comment_status":"closed","ping_status":"closed","template":"100-width.php","meta":{"footnotes":""},"yoast_head":"<!-- This site is optimized with the Yoast SEO plugin v19.6.1 - https:\/\/yoast.com\/wordpress\/plugins\/seo\/ -->\n<title>Savaria-Dent - Magyar \u00c1llcsont-ortop\u00e9diai \u00e9s Fogszab\u00e1lyoz\u00e1si T\u00e1rsas\u00e1g I. Nemzetk\u00f6zi Kongresszusa<\/title>\n<meta name=\"robots\" content=\"index, follow, max-snippet:-1, max-image-preview:large, max-video-preview:-1\" \/>\n<link rel=\"canonical\" href=\"https:\/\/hadocongress.com\/2023\/szponzorok\/savaria\/\" \/>\n<meta property=\"og:locale\" content=\"hu_HU\" \/>\n<meta property=\"og:type\" content=\"article\" \/>\n<meta property=\"og:title\" content=\"Savaria-Dent - Magyar \u00c1llcsont-ortop\u00e9diai \u00e9s Fogszab\u00e1lyoz\u00e1si T\u00e1rsas\u00e1g I. Nemzetk\u00f6zi Kongresszusa\" \/>\n<meta property=\"og:url\" content=\"https:\/\/hadocongress.com\/2023\/szponzorok\/savaria\/\" \/>\n<meta property=\"og:site_name\" content=\"Magyar \u00c1llcsont-ortop\u00e9diai \u00e9s Fogszab\u00e1lyoz\u00e1si T\u00e1rsas\u00e1g I. Nemzetk\u00f6zi Kongresszusa\" \/>\n<meta property=\"article:modified_time\" content=\"2023-08-15T07:56:34+00:00\" \/>\n<meta name=\"twitter:card\" content=\"summary_large_image\" \/>\n<meta name=\"twitter:label1\" content=\"Becs\u00fclt olvas\u00e1si id\u0151\" \/>\n\t<meta name=\"twitter:data1\" content=\"8 perc\" \/>\n<script type=\"application\/ld+json\" class=\"yoast-schema-graph\">{\"@context\":\"https:\/\/schema.org\",\"@graph\":[{\"@type\":\"WebPage\",\"@id\":\"https:\/\/hadocongress.com\/2023\/szponzorok\/savaria\/\",\"url\":\"https:\/\/hadocongress.com\/2023\/szponzorok\/savaria\/\",\"name\":\"Savaria-Dent - Magyar \u00c1llcsont-ortop\u00e9diai \u00e9s Fogszab\u00e1lyoz\u00e1si T\u00e1rsas\u00e1g I. Nemzetk\u00f6zi Kongresszusa\",\"isPartOf\":{\"@id\":\"https:\/\/hadocongress.com\/2023\/#website\"},\"datePublished\":\"2022-04-21T08:36:19+00:00\",\"dateModified\":\"2023-08-15T07:56:34+00:00\",\"breadcrumb\":{\"@id\":\"https:\/\/hadocongress.com\/2023\/szponzorok\/savaria\/#breadcrumb\"},\"inLanguage\":\"hu\",\"potentialAction\":[{\"@type\":\"ReadAction\",\"target\":[\"https:\/\/hadocongress.com\/2023\/szponzorok\/savaria\/\"]}]},{\"@type\":\"BreadcrumbList\",\"@id\":\"https:\/\/hadocongress.com\/2023\/szponzorok\/savaria\/#breadcrumb\",\"itemListElement\":[{\"@type\":\"ListItem\",\"position\":1,\"name\":\"Kezd\u0151lap\",\"item\":\"https:\/\/hadocongress.com\/2023\/\"},{\"@type\":\"ListItem\",\"position\":2,\"name\":\"Szponzorok\",\"item\":\"https:\/\/hadocongress.com\/2023\/szponzorok\/\"},{\"@type\":\"ListItem\",\"position\":3,\"name\":\"Savaria-Dent\"}]},{\"@type\":\"WebSite\",\"@id\":\"https:\/\/hadocongress.com\/2023\/#website\",\"url\":\"https:\/\/hadocongress.com\/2023\/\",\"name\":\"Magyar \u00c1llcsont-ortop\u00e9diai \u00e9s Fogszab\u00e1lyoz\u00e1si T\u00e1rsas\u00e1g I. Nemzetk\u00f6zi Kongresszusa\",\"description\":\"#breakthru2022\",\"publisher\":{\"@id\":\"https:\/\/hadocongress.com\/2023\/#organization\"},\"potentialAction\":[{\"@type\":\"SearchAction\",\"target\":{\"@type\":\"EntryPoint\",\"urlTemplate\":\"https:\/\/hadocongress.com\/2023\/?s={search_term_string}\"},\"query-input\":\"required name=search_term_string\"}],\"inLanguage\":\"hu\"},{\"@type\":\"Organization\",\"@id\":\"https:\/\/hadocongress.com\/2023\/#organization\",\"name\":\"hadocongress.com\",\"url\":\"https:\/\/hadocongress.com\/2023\/\",\"sameAs\":[],\"logo\":{\"@type\":\"ImageObject\",\"inLanguage\":\"hu\",\"@id\":\"https:\/\/hadocongress.com\/2023\/#\/schema\/logo\/image\/\",\"url\":\"https:\/\/hadocongress.com\/2023\/wp-content\/uploads\/2022\/02\/logo-default.png\",\"contentUrl\":\"https:\/\/hadocongress.com\/2023\/wp-content\/uploads\/2022\/02\/logo-default.png\",\"width\":342,\"height\":102,\"caption\":\"hadocongress.com\"},\"image\":{\"@id\":\"https:\/\/hadocongress.com\/2023\/#\/schema\/logo\/image\/\"}}]}<\/script>\n<!-- \/ Yoast SEO plugin. -->","yoast_head_json":{"title":"Savaria-Dent - Magyar \u00c1llcsont-ortop\u00e9diai \u00e9s Fogszab\u00e1lyoz\u00e1si T\u00e1rsas\u00e1g I. Nemzetk\u00f6zi Kongresszusa","robots":{"index":"index","follow":"follow","max-snippet":"max-snippet:-1","max-image-preview":"max-image-preview:large","max-video-preview":"max-video-preview:-1"},"canonical":"https:\/\/hadocongress.com\/2023\/szponzorok\/savaria\/","og_locale":"hu_HU","og_type":"article","og_title":"Savaria-Dent - Magyar \u00c1llcsont-ortop\u00e9diai \u00e9s Fogszab\u00e1lyoz\u00e1si T\u00e1rsas\u00e1g I. Nemzetk\u00f6zi Kongresszusa","og_url":"https:\/\/hadocongress.com\/2023\/szponzorok\/savaria\/","og_site_name":"Magyar \u00c1llcsont-ortop\u00e9diai \u00e9s Fogszab\u00e1lyoz\u00e1si T\u00e1rsas\u00e1g I. Nemzetk\u00f6zi Kongresszusa","article_modified_time":"2023-08-15T07:56:34+00:00","twitter_card":"summary_large_image","twitter_misc":{"Becs\u00fclt olvas\u00e1si id\u0151":"8 perc"},"schema":{"@context":"https:\/\/schema.org","@graph":[{"@type":"WebPage","@id":"https:\/\/hadocongress.com\/2023\/szponzorok\/savaria\/","url":"https:\/\/hadocongress.com\/2023\/szponzorok\/savaria\/","name":"Savaria-Dent - Magyar \u00c1llcsont-ortop\u00e9diai \u00e9s Fogszab\u00e1lyoz\u00e1si T\u00e1rsas\u00e1g I. Nemzetk\u00f6zi Kongresszusa","isPartOf":{"@id":"https:\/\/hadocongress.com\/2023\/#website"},"datePublished":"2022-04-21T08:36:19+00:00","dateModified":"2023-08-15T07:56:34+00:00","breadcrumb":{"@id":"https:\/\/hadocongress.com\/2023\/szponzorok\/savaria\/#breadcrumb"},"inLanguage":"hu","potentialAction":[{"@type":"ReadAction","target":["https:\/\/hadocongress.com\/2023\/szponzorok\/savaria\/"]}]},{"@type":"BreadcrumbList","@id":"https:\/\/hadocongress.com\/2023\/szponzorok\/savaria\/#breadcrumb","itemListElement":[{"@type":"ListItem","position":1,"name":"Kezd\u0151lap","item":"https:\/\/hadocongress.com\/2023\/"},{"@type":"ListItem","position":2,"name":"Szponzorok","item":"https:\/\/hadocongress.com\/2023\/szponzorok\/"},{"@type":"ListItem","position":3,"name":"Savaria-Dent"}]},{"@type":"WebSite","@id":"https:\/\/hadocongress.com\/2023\/#website","url":"https:\/\/hadocongress.com\/2023\/","name":"Magyar \u00c1llcsont-ortop\u00e9diai \u00e9s Fogszab\u00e1lyoz\u00e1si T\u00e1rsas\u00e1g I. Nemzetk\u00f6zi Kongresszusa","description":"#breakthru2022","publisher":{"@id":"https:\/\/hadocongress.com\/2023\/#organization"},"potentialAction":[{"@type":"SearchAction","target":{"@type":"EntryPoint","urlTemplate":"https:\/\/hadocongress.com\/2023\/?s={search_term_string}"},"query-input":"required name=search_term_string"}],"inLanguage":"hu"},{"@type":"Organization","@id":"https:\/\/hadocongress.com\/2023\/#organization","name":"hadocongress.com","url":"https:\/\/hadocongress.com\/2023\/","sameAs":[],"logo":{"@type":"ImageObject","inLanguage":"hu","@id":"https:\/\/hadocongress.com\/2023\/#\/schema\/logo\/image\/","url":"https:\/\/hadocongress.com\/2023\/wp-content\/uploads\/2022\/02\/logo-default.png","contentUrl":"https:\/\/hadocongress.com\/2023\/wp-content\/uploads\/2022\/02\/logo-default.png","width":342,"height":102,"caption":"hadocongress.com"},"image":{"@id":"https:\/\/hadocongress.com\/2023\/#\/schema\/logo\/image\/"}}]}},"_links":{"self":[{"href":"https:\/\/hadocongress.com\/2023\/wp-json\/wp\/v2\/pages\/3019"}],"collection":[{"href":"https:\/\/hadocongress.com\/2023\/wp-json\/wp\/v2\/pages"}],"about":[{"href":"https:\/\/hadocongress.com\/2023\/wp-json\/wp\/v2\/types\/page"}],"author":[{"embeddable":true,"href":"https:\/\/hadocongress.com\/2023\/wp-json\/wp\/v2\/users\/1"}],"replies":[{"embeddable":true,"href":"https:\/\/hadocongress.com\/2023\/wp-json\/wp\/v2\/comments?post=3019"}],"version-history":[{"count":5,"href":"https:\/\/hadocongress.com\/2023\/wp-json\/wp\/v2\/pages\/3019\/revisions"}],"predecessor-version":[{"id":4261,"href":"https:\/\/hadocongress.com\/2023\/wp-json\/wp\/v2\/pages\/3019\/revisions\/4261"}],"up":[{"embeddable":true,"href":"https:\/\/hadocongress.com\/2023\/wp-json\/wp\/v2\/pages\/1099"}],"wp:attachment":[{"href":"https:\/\/hadocongress.com\/2023\/wp-json\/wp\/v2\/media?parent=3019"}],"curies":[{"name":"wp","href":"https:\/\/api.w.org\/{rel}","templated":true}]}}