{"id":2972,"date":"2022-04-21T07:47:53","date_gmt":"2022-04-21T07:47:53","guid":{"rendered":"https:\/\/hadocongress.com\/2023\/?page_id=2972"},"modified":"2023-08-15T07:29:44","modified_gmt":"2023-08-15T07:29:44","slug":"clearcorrect","status":"publish","type":"page","link":"https:\/\/hadocongress.com\/2023\/szponzorok\/clearcorrect\/","title":{"rendered":"Clearcorrect"},"content":{"rendered":"<div class=\"fusion-fullwidth fullwidth-box fusion-builder-row-1 fusion-flex-container nonhundred-percent-fullwidth non-hundred-percent-height-scrolling\" style=\"background-color: rgba(255,255,255,0);background-position: center center;background-repeat: no-repeat;border-width: 0px 0px 0px 0px;border-color:var(--awb-color3);border-style:solid;\" ><div class=\"fusion-builder-row fusion-row fusion-flex-align-items-flex-start fusion-flex-justify-content-center\" style=\"max-width:1310.4px;margin-left: calc(-4% \/ 2 );margin-right: calc(-4% \/ 2 );\"><div class=\"fusion-layout-column fusion_builder_column fusion-builder-column-0 fusion_builder_column_3_4 3_4 fusion-flex-column\"><div class=\"fusion-column-wrapper fusion-flex-justify-content-flex-start fusion-content-layout-column\" style=\"background-position:left top;background-repeat:no-repeat;-webkit-background-size:cover;-moz-background-size:cover;-o-background-size:cover;background-size:cover;padding: 0px 0px 0px 0px;\"><div style=\"text-align:center;\"><span class=\" fusion-imageframe imageframe-none imageframe-1 hover-type-none\" style=\"border-radius:12px;\"><img decoding=\"async\" width=\"300\" height=\"110\" title=\"clearcorrect-logo\" src=\"https:\/\/hadocongress.com\/2023\/wp-content\/uploads\/2023\/08\/clearcorrect-logo.png\" data-orig-src=\"https:\/\/hadocongress.com\/2023\/wp-content\/uploads\/2023\/08\/clearcorrect-logo-300x110.png\" alt class=\"lazyload img-responsive wp-image-4235\" srcset=\"data:image\/svg+xml,%3Csvg%20xmlns%3D%27http%3A%2F%2Fwww.w3.org%2F2000%2Fsvg%27%20width%3D%27600%27%20height%3D%27220%27%20viewBox%3D%270%200%20600%20220%27%3E%3Crect%20width%3D%27600%27%20height%3D%27220%27%20fill-opacity%3D%220%22%2F%3E%3C%2Fsvg%3E\" data-srcset=\"https:\/\/hadocongress.com\/2023\/wp-content\/uploads\/2023\/08\/clearcorrect-logo-200x73.png 200w, https:\/\/hadocongress.com\/2023\/wp-content\/uploads\/2023\/08\/clearcorrect-logo-400x147.png 400w, https:\/\/hadocongress.com\/2023\/wp-content\/uploads\/2023\/08\/clearcorrect-logo.png 600w\" data-sizes=\"auto\" data-orig-sizes=\"(max-width: 640px) 100vw, 300px\" \/><\/span><\/div><\/div><style type=\"text\/css\">.fusion-body .fusion-builder-column-0{width:75% !important;margin-top : 20px;margin-bottom : 20px;}.fusion-builder-column-0 > .fusion-column-wrapper {padding-top : 0px !important;padding-right : 0px !important;margin-right : 2.56%;padding-bottom : 0px !important;padding-left : 0px !important;margin-left : 2.56%;}@media only screen and (max-width:1200px) {.fusion-body .fusion-builder-column-0{width:75% !important;order : 0;}.fusion-builder-column-0 > .fusion-column-wrapper {margin-right : 2.56%;margin-left : 2.56%;}}@media only screen and (max-width:640px) {.fusion-body .fusion-builder-column-0{width:100% !important;order : 0;}.fusion-builder-column-0 > .fusion-column-wrapper {margin-right : 1.92%;margin-left : 1.92%;}}<\/style><\/div><div class=\"fusion-layout-column fusion_builder_column fusion-builder-column-1 fusion_builder_column_3_4 3_4 fusion-flex-column\"><div class=\"fusion-column-wrapper fusion-flex-justify-content-flex-start fusion-content-layout-column\" style=\"background-position:left top;background-repeat:no-repeat;-webkit-background-size:cover;-moz-background-size:cover;-o-background-size:cover;background-size:cover;padding: 0px 0px 0px 0px;\"><style type=\"text\/css\">@media only screen and (max-width:1200px) {.fusion-title.fusion-title-1{margin-top:10px!important; margin-right:0px!important;margin-bottom:20px!important;margin-left:0px!important;}}@media only screen and (max-width:640px) {.fusion-title.fusion-title-1{margin-top:10px!important; margin-right:0px!important;margin-bottom:20px!important; margin-left:0px!important;}}<\/style><div class=\"fusion-title title fusion-title-1 fusion-sep-none fusion-title-center fusion-title-text fusion-title-size-three\" style=\"margin-top:10px;margin-right:0px;margin-bottom:20px;margin-left:0px;\"><h3 class=\"title-heading-center fusion-responsive-typography-calculated\" style=\"margin:0;--fontSize:36;line-height:1.3;\">Clear Correct<\/h3><\/div><div class=\"fusion-text fusion-text-1\" style=\"text-transform:none;\"><p>A ClearCorrect egy glob\u00e1lis fogszab\u00e1lyoz\u00e1si m\u00e1rka, amely m\u00f6g\u00f6tt nemcsak rengeteg innov\u00e1ci\u00f3 \u00e9s kutat\u00e1s, hanem a <strong><em>Straumann Group<\/em><\/strong> kiemelked\u0151 klinikai tapasztalata \u00e1ll. Ezzel a h\u00e1tt\u00e9rrel garant\u00e1lni tudjuk \u00dcgyfeleinknek a sz\u00fcks\u00e9ges t\u00e1mogat\u00e1st, a felhaszn\u00e1l\u00e1s teljesk\u00f6r\u0171 szabads\u00e1g\u00e1t, valamint azokat a kiemelked\u0151 min\u0151s\u00e9g\u0171 fogszab\u00e1lyoz\u00e1si term\u00e9keket, melyeket felhaszn\u00e1l\u00f3 orvosaink \u00e9s azok p\u00e1ciensei is meg\u00e9rdemelnek.<\/p>\n<p>A ClearCorrect alignerek k\u00fcl\u00f6n erre a c\u00e9lra kifejlesztett a ClearQuartz\u2122 szabadalmaztatott anyagb\u00f3l k\u00e9sz\u00fclnek, speci\u00e1lisan eldolgozott sz\u00e9lek egyed\u00fcl\u00e1ll\u00f3 kombin\u00e1ci\u00f3ja, amellyel k\u00f6nny\u0171 \u00e9s gyors kezel\u00e9sek val\u00f3s\u00edthat\u00f3ak meg.<\/p>\n<p>A digit\u00e1lis munkafolyamatokat \u00fagy tervezt\u00fck, hogy val\u00f3ban megadhassuk felhaszn\u00e1l\u00f3inknak a teljesk\u00f6r\u0171 szabads\u00e1got.<\/p>\n<p>Dolgozzon \u00d6n is \u00fagy, ahogyan szeretne: v\u00e1lasszon ki b\u00e1rmilyen IOS-rendszert, k\u00e9sz\u00edtsen el szem\u00e9lyre szabott kezel\u00e9si tervet, illet\u0151leg v\u00e1lassza ki az \u00d6nnek a legjobban megfelel\u0151 kezel\u00e9si lehet\u0151s\u00e9get.<\/p>\n<p>Kezel\u00e9si tervek elk\u00e9sz\u00edt\u00e9se v\u00e9gtelen\u00fcl egyszer\u0171 az intuit\u00edv kezel\u00e9stervez\u0151 eszk\u00f6zzel, a ClearPilottal\u2122.<\/p>\n<p>A ClearPilot\u2122 a tervez\u00e9st\u0151l a j\u00f3v\u00e1hagy\u00e1sig biztos\u00edtja a megfelel\u0151 ir\u00e1ny\u00edt\u00e1st \u00e9s a rugalmass\u00e1got a felhaszn\u00e1l\u00f3k r\u00e9sz\u00e9re.<\/p>\n<p>Tervez\u0151 csapatunk t\u00f6bb mint 20 \u00e9ves digit\u00e1lis fogszab\u00e1lyoz\u00e1si tervez\u00e9si tapasztalattal rendelkezik, ezzel hat\u00e9kony tervez\u00e9st \u00e9s egy\u00fcttm\u0171k\u00f6d\u00e9st biztos\u00edtunk a kezel\u00e9si c\u00e9lok el\u00e9r\u00e9se \u00e9rdek\u00e9ben.<\/p>\n<p>A ClearCorrectet az indul\u00e1s napj\u00e1t\u00f3l kezdve a szem\u00e9lyes, odafigyel\u0151 t\u00e1mogat\u00e1s erej\u00e9re \u00e9p\u00edtett\u00fck fel. Ak\u00e1r klinikai, ak\u00e1r technikai jelleg\u0171 az ig\u00e9ny, csapatunk elk\u00f6telezett amellett, hogy minden l\u00e9p\u00e9sn\u00e9l kiv\u00e1l\u00f3 szolg\u00e1ltat\u00e1st ny\u00fajtson \u00dcgyfeleink sz\u00e1m\u00e1ra.<\/p>\n<p>Ma a ClearCorrecttel vil\u00e1gszerte t\u00f6bb t\u00edzezer fogorvossal dolgozik egy\u00fctt, a c\u00e9g t\u00f6bb milli\u00f3 alignert k\u00e9sz\u00edt.<\/p>\n<p>Els\u0151dleges c\u00e9lunknak tekintj\u00fck, hogy meghallgassuk a partnereinket ig\u00e9nyeit. Ez az, ami t\u00f6bb mint 16 \u00e9ve tart minket a piacon, \u00e9s ez alapj\u00e1n biztosan \u00e1ll\u00edthatjuk, hogy mindig is itt lesz\u00fcnk.<\/p>\n<p>Straumann GmbH Magyarorsz\u00e1gi Fi\u00f3ktelepe<br \/>\n1016 Budapest, Hegyalja \u00fat 7-13.<\/p>\n<p>Territory sales manager: Igaz Andrea<\/p>\n<p>Email: <a href=\"mailto:andrea.igaz@straumann.com\">andrea.igaz@straumann.com<\/a><\/p>\n<\/div><\/div><style type=\"text\/css\">.fusion-body .fusion-builder-column-1{width:75% !important;margin-top : 20px;margin-bottom : 20px;}.fusion-builder-column-1 > .fusion-column-wrapper {padding-top : 0px !important;padding-right : 0px !important;margin-right : 2.56%;padding-bottom : 0px !important;padding-left : 0px !important;margin-left : 2.56%;}@media only screen and (max-width:1200px) {.fusion-body .fusion-builder-column-1{width:75% !important;order : 0;}.fusion-builder-column-1 > .fusion-column-wrapper {margin-right : 2.56%;margin-left : 2.56%;}}@media only screen and (max-width:640px) {.fusion-body .fusion-builder-column-1{width:100% !important;order : 0;}.fusion-builder-column-1 > .fusion-column-wrapper {margin-right : 1.92%;margin-left : 1.92%;}}<\/style><\/div><\/div><style type=\"text\/css\">.fusion-body .fusion-flex-container.fusion-builder-row-1{ padding-top : 0px;margin-top : 0px;padding-right : 0px;padding-bottom : 0px;margin-bottom : 0px;padding-left : 0px;}<\/style><\/div>\n","protected":false},"excerpt":{"rendered":"","protected":false},"author":1,"featured_media":0,"parent":1099,"menu_order":0,"comment_status":"closed","ping_status":"closed","template":"100-width.php","meta":{"footnotes":""},"yoast_head":"<!-- This site is optimized with the Yoast SEO plugin v19.6.1 - https:\/\/yoast.com\/wordpress\/plugins\/seo\/ -->\n<title>Clearcorrect - Magyar \u00c1llcsont-ortop\u00e9diai \u00e9s Fogszab\u00e1lyoz\u00e1si T\u00e1rsas\u00e1g I. Nemzetk\u00f6zi Kongresszusa<\/title>\n<meta name=\"robots\" content=\"index, follow, max-snippet:-1, max-image-preview:large, max-video-preview:-1\" \/>\n<link rel=\"canonical\" href=\"https:\/\/hadocongress.com\/2023\/szponzorok\/clearcorrect\/\" \/>\n<meta property=\"og:locale\" content=\"hu_HU\" \/>\n<meta property=\"og:type\" content=\"article\" \/>\n<meta property=\"og:title\" content=\"Clearcorrect - Magyar \u00c1llcsont-ortop\u00e9diai \u00e9s Fogszab\u00e1lyoz\u00e1si T\u00e1rsas\u00e1g I. Nemzetk\u00f6zi Kongresszusa\" \/>\n<meta property=\"og:url\" content=\"https:\/\/hadocongress.com\/2023\/szponzorok\/clearcorrect\/\" \/>\n<meta property=\"og:site_name\" content=\"Magyar \u00c1llcsont-ortop\u00e9diai \u00e9s Fogszab\u00e1lyoz\u00e1si T\u00e1rsas\u00e1g I. Nemzetk\u00f6zi Kongresszusa\" \/>\n<meta property=\"article:modified_time\" content=\"2023-08-15T07:29:44+00:00\" \/>\n<meta name=\"twitter:card\" content=\"summary_large_image\" \/>\n<meta name=\"twitter:label1\" content=\"Becs\u00fclt olvas\u00e1si id\u0151\" \/>\n\t<meta name=\"twitter:data1\" content=\"8 perc\" \/>\n<script type=\"application\/ld+json\" class=\"yoast-schema-graph\">{\"@context\":\"https:\/\/schema.org\",\"@graph\":[{\"@type\":\"WebPage\",\"@id\":\"https:\/\/hadocongress.com\/2023\/szponzorok\/clearcorrect\/\",\"url\":\"https:\/\/hadocongress.com\/2023\/szponzorok\/clearcorrect\/\",\"name\":\"Clearcorrect - Magyar \u00c1llcsont-ortop\u00e9diai \u00e9s Fogszab\u00e1lyoz\u00e1si T\u00e1rsas\u00e1g I. Nemzetk\u00f6zi Kongresszusa\",\"isPartOf\":{\"@id\":\"https:\/\/hadocongress.com\/2023\/#website\"},\"datePublished\":\"2022-04-21T07:47:53+00:00\",\"dateModified\":\"2023-08-15T07:29:44+00:00\",\"breadcrumb\":{\"@id\":\"https:\/\/hadocongress.com\/2023\/szponzorok\/clearcorrect\/#breadcrumb\"},\"inLanguage\":\"hu\",\"potentialAction\":[{\"@type\":\"ReadAction\",\"target\":[\"https:\/\/hadocongress.com\/2023\/szponzorok\/clearcorrect\/\"]}]},{\"@type\":\"BreadcrumbList\",\"@id\":\"https:\/\/hadocongress.com\/2023\/szponzorok\/clearcorrect\/#breadcrumb\",\"itemListElement\":[{\"@type\":\"ListItem\",\"position\":1,\"name\":\"Kezd\u0151lap\",\"item\":\"https:\/\/hadocongress.com\/2023\/\"},{\"@type\":\"ListItem\",\"position\":2,\"name\":\"Szponzorok\",\"item\":\"https:\/\/hadocongress.com\/2023\/szponzorok\/\"},{\"@type\":\"ListItem\",\"position\":3,\"name\":\"Clearcorrect\"}]},{\"@type\":\"WebSite\",\"@id\":\"https:\/\/hadocongress.com\/2023\/#website\",\"url\":\"https:\/\/hadocongress.com\/2023\/\",\"name\":\"Magyar \u00c1llcsont-ortop\u00e9diai \u00e9s Fogszab\u00e1lyoz\u00e1si T\u00e1rsas\u00e1g I. Nemzetk\u00f6zi Kongresszusa\",\"description\":\"#breakthru2022\",\"publisher\":{\"@id\":\"https:\/\/hadocongress.com\/2023\/#organization\"},\"potentialAction\":[{\"@type\":\"SearchAction\",\"target\":{\"@type\":\"EntryPoint\",\"urlTemplate\":\"https:\/\/hadocongress.com\/2023\/?s={search_term_string}\"},\"query-input\":\"required name=search_term_string\"}],\"inLanguage\":\"hu\"},{\"@type\":\"Organization\",\"@id\":\"https:\/\/hadocongress.com\/2023\/#organization\",\"name\":\"hadocongress.com\",\"url\":\"https:\/\/hadocongress.com\/2023\/\",\"sameAs\":[],\"logo\":{\"@type\":\"ImageObject\",\"inLanguage\":\"hu\",\"@id\":\"https:\/\/hadocongress.com\/2023\/#\/schema\/logo\/image\/\",\"url\":\"https:\/\/hadocongress.com\/2023\/wp-content\/uploads\/2022\/02\/logo-default.png\",\"contentUrl\":\"https:\/\/hadocongress.com\/2023\/wp-content\/uploads\/2022\/02\/logo-default.png\",\"width\":342,\"height\":102,\"caption\":\"hadocongress.com\"},\"image\":{\"@id\":\"https:\/\/hadocongress.com\/2023\/#\/schema\/logo\/image\/\"}}]}<\/script>\n<!-- \/ Yoast SEO plugin. -->","yoast_head_json":{"title":"Clearcorrect - Magyar \u00c1llcsont-ortop\u00e9diai \u00e9s Fogszab\u00e1lyoz\u00e1si T\u00e1rsas\u00e1g I. Nemzetk\u00f6zi Kongresszusa","robots":{"index":"index","follow":"follow","max-snippet":"max-snippet:-1","max-image-preview":"max-image-preview:large","max-video-preview":"max-video-preview:-1"},"canonical":"https:\/\/hadocongress.com\/2023\/szponzorok\/clearcorrect\/","og_locale":"hu_HU","og_type":"article","og_title":"Clearcorrect - Magyar \u00c1llcsont-ortop\u00e9diai \u00e9s Fogszab\u00e1lyoz\u00e1si T\u00e1rsas\u00e1g I. Nemzetk\u00f6zi Kongresszusa","og_url":"https:\/\/hadocongress.com\/2023\/szponzorok\/clearcorrect\/","og_site_name":"Magyar \u00c1llcsont-ortop\u00e9diai \u00e9s Fogszab\u00e1lyoz\u00e1si T\u00e1rsas\u00e1g I. Nemzetk\u00f6zi Kongresszusa","article_modified_time":"2023-08-15T07:29:44+00:00","twitter_card":"summary_large_image","twitter_misc":{"Becs\u00fclt olvas\u00e1si id\u0151":"8 perc"},"schema":{"@context":"https:\/\/schema.org","@graph":[{"@type":"WebPage","@id":"https:\/\/hadocongress.com\/2023\/szponzorok\/clearcorrect\/","url":"https:\/\/hadocongress.com\/2023\/szponzorok\/clearcorrect\/","name":"Clearcorrect - Magyar \u00c1llcsont-ortop\u00e9diai \u00e9s Fogszab\u00e1lyoz\u00e1si T\u00e1rsas\u00e1g I. Nemzetk\u00f6zi Kongresszusa","isPartOf":{"@id":"https:\/\/hadocongress.com\/2023\/#website"},"datePublished":"2022-04-21T07:47:53+00:00","dateModified":"2023-08-15T07:29:44+00:00","breadcrumb":{"@id":"https:\/\/hadocongress.com\/2023\/szponzorok\/clearcorrect\/#breadcrumb"},"inLanguage":"hu","potentialAction":[{"@type":"ReadAction","target":["https:\/\/hadocongress.com\/2023\/szponzorok\/clearcorrect\/"]}]},{"@type":"BreadcrumbList","@id":"https:\/\/hadocongress.com\/2023\/szponzorok\/clearcorrect\/#breadcrumb","itemListElement":[{"@type":"ListItem","position":1,"name":"Kezd\u0151lap","item":"https:\/\/hadocongress.com\/2023\/"},{"@type":"ListItem","position":2,"name":"Szponzorok","item":"https:\/\/hadocongress.com\/2023\/szponzorok\/"},{"@type":"ListItem","position":3,"name":"Clearcorrect"}]},{"@type":"WebSite","@id":"https:\/\/hadocongress.com\/2023\/#website","url":"https:\/\/hadocongress.com\/2023\/","name":"Magyar \u00c1llcsont-ortop\u00e9diai \u00e9s Fogszab\u00e1lyoz\u00e1si T\u00e1rsas\u00e1g I. Nemzetk\u00f6zi Kongresszusa","description":"#breakthru2022","publisher":{"@id":"https:\/\/hadocongress.com\/2023\/#organization"},"potentialAction":[{"@type":"SearchAction","target":{"@type":"EntryPoint","urlTemplate":"https:\/\/hadocongress.com\/2023\/?s={search_term_string}"},"query-input":"required name=search_term_string"}],"inLanguage":"hu"},{"@type":"Organization","@id":"https:\/\/hadocongress.com\/2023\/#organization","name":"hadocongress.com","url":"https:\/\/hadocongress.com\/2023\/","sameAs":[],"logo":{"@type":"ImageObject","inLanguage":"hu","@id":"https:\/\/hadocongress.com\/2023\/#\/schema\/logo\/image\/","url":"https:\/\/hadocongress.com\/2023\/wp-content\/uploads\/2022\/02\/logo-default.png","contentUrl":"https:\/\/hadocongress.com\/2023\/wp-content\/uploads\/2022\/02\/logo-default.png","width":342,"height":102,"caption":"hadocongress.com"},"image":{"@id":"https:\/\/hadocongress.com\/2023\/#\/schema\/logo\/image\/"}}]}},"_links":{"self":[{"href":"https:\/\/hadocongress.com\/2023\/wp-json\/wp\/v2\/pages\/2972"}],"collection":[{"href":"https:\/\/hadocongress.com\/2023\/wp-json\/wp\/v2\/pages"}],"about":[{"href":"https:\/\/hadocongress.com\/2023\/wp-json\/wp\/v2\/types\/page"}],"author":[{"embeddable":true,"href":"https:\/\/hadocongress.com\/2023\/wp-json\/wp\/v2\/users\/1"}],"replies":[{"embeddable":true,"href":"https:\/\/hadocongress.com\/2023\/wp-json\/wp\/v2\/comments?post=2972"}],"version-history":[{"count":4,"href":"https:\/\/hadocongress.com\/2023\/wp-json\/wp\/v2\/pages\/2972\/revisions"}],"predecessor-version":[{"id":4237,"href":"https:\/\/hadocongress.com\/2023\/wp-json\/wp\/v2\/pages\/2972\/revisions\/4237"}],"up":[{"embeddable":true,"href":"https:\/\/hadocongress.com\/2023\/wp-json\/wp\/v2\/pages\/1099"}],"wp:attachment":[{"href":"https:\/\/hadocongress.com\/2023\/wp-json\/wp\/v2\/media?parent=2972"}],"curies":[{"name":"wp","href":"https:\/\/api.w.org\/{rel}","templated":true}]}}