{"id":2956,"date":"2022-04-21T07:29:05","date_gmt":"2022-04-21T07:29:05","guid":{"rendered":"https:\/\/hadocongress.com\/2023\/?page_id=2956"},"modified":"2023-08-15T06:36:50","modified_gmt":"2023-08-15T06:36:50","slug":"forestadent","status":"publish","type":"page","link":"https:\/\/hadocongress.com\/2023\/szponzorok\/forestadent\/","title":{"rendered":"Forestadent"},"content":{"rendered":"<div class=\"fusion-fullwidth fullwidth-box fusion-builder-row-1 fusion-flex-container nonhundred-percent-fullwidth non-hundred-percent-height-scrolling\" style=\"background-color: rgba(255,255,255,0);background-position: center center;background-repeat: no-repeat;border-width: 0px 0px 0px 0px;border-color:var(--awb-color3);border-style:solid;\" ><div class=\"fusion-builder-row fusion-row fusion-flex-align-items-flex-start fusion-flex-justify-content-center\" style=\"max-width:1310.4px;margin-left: calc(-4% \/ 2 );margin-right: calc(-4% \/ 2 );\"><div class=\"fusion-layout-column fusion_builder_column fusion-builder-column-0 fusion_builder_column_3_4 3_4 fusion-flex-column\"><div class=\"fusion-column-wrapper fusion-flex-justify-content-flex-start fusion-content-layout-column\" style=\"background-position:left top;background-repeat:no-repeat;-webkit-background-size:cover;-moz-background-size:cover;-o-background-size:cover;background-size:cover;padding: 0px 0px 0px 0px;\"><div style=\"text-align:center;\"><span class=\" fusion-imageframe imageframe-none imageframe-1 hover-type-none\" style=\"border-radius:12px;\"><img decoding=\"async\" width=\"450\" height=\"167\" title=\"forestadent-logo\" src=\"https:\/\/hadocongress.com\/2023\/wp-content\/uploads\/2022\/04\/forestadent-logo-1.jpg\" data-orig-src=\"https:\/\/hadocongress.com\/2023\/wp-content\/uploads\/2022\/04\/forestadent-logo-1.jpg\" alt class=\"lazyload img-responsive wp-image-2962\" srcset=\"data:image\/svg+xml,%3Csvg%20xmlns%3D%27http%3A%2F%2Fwww.w3.org%2F2000%2Fsvg%27%20width%3D%27450%27%20height%3D%27167%27%20viewBox%3D%270%200%20450%20167%27%3E%3Crect%20width%3D%27450%27%20height%3D%27167%27%20fill-opacity%3D%220%22%2F%3E%3C%2Fsvg%3E\" data-srcset=\"https:\/\/hadocongress.com\/2023\/wp-content\/uploads\/2022\/04\/forestadent-logo-1-200x74.jpg 200w, https:\/\/hadocongress.com\/2023\/wp-content\/uploads\/2022\/04\/forestadent-logo-1-400x148.jpg 400w, https:\/\/hadocongress.com\/2023\/wp-content\/uploads\/2022\/04\/forestadent-logo-1.jpg 450w\" data-sizes=\"auto\" data-orig-sizes=\"(max-width: 640px) 100vw, 450px\" \/><\/span><\/div><\/div><style type=\"text\/css\">.fusion-body .fusion-builder-column-0{width:75% !important;margin-top : 20px;margin-bottom : 20px;}.fusion-builder-column-0 > .fusion-column-wrapper {padding-top : 0px !important;padding-right : 0px !important;margin-right : 2.56%;padding-bottom : 0px !important;padding-left : 0px !important;margin-left : 2.56%;}@media only screen and (max-width:1200px) {.fusion-body .fusion-builder-column-0{width:75% !important;order : 0;}.fusion-builder-column-0 > .fusion-column-wrapper {margin-right : 2.56%;margin-left : 2.56%;}}@media only screen and (max-width:640px) {.fusion-body .fusion-builder-column-0{width:100% !important;order : 0;}.fusion-builder-column-0 > .fusion-column-wrapper {margin-right : 1.92%;margin-left : 1.92%;}}<\/style><\/div><div class=\"fusion-layout-column fusion_builder_column fusion-builder-column-1 fusion_builder_column_3_4 3_4 fusion-flex-column\"><div class=\"fusion-column-wrapper fusion-flex-justify-content-flex-start fusion-content-layout-column\" style=\"background-position:left top;background-repeat:no-repeat;-webkit-background-size:cover;-moz-background-size:cover;-o-background-size:cover;background-size:cover;padding: 0px 0px 0px 0px;\"><style type=\"text\/css\">@media only screen and (max-width:1200px) {.fusion-title.fusion-title-1{margin-top:10px!important; margin-right:0px!important;margin-bottom:20px!important;margin-left:0px!important;}}@media only screen and (max-width:640px) {.fusion-title.fusion-title-1{margin-top:10px!important; margin-right:0px!important;margin-bottom:20px!important; margin-left:0px!important;}}<\/style><div class=\"fusion-title title fusion-title-1 fusion-sep-none fusion-title-center fusion-title-text fusion-title-size-three\" style=\"margin-top:10px;margin-right:0px;margin-bottom:20px;margin-left:0px;\"><h3 class=\"title-heading-center fusion-responsive-typography-calculated\" style=\"margin:0;--fontSize:36;line-height:1.3;\">FORESTADENT \u2013 precizit\u00e1s, hagyom\u00e1nyokkal<\/h3><\/div><div class=\"fusion-text fusion-text-1\" style=\"text-transform:none;\"><p>Az FORESTADENT az \u00e9kszer- \u00e9s \u00f3raiparban kezdte tev\u00e9kenys\u00e9g\u00e9t 1907-ben \u00e9s m\u00e1ra a vil\u00e1g egyik vezet\u0151 min\u0151s\u00e9gi fogszab\u00e1lyoz\u00f3 term\u00e9keket k\u00edn\u00e1l\u00f3 gy\u00e1rt\u00f3ja. A n\u00e9met \u00e9kszer- \u00e9s \u00f3raipar 1970-es \u00e9vekbeli szerkezeti v\u00e1ltoz\u00e1sa, valamint az olcs\u00f3 t\u00e1vol-keleti c\u00e9gek term\u00e9keivel val\u00f3 verseng\u00e9s a F\u00f6rster csal\u00e1dot v\u00e9g\u00fcl v\u00e1ltoztat\u00e1sra k\u00e9nyszer\u00edtette. Olyan utat v\u00e1lasztottak, amelyben felhaszn\u00e1lhatt\u00e1k a kor\u00e1bban megszerzett rengeteg tapasztalatot. Ami 1974-ben kezd\u0151d\u00f6tt a FORESTADENT-tel \u00e9s a t\u00e1g\u00edt\u00f3csavarok gy\u00e1rt\u00e1s\u00e1val, m\u00e1ra m\u00e1r t\u00f6bb mint n\u00e9gy \u00e9vtizede tart\u00f3 sikert\u00f6rt\u00e9net.<\/p>\n<p>Azok akik manaps\u00e1g a FORESTADENT term\u00e9keket v\u00e1lasztj\u00e1k, a p\u00e1ratlan pontoss\u00e1got \u00e9lvezik. Ennek oka megtal\u00e1lhat\u00f3 a t\u00f6bb mint 111 \u00e9ves v\u00e1llalati t\u00f6rt\u00e9nelemben, amelyet a kezdetekt\u0151l napjainkig a legjobb fel\u00fcleti tulajdons\u00e1gok \u00e9s a legnagyobb pontoss\u00e1g megval\u00f3s\u00edt\u00e1s\u00e1val alak\u00edtottak ki \u2013 gener\u00e1ci\u00f3k sor\u00e1n megszerzett komplex m\u0171szaki ismeretek a legk\u00fcl\u00f6nf\u00e9l\u00e9bb anyagok k\u00e9sz\u00edt\u00e9s\u00e9r\u0151l, megmunk\u00e1l\u00e1s\u00e1r\u00f3l. Ehhez ad\u00f3dtak hozz\u00e1 a nagy pontoss\u00e1g\u00fa, kis alkatr\u00e9szek gy\u00e1rt\u00e1s\u00e1hoz sz\u00fcks\u00e9ges speci\u00e1lis k\u00e9pess\u00e9gek. Ezt a filoz\u00f3fi\u00e1t minden term\u00e9k t\u00fckr\u00f6zi. Fontos szempont m\u00e9g az \u00fcgyfelek k\u00f6zels\u00e9ge, hogy korszer\u0171, praktikus megold\u00e1sokat tudjanak aj\u00e1nlani sz\u00e1mukra. T\u00f6bb mint 43 \u00e9ve m\u0171k\u00f6dnek egy\u00fctt a praxisok \u00e9s klinik\u00e1k elismert szak\u00e9rt\u0151ivel, mely m\u00e1ra egy glob\u00e1lis h\u00e1l\u00f3zatba szervezett klinikai tan\u00e1csad\u00f3kb\u00f3l \u00e1ll\u00f3 csapat, amelynek \u00e9rt\u00e9kes javaslatai be\u00e1ramlanak a term\u00e9kek fejleszt\u00e9si folyamataiba. Ezen fel\u00fcl az \u00f6szt\u00f6n \u00e9s a trendek ir\u00e1nti \u00e9rz\u00e9k is hozz\u00e1j\u00e1rul a FORESTADENT siker\u00e9hez.<\/p>\n<p>Ez a t\u00f6bb \u00e9vtizedes tapasztalat, a legnagyobb gondoss\u00e1g \u00e9s az \u00faj\u00edthatatlan szellem teszi a FORESTADENT term\u00e9keit olyanokk\u00e1, amilyenek ma \u2013 egyed\u00fcl\u00e1ll\u00f3ak.<\/p>\n<p><strong><u>Inform\u00e1ci\u00f3:<\/u><\/strong><\/p>\n<p><strong>Oridental Kft.<\/strong><\/p>\n<p><img decoding=\"async\" class=\"lazyload alignnone wp-image-2959\" src=\"https:\/\/hadocongress.com\/2023\/wp-content\/uploads\/2022\/04\/ridental-kft.jpg\" data-orig-src=\"https:\/\/hadocongress.com\/2023\/wp-content\/uploads\/2022\/04\/ridental-kft.jpg\" alt=\"\" width=\"275\" height=\"125\" srcset=\"data:image\/svg+xml,%3Csvg%20xmlns%3D%27http%3A%2F%2Fwww.w3.org%2F2000%2Fsvg%27%20width%3D%27275%27%20height%3D%27125%27%20viewBox%3D%270%200%20275%20125%27%3E%3Crect%20width%3D%27275%27%20height%3D%27125%27%20fill-opacity%3D%220%22%2F%3E%3C%2Fsvg%3E\" data-srcset=\"https:\/\/hadocongress.com\/2023\/wp-content\/uploads\/2022\/04\/ridental-kft-200x91.jpg 200w, https:\/\/hadocongress.com\/2023\/wp-content\/uploads\/2022\/04\/ridental-kft-300x136.jpg 300w, https:\/\/hadocongress.com\/2023\/wp-content\/uploads\/2022\/04\/ridental-kft-400x182.jpg 400w, https:\/\/hadocongress.com\/2023\/wp-content\/uploads\/2022\/04\/ridental-kft.jpg 422w\" data-sizes=\"auto\" data-orig-sizes=\"(max-width: 275px) 100vw, 275px\" \/><\/p>\n<p><strong>6000 Kecskem\u00e9t, S\u00e1s u.1<br \/>\nTel.: +36 20\u00a0928 2922, +36 76\u00a0494\u00a0066<br \/>\ne-mail:\u00a0<\/strong><a href=\"mailto:oridental@t-online.hu\"><strong>oridental@t-online.hu<\/strong><\/a><br \/>\n<a href=\"http:\/\/www.oridental.hu\/\"><strong>www.oridental.hu<\/strong><\/a><strong>\u00a0\u00a0 <\/strong><a href=\"http:\/\/www.forestadent.com\"><strong>www.forestadent.com<\/strong><\/a><\/p>\n<\/div><\/div><style type=\"text\/css\">.fusion-body .fusion-builder-column-1{width:75% !important;margin-top : 20px;margin-bottom : 20px;}.fusion-builder-column-1 > .fusion-column-wrapper {padding-top : 0px !important;padding-right : 0px !important;margin-right : 2.56%;padding-bottom : 0px !important;padding-left : 0px !important;margin-left : 2.56%;}@media only screen and (max-width:1200px) {.fusion-body .fusion-builder-column-1{width:75% !important;order : 0;}.fusion-builder-column-1 > .fusion-column-wrapper {margin-right : 2.56%;margin-left : 2.56%;}}@media only screen and (max-width:640px) {.fusion-body .fusion-builder-column-1{width:100% !important;order : 0;}.fusion-builder-column-1 > .fusion-column-wrapper {margin-right : 1.92%;margin-left : 1.92%;}}<\/style><\/div><\/div><style type=\"text\/css\">.fusion-body .fusion-flex-container.fusion-builder-row-1{ padding-top : 0px;margin-top : 0px;padding-right : 0px;padding-bottom : 0px;margin-bottom : 0px;padding-left : 0px;}<\/style><\/div>\n","protected":false},"excerpt":{"rendered":"","protected":false},"author":1,"featured_media":0,"parent":1099,"menu_order":0,"comment_status":"closed","ping_status":"closed","template":"100-width.php","meta":{"footnotes":""},"yoast_head":"<!-- This site is optimized with the Yoast SEO plugin v19.6.1 - https:\/\/yoast.com\/wordpress\/plugins\/seo\/ -->\n<title>Forestadent - Magyar \u00c1llcsont-ortop\u00e9diai \u00e9s Fogszab\u00e1lyoz\u00e1si T\u00e1rsas\u00e1g I. Nemzetk\u00f6zi Kongresszusa<\/title>\n<meta name=\"robots\" content=\"index, follow, max-snippet:-1, max-image-preview:large, max-video-preview:-1\" \/>\n<link rel=\"canonical\" href=\"https:\/\/hadocongress.com\/2023\/szponzorok\/forestadent\/\" \/>\n<meta property=\"og:locale\" content=\"hu_HU\" \/>\n<meta property=\"og:type\" content=\"article\" \/>\n<meta property=\"og:title\" content=\"Forestadent - Magyar \u00c1llcsont-ortop\u00e9diai \u00e9s Fogszab\u00e1lyoz\u00e1si T\u00e1rsas\u00e1g I. Nemzetk\u00f6zi Kongresszusa\" \/>\n<meta property=\"og:url\" content=\"https:\/\/hadocongress.com\/2023\/szponzorok\/forestadent\/\" \/>\n<meta property=\"og:site_name\" content=\"Magyar \u00c1llcsont-ortop\u00e9diai \u00e9s Fogszab\u00e1lyoz\u00e1si T\u00e1rsas\u00e1g I. Nemzetk\u00f6zi Kongresszusa\" \/>\n<meta property=\"article:modified_time\" content=\"2023-08-15T06:36:50+00:00\" \/>\n<meta property=\"og:image\" content=\"https:\/\/hadocongress.com\/2023\/wp-content\/uploads\/2022\/04\/ridental-kft.jpg\" \/>\n<meta name=\"twitter:card\" content=\"summary_large_image\" \/>\n<meta name=\"twitter:label1\" content=\"Becs\u00fclt olvas\u00e1si id\u0151\" \/>\n\t<meta name=\"twitter:data1\" content=\"8 perc\" \/>\n<script type=\"application\/ld+json\" class=\"yoast-schema-graph\">{\"@context\":\"https:\/\/schema.org\",\"@graph\":[{\"@type\":\"WebPage\",\"@id\":\"https:\/\/hadocongress.com\/2023\/szponzorok\/forestadent\/\",\"url\":\"https:\/\/hadocongress.com\/2023\/szponzorok\/forestadent\/\",\"name\":\"Forestadent - Magyar \u00c1llcsont-ortop\u00e9diai \u00e9s Fogszab\u00e1lyoz\u00e1si T\u00e1rsas\u00e1g I. Nemzetk\u00f6zi Kongresszusa\",\"isPartOf\":{\"@id\":\"https:\/\/hadocongress.com\/2023\/#website\"},\"datePublished\":\"2022-04-21T07:29:05+00:00\",\"dateModified\":\"2023-08-15T06:36:50+00:00\",\"breadcrumb\":{\"@id\":\"https:\/\/hadocongress.com\/2023\/szponzorok\/forestadent\/#breadcrumb\"},\"inLanguage\":\"hu\",\"potentialAction\":[{\"@type\":\"ReadAction\",\"target\":[\"https:\/\/hadocongress.com\/2023\/szponzorok\/forestadent\/\"]}]},{\"@type\":\"BreadcrumbList\",\"@id\":\"https:\/\/hadocongress.com\/2023\/szponzorok\/forestadent\/#breadcrumb\",\"itemListElement\":[{\"@type\":\"ListItem\",\"position\":1,\"name\":\"Kezd\u0151lap\",\"item\":\"https:\/\/hadocongress.com\/2023\/\"},{\"@type\":\"ListItem\",\"position\":2,\"name\":\"Szponzorok\",\"item\":\"https:\/\/hadocongress.com\/2023\/szponzorok\/\"},{\"@type\":\"ListItem\",\"position\":3,\"name\":\"Forestadent\"}]},{\"@type\":\"WebSite\",\"@id\":\"https:\/\/hadocongress.com\/2023\/#website\",\"url\":\"https:\/\/hadocongress.com\/2023\/\",\"name\":\"Magyar \u00c1llcsont-ortop\u00e9diai \u00e9s Fogszab\u00e1lyoz\u00e1si T\u00e1rsas\u00e1g I. Nemzetk\u00f6zi Kongresszusa\",\"description\":\"#breakthru2022\",\"publisher\":{\"@id\":\"https:\/\/hadocongress.com\/2023\/#organization\"},\"potentialAction\":[{\"@type\":\"SearchAction\",\"target\":{\"@type\":\"EntryPoint\",\"urlTemplate\":\"https:\/\/hadocongress.com\/2023\/?s={search_term_string}\"},\"query-input\":\"required name=search_term_string\"}],\"inLanguage\":\"hu\"},{\"@type\":\"Organization\",\"@id\":\"https:\/\/hadocongress.com\/2023\/#organization\",\"name\":\"hadocongress.com\",\"url\":\"https:\/\/hadocongress.com\/2023\/\",\"sameAs\":[],\"logo\":{\"@type\":\"ImageObject\",\"inLanguage\":\"hu\",\"@id\":\"https:\/\/hadocongress.com\/2023\/#\/schema\/logo\/image\/\",\"url\":\"https:\/\/hadocongress.com\/2023\/wp-content\/uploads\/2022\/02\/logo-default.png\",\"contentUrl\":\"https:\/\/hadocongress.com\/2023\/wp-content\/uploads\/2022\/02\/logo-default.png\",\"width\":342,\"height\":102,\"caption\":\"hadocongress.com\"},\"image\":{\"@id\":\"https:\/\/hadocongress.com\/2023\/#\/schema\/logo\/image\/\"}}]}<\/script>\n<!-- \/ Yoast SEO plugin. -->","yoast_head_json":{"title":"Forestadent - Magyar \u00c1llcsont-ortop\u00e9diai \u00e9s Fogszab\u00e1lyoz\u00e1si T\u00e1rsas\u00e1g I. Nemzetk\u00f6zi Kongresszusa","robots":{"index":"index","follow":"follow","max-snippet":"max-snippet:-1","max-image-preview":"max-image-preview:large","max-video-preview":"max-video-preview:-1"},"canonical":"https:\/\/hadocongress.com\/2023\/szponzorok\/forestadent\/","og_locale":"hu_HU","og_type":"article","og_title":"Forestadent - Magyar \u00c1llcsont-ortop\u00e9diai \u00e9s Fogszab\u00e1lyoz\u00e1si T\u00e1rsas\u00e1g I. Nemzetk\u00f6zi Kongresszusa","og_url":"https:\/\/hadocongress.com\/2023\/szponzorok\/forestadent\/","og_site_name":"Magyar \u00c1llcsont-ortop\u00e9diai \u00e9s Fogszab\u00e1lyoz\u00e1si T\u00e1rsas\u00e1g I. Nemzetk\u00f6zi Kongresszusa","article_modified_time":"2023-08-15T06:36:50+00:00","og_image":[{"url":"https:\/\/hadocongress.com\/2023\/wp-content\/uploads\/2022\/04\/ridental-kft.jpg"}],"twitter_card":"summary_large_image","twitter_misc":{"Becs\u00fclt olvas\u00e1si id\u0151":"8 perc"},"schema":{"@context":"https:\/\/schema.org","@graph":[{"@type":"WebPage","@id":"https:\/\/hadocongress.com\/2023\/szponzorok\/forestadent\/","url":"https:\/\/hadocongress.com\/2023\/szponzorok\/forestadent\/","name":"Forestadent - Magyar \u00c1llcsont-ortop\u00e9diai \u00e9s Fogszab\u00e1lyoz\u00e1si T\u00e1rsas\u00e1g I. Nemzetk\u00f6zi Kongresszusa","isPartOf":{"@id":"https:\/\/hadocongress.com\/2023\/#website"},"datePublished":"2022-04-21T07:29:05+00:00","dateModified":"2023-08-15T06:36:50+00:00","breadcrumb":{"@id":"https:\/\/hadocongress.com\/2023\/szponzorok\/forestadent\/#breadcrumb"},"inLanguage":"hu","potentialAction":[{"@type":"ReadAction","target":["https:\/\/hadocongress.com\/2023\/szponzorok\/forestadent\/"]}]},{"@type":"BreadcrumbList","@id":"https:\/\/hadocongress.com\/2023\/szponzorok\/forestadent\/#breadcrumb","itemListElement":[{"@type":"ListItem","position":1,"name":"Kezd\u0151lap","item":"https:\/\/hadocongress.com\/2023\/"},{"@type":"ListItem","position":2,"name":"Szponzorok","item":"https:\/\/hadocongress.com\/2023\/szponzorok\/"},{"@type":"ListItem","position":3,"name":"Forestadent"}]},{"@type":"WebSite","@id":"https:\/\/hadocongress.com\/2023\/#website","url":"https:\/\/hadocongress.com\/2023\/","name":"Magyar \u00c1llcsont-ortop\u00e9diai \u00e9s Fogszab\u00e1lyoz\u00e1si T\u00e1rsas\u00e1g I. Nemzetk\u00f6zi Kongresszusa","description":"#breakthru2022","publisher":{"@id":"https:\/\/hadocongress.com\/2023\/#organization"},"potentialAction":[{"@type":"SearchAction","target":{"@type":"EntryPoint","urlTemplate":"https:\/\/hadocongress.com\/2023\/?s={search_term_string}"},"query-input":"required name=search_term_string"}],"inLanguage":"hu"},{"@type":"Organization","@id":"https:\/\/hadocongress.com\/2023\/#organization","name":"hadocongress.com","url":"https:\/\/hadocongress.com\/2023\/","sameAs":[],"logo":{"@type":"ImageObject","inLanguage":"hu","@id":"https:\/\/hadocongress.com\/2023\/#\/schema\/logo\/image\/","url":"https:\/\/hadocongress.com\/2023\/wp-content\/uploads\/2022\/02\/logo-default.png","contentUrl":"https:\/\/hadocongress.com\/2023\/wp-content\/uploads\/2022\/02\/logo-default.png","width":342,"height":102,"caption":"hadocongress.com"},"image":{"@id":"https:\/\/hadocongress.com\/2023\/#\/schema\/logo\/image\/"}}]}},"_links":{"self":[{"href":"https:\/\/hadocongress.com\/2023\/wp-json\/wp\/v2\/pages\/2956"}],"collection":[{"href":"https:\/\/hadocongress.com\/2023\/wp-json\/wp\/v2\/pages"}],"about":[{"href":"https:\/\/hadocongress.com\/2023\/wp-json\/wp\/v2\/types\/page"}],"author":[{"embeddable":true,"href":"https:\/\/hadocongress.com\/2023\/wp-json\/wp\/v2\/users\/1"}],"replies":[{"embeddable":true,"href":"https:\/\/hadocongress.com\/2023\/wp-json\/wp\/v2\/comments?post=2956"}],"version-history":[{"count":7,"href":"https:\/\/hadocongress.com\/2023\/wp-json\/wp\/v2\/pages\/2956\/revisions"}],"predecessor-version":[{"id":4206,"href":"https:\/\/hadocongress.com\/2023\/wp-json\/wp\/v2\/pages\/2956\/revisions\/4206"}],"up":[{"embeddable":true,"href":"https:\/\/hadocongress.com\/2023\/wp-json\/wp\/v2\/pages\/1099"}],"wp:attachment":[{"href":"https:\/\/hadocongress.com\/2023\/wp-json\/wp\/v2\/media?parent=2956"}],"curies":[{"name":"wp","href":"https:\/\/api.w.org\/{rel}","templated":true}]}}