{"id":3155,"date":"2022-05-06T12:52:54","date_gmt":"2022-05-06T12:52:54","guid":{"rendered":"https:\/\/hadocongress.com\/2022\/szponzorok\/ping\/"},"modified":"2022-05-06T13:03:34","modified_gmt":"2022-05-06T13:03:34","slug":"ping","status":"publish","type":"page","link":"https:\/\/hadocongress.com\/2022\/szponzorok\/ping\/","title":{"rendered":"Ping"},"content":{"rendered":"<div class=\"fusion-fullwidth fullwidth-box fusion-builder-row-1 fusion-flex-container nonhundred-percent-fullwidth non-hundred-percent-height-scrolling\" style=\"background-color: rgba(255,255,255,0);background-position: center center;background-repeat: no-repeat;border-width: 0px 0px 0px 0px;border-color:var(--awb-color3);border-style:solid;\" ><div class=\"fusion-builder-row fusion-row fusion-flex-align-items-flex-start fusion-flex-justify-content-center\" style=\"max-width:1310.4px;margin-left: calc(-4% \/ 2 );margin-right: calc(-4% \/ 2 );\"><div class=\"fusion-layout-column fusion_builder_column fusion-builder-column-0 fusion_builder_column_3_4 3_4 fusion-flex-column\"><div class=\"fusion-column-wrapper fusion-flex-justify-content-flex-start fusion-content-layout-column\" style=\"background-position:left top;background-repeat:no-repeat;-webkit-background-size:cover;-moz-background-size:cover;-o-background-size:cover;background-size:cover;padding: 0px 0px 0px 0px;\"><div style=\"text-align:center;\"><span class=\" fusion-imageframe imageframe-none imageframe-1 hover-type-none\" style=\"border-radius:12px;\"><img decoding=\"async\" width=\"2454\" height=\"768\" title=\"ping-logo\" src=\"https:\/\/hadocongress.com\/2022\/wp-content\/uploads\/2022\/05\/ping-logo.jpg\" data-orig-src=\"https:\/\/hadocongress.com\/2022\/wp-content\/uploads\/2022\/05\/ping-logo.jpg\" alt class=\"lazyload img-responsive wp-image-3148\" srcset=\"data:image\/svg+xml,%3Csvg%20xmlns%3D%27http%3A%2F%2Fwww.w3.org%2F2000%2Fsvg%27%20width%3D%272454%27%20height%3D%27768%27%20viewBox%3D%270%200%202454%20768%27%3E%3Crect%20width%3D%272454%27%20height%3D%27768%27%20fill-opacity%3D%220%22%2F%3E%3C%2Fsvg%3E\" data-srcset=\"https:\/\/hadocongress.com\/2022\/wp-content\/uploads\/2022\/05\/ping-logo-200x63.jpg 200w, https:\/\/hadocongress.com\/2022\/wp-content\/uploads\/2022\/05\/ping-logo-400x125.jpg 400w, https:\/\/hadocongress.com\/2022\/wp-content\/uploads\/2022\/05\/ping-logo-600x188.jpg 600w, https:\/\/hadocongress.com\/2022\/wp-content\/uploads\/2022\/05\/ping-logo-800x250.jpg 800w, https:\/\/hadocongress.com\/2022\/wp-content\/uploads\/2022\/05\/ping-logo-1200x376.jpg 1200w, https:\/\/hadocongress.com\/2022\/wp-content\/uploads\/2022\/05\/ping-logo.jpg 2454w\" data-sizes=\"auto\" data-orig-sizes=\"(max-width: 640px) 100vw, 1200px\" \/><\/span><\/div><\/div><style type=\"text\/css\">.fusion-body .fusion-builder-column-0{width:75% !important;margin-top : 20px;margin-bottom : 20px;}.fusion-builder-column-0 > .fusion-column-wrapper {padding-top : 0px !important;padding-right : 0px !important;margin-right : 2.56%;padding-bottom : 0px !important;padding-left : 0px !important;margin-left : 2.56%;}@media only screen and (max-width:1200px) {.fusion-body .fusion-builder-column-0{width:75% !important;order : 0;}.fusion-builder-column-0 > .fusion-column-wrapper {margin-right : 2.56%;margin-left : 2.56%;}}@media only screen and (max-width:640px) {.fusion-body .fusion-builder-column-0{width:100% !important;order : 0;}.fusion-builder-column-0 > .fusion-column-wrapper {margin-right : 1.92%;margin-left : 1.92%;}}<\/style><\/div><div class=\"fusion-layout-column fusion_builder_column fusion-builder-column-1 fusion_builder_column_3_4 3_4 fusion-flex-column\"><div class=\"fusion-column-wrapper fusion-flex-justify-content-flex-start fusion-content-layout-column\" style=\"background-position:left top;background-repeat:no-repeat;-webkit-background-size:cover;-moz-background-size:cover;-o-background-size:cover;background-size:cover;padding: 0px 0px 0px 0px;\"><div class=\"fusion-text fusion-text-1\" style=\"text-transform:none;\"><p>Egy fiatal, lend\u00fcletes start up csapat vagyunk, akik szeretn\u00e9nek innov\u00e1ci\u00f3t hozni az \u00fczleti \u00e9letbe.<\/p>\n<p>A mai vil\u00e1gban, ahol b\u00e1rmi egy kattint\u00e1sra van \u00e9s mindent a telefonunkkal int\u00e9z\u00fcnk, mi\u00e9rt ne digitaliz\u00e1lhatn\u00e1nk n\u00e9vjegyk\u00e1rty\u00e1inkat is? NFC technol\u00f3gia seg\u00edts\u00e9g\u00e9vel egy \u00e9rint\u00e9sre van b\u00e1rkit\u0151l az inform\u00e1ci\u00f3 amit meg szeretn\u00e9nk osztani.<\/p>\n<p>Az NFC &#8211; Near Field Communication- egy olyan technol\u00f3gia, amely lehet\u0151v\u00e9 teszi a f\u00e1jlok vezet\u00e9k n\u00e9lk\u00fcli \u00e1tvitel\u00e9t egyik mobil eszk\u00f6zr\u0151l a m\u00e1sikra. Ezzel a megold\u00e1ssal ak\u00e1r egy \u00e9rint\u00e9ssel megoszthatjuk el\u00e9rhet\u0151s\u00e9geinket, v\u00e1llalkoz\u00e1ssal kapcsolatos inform\u00e1ci\u00f3inkat, weblapot vagy social media fel\u00fcletet. A term\u00e9kek ig\u00e9ny szerint teljesen egy\u00e9nre szabhat\u00f3ak egyedi tervez\u00e9ssel \u00e9s anyagv\u00e1laszt\u00e1ssal, amely lehet m\u0171anyag, f\u00e9m, bambusz vagy ak\u00e1r egy matrica is.<\/p>\n<p>K\u00f6rnyezet\u00fcnkre gyakorolt hat\u00e1sa sem elhanyagolhat\u00f3, ugyanis nem kell t\u00f6bb sz\u00e1z pap\u00edr alap\u00fa n\u00e9vjegyk\u00e1rty\u00e1t nyomtatnunk, melyet sok esetben \u00fcgyfeleink elhagyhatnak, hanem mindezt helyettes\u00edthetj\u00fck egyetlen k\u00e1rty\u00e1val is.<\/p>\n<p>A felhaszn\u00e1l\u00e1si ter\u00fclet szempontj\u00e1b\u00f3l a lehet\u0151s\u00e9gek v\u00e9gtelenek, \u00edgy b\u00edzunk benne hogy n\u00e9mi kreativit\u00e1ssal \u00d6n sz\u00e1m\u00e1ra is megtal\u00e1ljuk a<br \/>\nmegfelel\u0151 megold\u00e1st.<\/p>\n<p>Forduljon hozz\u00e1nk bizalommal a www.ping-cards.com fel\u00fcleten.<\/p>\n<\/div><\/div><style type=\"text\/css\">.fusion-body .fusion-builder-column-1{width:75% !important;margin-top : 20px;margin-bottom : 20px;}.fusion-builder-column-1 > .fusion-column-wrapper {padding-top : 0px !important;padding-right : 0px !important;margin-right : 2.56%;padding-bottom : 0px !important;padding-left : 0px !important;margin-left : 2.56%;}@media only screen and (max-width:1200px) {.fusion-body .fusion-builder-column-1{width:75% !important;order : 0;}.fusion-builder-column-1 > .fusion-column-wrapper {margin-right : 2.56%;margin-left : 2.56%;}}@media only screen and (max-width:640px) {.fusion-body .fusion-builder-column-1{width:100% !important;order : 0;}.fusion-builder-column-1 > .fusion-column-wrapper {margin-right : 1.92%;margin-left : 1.92%;}}<\/style><\/div><\/div><style type=\"text\/css\">.fusion-body .fusion-flex-container.fusion-builder-row-1{ padding-top : 0px;margin-top : 0px;padding-right : 0px;padding-bottom : 0px;margin-bottom : 0px;padding-left : 0px;}<\/style><\/div>\n","protected":false},"excerpt":{"rendered":"","protected":false},"author":1,"featured_media":0,"parent":1099,"menu_order":0,"comment_status":"closed","ping_status":"closed","template":"100-width.php","meta":{"footnotes":""},"yoast_head":"<!-- This site is optimized with the Yoast SEO plugin v19.6.1 - https:\/\/yoast.com\/wordpress\/plugins\/seo\/ -->\n<title>Ping - Magyar \u00c1llcsont-ortop\u00e9diai \u00e9s Fogszab\u00e1lyoz\u00e1si T\u00e1rsas\u00e1g I. Nemzetk\u00f6zi Kongresszusa<\/title>\n<meta name=\"robots\" content=\"index, follow, max-snippet:-1, max-image-preview:large, max-video-preview:-1\" \/>\n<link rel=\"canonical\" href=\"https:\/\/hadocongress.com\/2022\/szponzorok\/ping\/\" \/>\n<meta property=\"og:locale\" content=\"hu_HU\" \/>\n<meta property=\"og:type\" content=\"article\" \/>\n<meta property=\"og:title\" content=\"Ping - Magyar \u00c1llcsont-ortop\u00e9diai \u00e9s Fogszab\u00e1lyoz\u00e1si T\u00e1rsas\u00e1g I. Nemzetk\u00f6zi Kongresszusa\" \/>\n<meta property=\"og:url\" content=\"https:\/\/hadocongress.com\/2022\/szponzorok\/ping\/\" \/>\n<meta property=\"og:site_name\" content=\"Magyar \u00c1llcsont-ortop\u00e9diai \u00e9s Fogszab\u00e1lyoz\u00e1si T\u00e1rsas\u00e1g I. Nemzetk\u00f6zi Kongresszusa\" \/>\n<meta property=\"article:modified_time\" content=\"2022-05-06T13:03:34+00:00\" \/>\n<meta name=\"twitter:card\" content=\"summary_large_image\" \/>\n<meta name=\"twitter:label1\" content=\"Becs\u00fclt olvas\u00e1si id\u0151\" \/>\n\t<meta name=\"twitter:data1\" content=\"6 perc\" \/>\n<script type=\"application\/ld+json\" class=\"yoast-schema-graph\">{\"@context\":\"https:\/\/schema.org\",\"@graph\":[{\"@type\":\"WebPage\",\"@id\":\"https:\/\/hadocongress.com\/2022\/szponzorok\/ping\/\",\"url\":\"https:\/\/hadocongress.com\/2022\/szponzorok\/ping\/\",\"name\":\"Ping - Magyar \u00c1llcsont-ortop\u00e9diai \u00e9s Fogszab\u00e1lyoz\u00e1si T\u00e1rsas\u00e1g I. Nemzetk\u00f6zi Kongresszusa\",\"isPartOf\":{\"@id\":\"https:\/\/hadocongress.com\/2022\/#website\"},\"datePublished\":\"2022-05-06T12:52:54+00:00\",\"dateModified\":\"2022-05-06T13:03:34+00:00\",\"breadcrumb\":{\"@id\":\"https:\/\/hadocongress.com\/2022\/szponzorok\/ping\/#breadcrumb\"},\"inLanguage\":\"hu\",\"potentialAction\":[{\"@type\":\"ReadAction\",\"target\":[\"https:\/\/hadocongress.com\/2022\/szponzorok\/ping\/\"]}]},{\"@type\":\"BreadcrumbList\",\"@id\":\"https:\/\/hadocongress.com\/2022\/szponzorok\/ping\/#breadcrumb\",\"itemListElement\":[{\"@type\":\"ListItem\",\"position\":1,\"name\":\"Kezd\u0151lap\",\"item\":\"https:\/\/hadocongress.com\/2022\/\"},{\"@type\":\"ListItem\",\"position\":2,\"name\":\"Szponzorok\",\"item\":\"https:\/\/hadocongress.com\/2022\/szponzorok\/\"},{\"@type\":\"ListItem\",\"position\":3,\"name\":\"Ping\"}]},{\"@type\":\"WebSite\",\"@id\":\"https:\/\/hadocongress.com\/2022\/#website\",\"url\":\"https:\/\/hadocongress.com\/2022\/\",\"name\":\"Magyar \u00c1llcsont-ortop\u00e9diai \u00e9s Fogszab\u00e1lyoz\u00e1si T\u00e1rsas\u00e1g I. Nemzetk\u00f6zi Kongresszusa\",\"description\":\"#breakthru2022\",\"publisher\":{\"@id\":\"https:\/\/hadocongress.com\/2022\/#organization\"},\"potentialAction\":[{\"@type\":\"SearchAction\",\"target\":{\"@type\":\"EntryPoint\",\"urlTemplate\":\"https:\/\/hadocongress.com\/2022\/?s={search_term_string}\"},\"query-input\":\"required name=search_term_string\"}],\"inLanguage\":\"hu\"},{\"@type\":\"Organization\",\"@id\":\"https:\/\/hadocongress.com\/2022\/#organization\",\"name\":\"hadocongress.com\",\"url\":\"https:\/\/hadocongress.com\/2022\/\",\"sameAs\":[],\"logo\":{\"@type\":\"ImageObject\",\"inLanguage\":\"hu\",\"@id\":\"https:\/\/hadocongress.com\/2022\/#\/schema\/logo\/image\/\",\"url\":\"https:\/\/hadocongress.com\/2022\/wp-content\/uploads\/2022\/02\/logo-default.png\",\"contentUrl\":\"https:\/\/hadocongress.com\/2022\/wp-content\/uploads\/2022\/02\/logo-default.png\",\"width\":342,\"height\":102,\"caption\":\"hadocongress.com\"},\"image\":{\"@id\":\"https:\/\/hadocongress.com\/2022\/#\/schema\/logo\/image\/\"}}]}<\/script>\n<!-- \/ Yoast SEO plugin. -->","yoast_head_json":{"title":"Ping - Magyar \u00c1llcsont-ortop\u00e9diai \u00e9s Fogszab\u00e1lyoz\u00e1si T\u00e1rsas\u00e1g I. Nemzetk\u00f6zi Kongresszusa","robots":{"index":"index","follow":"follow","max-snippet":"max-snippet:-1","max-image-preview":"max-image-preview:large","max-video-preview":"max-video-preview:-1"},"canonical":"https:\/\/hadocongress.com\/2022\/szponzorok\/ping\/","og_locale":"hu_HU","og_type":"article","og_title":"Ping - Magyar \u00c1llcsont-ortop\u00e9diai \u00e9s Fogszab\u00e1lyoz\u00e1si T\u00e1rsas\u00e1g I. Nemzetk\u00f6zi Kongresszusa","og_url":"https:\/\/hadocongress.com\/2022\/szponzorok\/ping\/","og_site_name":"Magyar \u00c1llcsont-ortop\u00e9diai \u00e9s Fogszab\u00e1lyoz\u00e1si T\u00e1rsas\u00e1g I. Nemzetk\u00f6zi Kongresszusa","article_modified_time":"2022-05-06T13:03:34+00:00","twitter_card":"summary_large_image","twitter_misc":{"Becs\u00fclt olvas\u00e1si id\u0151":"6 perc"},"schema":{"@context":"https:\/\/schema.org","@graph":[{"@type":"WebPage","@id":"https:\/\/hadocongress.com\/2022\/szponzorok\/ping\/","url":"https:\/\/hadocongress.com\/2022\/szponzorok\/ping\/","name":"Ping - Magyar \u00c1llcsont-ortop\u00e9diai \u00e9s Fogszab\u00e1lyoz\u00e1si T\u00e1rsas\u00e1g I. Nemzetk\u00f6zi Kongresszusa","isPartOf":{"@id":"https:\/\/hadocongress.com\/2022\/#website"},"datePublished":"2022-05-06T12:52:54+00:00","dateModified":"2022-05-06T13:03:34+00:00","breadcrumb":{"@id":"https:\/\/hadocongress.com\/2022\/szponzorok\/ping\/#breadcrumb"},"inLanguage":"hu","potentialAction":[{"@type":"ReadAction","target":["https:\/\/hadocongress.com\/2022\/szponzorok\/ping\/"]}]},{"@type":"BreadcrumbList","@id":"https:\/\/hadocongress.com\/2022\/szponzorok\/ping\/#breadcrumb","itemListElement":[{"@type":"ListItem","position":1,"name":"Kezd\u0151lap","item":"https:\/\/hadocongress.com\/2022\/"},{"@type":"ListItem","position":2,"name":"Szponzorok","item":"https:\/\/hadocongress.com\/2022\/szponzorok\/"},{"@type":"ListItem","position":3,"name":"Ping"}]},{"@type":"WebSite","@id":"https:\/\/hadocongress.com\/2022\/#website","url":"https:\/\/hadocongress.com\/2022\/","name":"Magyar \u00c1llcsont-ortop\u00e9diai \u00e9s Fogszab\u00e1lyoz\u00e1si T\u00e1rsas\u00e1g I. Nemzetk\u00f6zi Kongresszusa","description":"#breakthru2022","publisher":{"@id":"https:\/\/hadocongress.com\/2022\/#organization"},"potentialAction":[{"@type":"SearchAction","target":{"@type":"EntryPoint","urlTemplate":"https:\/\/hadocongress.com\/2022\/?s={search_term_string}"},"query-input":"required name=search_term_string"}],"inLanguage":"hu"},{"@type":"Organization","@id":"https:\/\/hadocongress.com\/2022\/#organization","name":"hadocongress.com","url":"https:\/\/hadocongress.com\/2022\/","sameAs":[],"logo":{"@type":"ImageObject","inLanguage":"hu","@id":"https:\/\/hadocongress.com\/2022\/#\/schema\/logo\/image\/","url":"https:\/\/hadocongress.com\/2022\/wp-content\/uploads\/2022\/02\/logo-default.png","contentUrl":"https:\/\/hadocongress.com\/2022\/wp-content\/uploads\/2022\/02\/logo-default.png","width":342,"height":102,"caption":"hadocongress.com"},"image":{"@id":"https:\/\/hadocongress.com\/2022\/#\/schema\/logo\/image\/"}}]}},"_links":{"self":[{"href":"https:\/\/hadocongress.com\/2022\/wp-json\/wp\/v2\/pages\/3155"}],"collection":[{"href":"https:\/\/hadocongress.com\/2022\/wp-json\/wp\/v2\/pages"}],"about":[{"href":"https:\/\/hadocongress.com\/2022\/wp-json\/wp\/v2\/types\/page"}],"author":[{"embeddable":true,"href":"https:\/\/hadocongress.com\/2022\/wp-json\/wp\/v2\/users\/1"}],"replies":[{"embeddable":true,"href":"https:\/\/hadocongress.com\/2022\/wp-json\/wp\/v2\/comments?post=3155"}],"version-history":[{"count":2,"href":"https:\/\/hadocongress.com\/2022\/wp-json\/wp\/v2\/pages\/3155\/revisions"}],"predecessor-version":[{"id":3158,"href":"https:\/\/hadocongress.com\/2022\/wp-json\/wp\/v2\/pages\/3155\/revisions\/3158"}],"up":[{"embeddable":true,"href":"https:\/\/hadocongress.com\/2022\/wp-json\/wp\/v2\/pages\/1099"}],"wp:attachment":[{"href":"https:\/\/hadocongress.com\/2022\/wp-json\/wp\/v2\/media?parent=3155"}],"curies":[{"name":"wp","href":"https:\/\/api.w.org\/{rel}","templated":true}]}}