{"id":3080,"date":"2022-04-21T09:11:26","date_gmt":"2022-04-21T09:11:26","guid":{"rendered":"https:\/\/hadocongress.com\/2022\/?page_id=3080"},"modified":"2022-04-21T09:11:41","modified_gmt":"2022-04-21T09:11:41","slug":"shaolin-studio","status":"publish","type":"page","link":"https:\/\/hadocongress.com\/2022\/szponzorok\/shaolin-studio\/","title":{"rendered":"SHAOLIN ST\u00daDI\u00d3"},"content":{"rendered":"<div class=\"fusion-fullwidth fullwidth-box fusion-builder-row-1 fusion-flex-container nonhundred-percent-fullwidth non-hundred-percent-height-scrolling\" style=\"background-color: rgba(255,255,255,0);background-position: center center;background-repeat: no-repeat;border-width: 0px 0px 0px 0px;border-color:var(--awb-color3);border-style:solid;\" ><div class=\"fusion-builder-row fusion-row fusion-flex-align-items-flex-start fusion-flex-justify-content-center\" style=\"max-width:1310.4px;margin-left: calc(-4% \/ 2 );margin-right: calc(-4% \/ 2 );\"><div class=\"fusion-layout-column fusion_builder_column fusion-builder-column-0 fusion_builder_column_3_4 3_4 fusion-flex-column\"><div class=\"fusion-column-wrapper fusion-flex-justify-content-flex-start fusion-content-layout-column\" style=\"background-position:left top;background-repeat:no-repeat;-webkit-background-size:cover;-moz-background-size:cover;-o-background-size:cover;background-size:cover;padding: 0px 0px 0px 0px;\"><div style=\"text-align:center;\"><span class=\" fusion-imageframe imageframe-none imageframe-1 hover-type-none\" style=\"border-radius:12px;\"><img decoding=\"async\" width=\"450\" height=\"167\" title=\"shaolin-logo\" src=\"https:\/\/hadocongress.com\/2022\/wp-content\/uploads\/2022\/04\/shaolin-logo.jpg\" data-orig-src=\"https:\/\/hadocongress.com\/2022\/wp-content\/uploads\/2022\/04\/shaolin-logo.jpg\" alt class=\"lazyload img-responsive wp-image-3077\" srcset=\"data:image\/svg+xml,%3Csvg%20xmlns%3D%27http%3A%2F%2Fwww.w3.org%2F2000%2Fsvg%27%20width%3D%27450%27%20height%3D%27167%27%20viewBox%3D%270%200%20450%20167%27%3E%3Crect%20width%3D%27450%27%20height%3D%27167%27%20fill-opacity%3D%220%22%2F%3E%3C%2Fsvg%3E\" data-srcset=\"https:\/\/hadocongress.com\/2022\/wp-content\/uploads\/2022\/04\/shaolin-logo-200x74.jpg 200w, https:\/\/hadocongress.com\/2022\/wp-content\/uploads\/2022\/04\/shaolin-logo-400x148.jpg 400w, https:\/\/hadocongress.com\/2022\/wp-content\/uploads\/2022\/04\/shaolin-logo.jpg 450w\" data-sizes=\"auto\" data-orig-sizes=\"(max-width: 640px) 100vw, 450px\" \/><\/span><\/div><\/div><style type=\"text\/css\">.fusion-body .fusion-builder-column-0{width:75% !important;margin-top : 20px;margin-bottom : 20px;}.fusion-builder-column-0 > .fusion-column-wrapper {padding-top : 0px !important;padding-right : 0px !important;margin-right : 2.56%;padding-bottom : 0px !important;padding-left : 0px !important;margin-left : 2.56%;}@media only screen and (max-width:1200px) {.fusion-body .fusion-builder-column-0{width:75% !important;order : 0;}.fusion-builder-column-0 > .fusion-column-wrapper {margin-right : 2.56%;margin-left : 2.56%;}}@media only screen and (max-width:640px) {.fusion-body .fusion-builder-column-0{width:100% !important;order : 0;}.fusion-builder-column-0 > .fusion-column-wrapper {margin-right : 1.92%;margin-left : 1.92%;}}<\/style><\/div><div class=\"fusion-layout-column fusion_builder_column fusion-builder-column-1 fusion_builder_column_3_4 3_4 fusion-flex-column\"><div class=\"fusion-column-wrapper fusion-flex-justify-content-flex-start fusion-content-layout-column\" style=\"background-position:left top;background-repeat:no-repeat;-webkit-background-size:cover;-moz-background-size:cover;-o-background-size:cover;background-size:cover;padding: 0px 0px 0px 0px;\"><style type=\"text\/css\">@media only screen and (max-width:1200px) {.fusion-title.fusion-title-1{margin-top:10px!important; margin-right:0px!important;margin-bottom:20px!important;margin-left:0px!important;}}@media only screen and (max-width:640px) {.fusion-title.fusion-title-1{margin-top:10px!important; margin-right:0px!important;margin-bottom:20px!important; margin-left:0px!important;}}<\/style><div class=\"fusion-title title fusion-title-1 fusion-sep-none fusion-title-center fusion-title-text fusion-title-size-three\" style=\"margin-top:10px;margin-right:0px;margin-bottom:20px;margin-left:0px;\"><h3 class=\"title-heading-center fusion-responsive-typography-calculated\" style=\"margin:0;--fontSize:36;line-height:1.3;\">SHAOLIN STUDI\u00d3<\/h3><\/div><div class=\"fusion-text fusion-text-1\" style=\"text-transform:none;\"><p>Hozz\u00e1nk bel\u00e9pve, vend\u00e9geink felt\u00f6lt\u0151dhetnek pozit\u00edv energi\u00e1val, elfelejthetik a mindennapi stressz okozta fesz\u00fclts\u00e9get gy\u00f3gymassz\u00e1zs- \u00e9s wellness szolg\u00e1ltat\u00e1saink seg\u00edts\u00e9g\u00e9vel.<\/p>\n<p>St\u00fadi\u00f3nkban megtal\u00e1lhatj\u00e1k a nyugati massz\u00e1zs st\u00edlusokon k\u00edv\u00fcl a keleti massz\u00e1zs form\u00e1kat is.<\/p>\n<p>A Do-In szel\u00edd gyakorlatai felt\u00f6ltik test\u00e9t \u00e9s lelk\u00e9t energi\u00e1val, mik\u00f6zben k\u00e9pes\u00edtett oktat\u00f3nkkal egy\u00fctt gyakorolj\u00e1k annak egyszer\u0171 mozg\u00e1ssorozatait.<\/p>\n<p>Leg\u00fajabb LPG g\u00e9p, a CELLU M6 INTEGRAL 2\u00ae, ma a non-invaz\u00edv test- \u00e9s arckezel\u00e9sek egyik cs\u00facskezel\u00e9s\u00e9nek sz\u00e1m\u00edt a sz\u00e9ps\u00e9giparban, \u00e9s a gy\u00f3gy\u00e1szatban. G\u00e9p\u00fcnk alkalmazza az Endermologie\u2122 exkluz\u00edv sejtstimul\u00e1ci\u00f3s technik\u00e1t, amelynek seg\u00edts\u00e9g\u00e9vel v\u00e1kuumos k\u00f6t\u0151sz\u00f6veti massz\u00e1zs kezel\u00e9seket v\u00e9gz\u00fcnk. Seg\u00edts\u00e9g\u00e9vel arcfiatal\u00edt\u00e1s, alakform\u00e1l\u00e1s, testkarcs\u00fas\u00edt\u00e1s, izom- k\u00f6t\u0151sz\u00f6veti regenel\u00e1l\u00f3d\u00e1s egyar\u00e1nt el\u00e9rhet\u0151.<\/p>\n<p>Kozmetikusaink elektropor\u00e1ci\u00f3t, azaz a t\u0171 n\u00e9lk\u00fcli mezoter\u00e1pi\u00e1t alkalmazz\u00e1k az anti-aging kezel\u00e9sekhez, kieg\u00e9sz\u00edtve a MEDIST kiv\u00e1l\u00f3 min\u0151s\u00e9g\u0171 v\u00e1logatott hat\u00f3anyagokat tartalmaz\u00f3 kozmetikumaival, illetve a megb\u00edzhat\u00f3 Binella ortomolekul\u00e1ris rendszer sz\u00e9rumaival.<\/p>\n<p>Ugyanakkor a VAGHEGGI kezel\u00e9seket azok sz\u00e1m\u00e1ra aj\u00e1nlj\u00e1k, akik val\u00f3ban \u201ca term\u00e9szet erej\u00e9vel\u201d k\u00edv\u00e1nnak sz\u00e9p\u00fclni.<\/p>\n<p>St\u00fadi\u00f3nkban teljes spa \u00e9lm\u00e9nyt k\u00edn\u00e1lunk finn szaun\u00e1nkkal \u00e9s COCOON infraszaun\u00e1nkkal, illetve InfraSlim-X, infra-bicikli seg\u00edts\u00e9g\u00e9vel, mellyel \u00faj szintre emelheti a kal\u00f3ria \u00e9get\u00e9st.<\/p>\n<p>Mott\u00f3nk:<\/p>\n<p>\u201cAz eg\u00e9szs\u00e9g a legnagyobb aj\u00e1nd\u00e9k, az el\u00e9gedetts\u00e9g a legnagyobb gazdags\u00e1g, a h\u0171s\u00e9g a \u00a0\u00a0legjobb kapcsolat.\u201d<br \/>\n(Buddha)<\/p>\n<\/div><\/div><style type=\"text\/css\">.fusion-body .fusion-builder-column-1{width:75% !important;margin-top : 20px;margin-bottom : 20px;}.fusion-builder-column-1 > .fusion-column-wrapper {padding-top : 0px !important;padding-right : 0px !important;margin-right : 2.56%;padding-bottom : 0px !important;padding-left : 0px !important;margin-left : 2.56%;}@media only screen and (max-width:1200px) {.fusion-body .fusion-builder-column-1{width:75% !important;order : 0;}.fusion-builder-column-1 > .fusion-column-wrapper {margin-right : 2.56%;margin-left : 2.56%;}}@media only screen and (max-width:640px) {.fusion-body .fusion-builder-column-1{width:100% !important;order : 0;}.fusion-builder-column-1 > .fusion-column-wrapper {margin-right : 1.92%;margin-left : 1.92%;}}<\/style><\/div><\/div><style type=\"text\/css\">.fusion-body .fusion-flex-container.fusion-builder-row-1{ padding-top : 0px;margin-top : 0px;padding-right : 0px;padding-bottom : 0px;margin-bottom : 0px;padding-left : 0px;}<\/style><\/div>\n","protected":false},"excerpt":{"rendered":"","protected":false},"author":1,"featured_media":0,"parent":1099,"menu_order":0,"comment_status":"closed","ping_status":"closed","template":"100-width.php","meta":{"footnotes":""},"yoast_head":"<!-- This site is optimized with the Yoast SEO plugin v19.6.1 - https:\/\/yoast.com\/wordpress\/plugins\/seo\/ -->\n<title>SHAOLIN ST\u00daDI\u00d3 - Magyar \u00c1llcsont-ortop\u00e9diai \u00e9s Fogszab\u00e1lyoz\u00e1si T\u00e1rsas\u00e1g I. Nemzetk\u00f6zi Kongresszusa<\/title>\n<meta name=\"robots\" content=\"index, follow, max-snippet:-1, max-image-preview:large, max-video-preview:-1\" \/>\n<link rel=\"canonical\" href=\"https:\/\/hadocongress.com\/2022\/szponzorok\/shaolin-studio\/\" \/>\n<meta property=\"og:locale\" content=\"hu_HU\" \/>\n<meta property=\"og:type\" content=\"article\" \/>\n<meta property=\"og:title\" content=\"SHAOLIN ST\u00daDI\u00d3 - Magyar \u00c1llcsont-ortop\u00e9diai \u00e9s Fogszab\u00e1lyoz\u00e1si T\u00e1rsas\u00e1g I. Nemzetk\u00f6zi Kongresszusa\" \/>\n<meta property=\"og:url\" content=\"https:\/\/hadocongress.com\/2022\/szponzorok\/shaolin-studio\/\" \/>\n<meta property=\"og:site_name\" content=\"Magyar \u00c1llcsont-ortop\u00e9diai \u00e9s Fogszab\u00e1lyoz\u00e1si T\u00e1rsas\u00e1g I. Nemzetk\u00f6zi Kongresszusa\" \/>\n<meta property=\"article:modified_time\" content=\"2022-04-21T09:11:41+00:00\" \/>\n<meta name=\"twitter:card\" content=\"summary_large_image\" \/>\n<meta name=\"twitter:label1\" content=\"Becs\u00fclt olvas\u00e1si id\u0151\" \/>\n\t<meta name=\"twitter:data1\" content=\"8 perc\" \/>\n<script type=\"application\/ld+json\" class=\"yoast-schema-graph\">{\"@context\":\"https:\/\/schema.org\",\"@graph\":[{\"@type\":\"WebPage\",\"@id\":\"https:\/\/hadocongress.com\/2022\/szponzorok\/shaolin-studio\/\",\"url\":\"https:\/\/hadocongress.com\/2022\/szponzorok\/shaolin-studio\/\",\"name\":\"SHAOLIN ST\u00daDI\u00d3 - Magyar \u00c1llcsont-ortop\u00e9diai \u00e9s Fogszab\u00e1lyoz\u00e1si T\u00e1rsas\u00e1g I. Nemzetk\u00f6zi Kongresszusa\",\"isPartOf\":{\"@id\":\"https:\/\/hadocongress.com\/2022\/#website\"},\"datePublished\":\"2022-04-21T09:11:26+00:00\",\"dateModified\":\"2022-04-21T09:11:41+00:00\",\"breadcrumb\":{\"@id\":\"https:\/\/hadocongress.com\/2022\/szponzorok\/shaolin-studio\/#breadcrumb\"},\"inLanguage\":\"hu\",\"potentialAction\":[{\"@type\":\"ReadAction\",\"target\":[\"https:\/\/hadocongress.com\/2022\/szponzorok\/shaolin-studio\/\"]}]},{\"@type\":\"BreadcrumbList\",\"@id\":\"https:\/\/hadocongress.com\/2022\/szponzorok\/shaolin-studio\/#breadcrumb\",\"itemListElement\":[{\"@type\":\"ListItem\",\"position\":1,\"name\":\"Kezd\u0151lap\",\"item\":\"https:\/\/hadocongress.com\/2022\/\"},{\"@type\":\"ListItem\",\"position\":2,\"name\":\"Szponzorok\",\"item\":\"https:\/\/hadocongress.com\/2022\/szponzorok\/\"},{\"@type\":\"ListItem\",\"position\":3,\"name\":\"SHAOLIN ST\u00daDI\u00d3\"}]},{\"@type\":\"WebSite\",\"@id\":\"https:\/\/hadocongress.com\/2022\/#website\",\"url\":\"https:\/\/hadocongress.com\/2022\/\",\"name\":\"Magyar \u00c1llcsont-ortop\u00e9diai \u00e9s Fogszab\u00e1lyoz\u00e1si T\u00e1rsas\u00e1g I. Nemzetk\u00f6zi Kongresszusa\",\"description\":\"#breakthru2022\",\"publisher\":{\"@id\":\"https:\/\/hadocongress.com\/2022\/#organization\"},\"potentialAction\":[{\"@type\":\"SearchAction\",\"target\":{\"@type\":\"EntryPoint\",\"urlTemplate\":\"https:\/\/hadocongress.com\/2022\/?s={search_term_string}\"},\"query-input\":\"required name=search_term_string\"}],\"inLanguage\":\"hu\"},{\"@type\":\"Organization\",\"@id\":\"https:\/\/hadocongress.com\/2022\/#organization\",\"name\":\"hadocongress.com\",\"url\":\"https:\/\/hadocongress.com\/2022\/\",\"sameAs\":[],\"logo\":{\"@type\":\"ImageObject\",\"inLanguage\":\"hu\",\"@id\":\"https:\/\/hadocongress.com\/2022\/#\/schema\/logo\/image\/\",\"url\":\"https:\/\/hadocongress.com\/2022\/wp-content\/uploads\/2022\/02\/logo-default.png\",\"contentUrl\":\"https:\/\/hadocongress.com\/2022\/wp-content\/uploads\/2022\/02\/logo-default.png\",\"width\":342,\"height\":102,\"caption\":\"hadocongress.com\"},\"image\":{\"@id\":\"https:\/\/hadocongress.com\/2022\/#\/schema\/logo\/image\/\"}}]}<\/script>\n<!-- \/ Yoast SEO plugin. -->","yoast_head_json":{"title":"SHAOLIN ST\u00daDI\u00d3 - Magyar \u00c1llcsont-ortop\u00e9diai \u00e9s Fogszab\u00e1lyoz\u00e1si T\u00e1rsas\u00e1g I. Nemzetk\u00f6zi Kongresszusa","robots":{"index":"index","follow":"follow","max-snippet":"max-snippet:-1","max-image-preview":"max-image-preview:large","max-video-preview":"max-video-preview:-1"},"canonical":"https:\/\/hadocongress.com\/2022\/szponzorok\/shaolin-studio\/","og_locale":"hu_HU","og_type":"article","og_title":"SHAOLIN ST\u00daDI\u00d3 - Magyar \u00c1llcsont-ortop\u00e9diai \u00e9s Fogszab\u00e1lyoz\u00e1si T\u00e1rsas\u00e1g I. Nemzetk\u00f6zi Kongresszusa","og_url":"https:\/\/hadocongress.com\/2022\/szponzorok\/shaolin-studio\/","og_site_name":"Magyar \u00c1llcsont-ortop\u00e9diai \u00e9s Fogszab\u00e1lyoz\u00e1si T\u00e1rsas\u00e1g I. Nemzetk\u00f6zi Kongresszusa","article_modified_time":"2022-04-21T09:11:41+00:00","twitter_card":"summary_large_image","twitter_misc":{"Becs\u00fclt olvas\u00e1si id\u0151":"8 perc"},"schema":{"@context":"https:\/\/schema.org","@graph":[{"@type":"WebPage","@id":"https:\/\/hadocongress.com\/2022\/szponzorok\/shaolin-studio\/","url":"https:\/\/hadocongress.com\/2022\/szponzorok\/shaolin-studio\/","name":"SHAOLIN ST\u00daDI\u00d3 - Magyar \u00c1llcsont-ortop\u00e9diai \u00e9s Fogszab\u00e1lyoz\u00e1si T\u00e1rsas\u00e1g I. Nemzetk\u00f6zi Kongresszusa","isPartOf":{"@id":"https:\/\/hadocongress.com\/2022\/#website"},"datePublished":"2022-04-21T09:11:26+00:00","dateModified":"2022-04-21T09:11:41+00:00","breadcrumb":{"@id":"https:\/\/hadocongress.com\/2022\/szponzorok\/shaolin-studio\/#breadcrumb"},"inLanguage":"hu","potentialAction":[{"@type":"ReadAction","target":["https:\/\/hadocongress.com\/2022\/szponzorok\/shaolin-studio\/"]}]},{"@type":"BreadcrumbList","@id":"https:\/\/hadocongress.com\/2022\/szponzorok\/shaolin-studio\/#breadcrumb","itemListElement":[{"@type":"ListItem","position":1,"name":"Kezd\u0151lap","item":"https:\/\/hadocongress.com\/2022\/"},{"@type":"ListItem","position":2,"name":"Szponzorok","item":"https:\/\/hadocongress.com\/2022\/szponzorok\/"},{"@type":"ListItem","position":3,"name":"SHAOLIN ST\u00daDI\u00d3"}]},{"@type":"WebSite","@id":"https:\/\/hadocongress.com\/2022\/#website","url":"https:\/\/hadocongress.com\/2022\/","name":"Magyar \u00c1llcsont-ortop\u00e9diai \u00e9s Fogszab\u00e1lyoz\u00e1si T\u00e1rsas\u00e1g I. Nemzetk\u00f6zi Kongresszusa","description":"#breakthru2022","publisher":{"@id":"https:\/\/hadocongress.com\/2022\/#organization"},"potentialAction":[{"@type":"SearchAction","target":{"@type":"EntryPoint","urlTemplate":"https:\/\/hadocongress.com\/2022\/?s={search_term_string}"},"query-input":"required name=search_term_string"}],"inLanguage":"hu"},{"@type":"Organization","@id":"https:\/\/hadocongress.com\/2022\/#organization","name":"hadocongress.com","url":"https:\/\/hadocongress.com\/2022\/","sameAs":[],"logo":{"@type":"ImageObject","inLanguage":"hu","@id":"https:\/\/hadocongress.com\/2022\/#\/schema\/logo\/image\/","url":"https:\/\/hadocongress.com\/2022\/wp-content\/uploads\/2022\/02\/logo-default.png","contentUrl":"https:\/\/hadocongress.com\/2022\/wp-content\/uploads\/2022\/02\/logo-default.png","width":342,"height":102,"caption":"hadocongress.com"},"image":{"@id":"https:\/\/hadocongress.com\/2022\/#\/schema\/logo\/image\/"}}]}},"_links":{"self":[{"href":"https:\/\/hadocongress.com\/2022\/wp-json\/wp\/v2\/pages\/3080"}],"collection":[{"href":"https:\/\/hadocongress.com\/2022\/wp-json\/wp\/v2\/pages"}],"about":[{"href":"https:\/\/hadocongress.com\/2022\/wp-json\/wp\/v2\/types\/page"}],"author":[{"embeddable":true,"href":"https:\/\/hadocongress.com\/2022\/wp-json\/wp\/v2\/users\/1"}],"replies":[{"embeddable":true,"href":"https:\/\/hadocongress.com\/2022\/wp-json\/wp\/v2\/comments?post=3080"}],"version-history":[{"count":1,"href":"https:\/\/hadocongress.com\/2022\/wp-json\/wp\/v2\/pages\/3080\/revisions"}],"predecessor-version":[{"id":3081,"href":"https:\/\/hadocongress.com\/2022\/wp-json\/wp\/v2\/pages\/3080\/revisions\/3081"}],"up":[{"embeddable":true,"href":"https:\/\/hadocongress.com\/2022\/wp-json\/wp\/v2\/pages\/1099"}],"wp:attachment":[{"href":"https:\/\/hadocongress.com\/2022\/wp-json\/wp\/v2\/media?parent=3080"}],"curies":[{"name":"wp","href":"https:\/\/api.w.org\/{rel}","templated":true}]}}