{"id":3069,"date":"2022-04-21T09:06:45","date_gmt":"2022-04-21T09:06:45","guid":{"rendered":"https:\/\/hadocongress.com\/2022\/?page_id=3069"},"modified":"2022-04-21T09:07:00","modified_gmt":"2022-04-21T09:07:00","slug":"bmw-motorspors","status":"publish","type":"page","link":"https:\/\/hadocongress.com\/2022\/szponzorok\/bmw-motorspors\/","title":{"rendered":"BMW Motorspors"},"content":{"rendered":"<div class=\"fusion-fullwidth fullwidth-box fusion-builder-row-1 fusion-flex-container nonhundred-percent-fullwidth non-hundred-percent-height-scrolling\" style=\"background-color: rgba(255,255,255,0);background-position: center center;background-repeat: no-repeat;border-width: 0px 0px 0px 0px;border-color:var(--awb-color3);border-style:solid;\" ><div class=\"fusion-builder-row fusion-row fusion-flex-align-items-flex-start fusion-flex-justify-content-center\" style=\"max-width:1310.4px;margin-left: calc(-4% \/ 2 );margin-right: calc(-4% \/ 2 );\"><div class=\"fusion-layout-column fusion_builder_column fusion-builder-column-0 fusion_builder_column_3_4 3_4 fusion-flex-column\"><div class=\"fusion-column-wrapper fusion-flex-justify-content-flex-start fusion-content-layout-column\" style=\"background-position:left top;background-repeat:no-repeat;-webkit-background-size:cover;-moz-background-size:cover;-o-background-size:cover;background-size:cover;padding: 0px 0px 0px 0px;\"><div style=\"text-align:center;\"><span class=\" fusion-imageframe imageframe-none imageframe-1 hover-type-none\" style=\"border-radius:12px;\"><img decoding=\"async\" width=\"450\" height=\"167\" title=\"bmw-motorspors-logo\" src=\"https:\/\/hadocongress.com\/2022\/wp-content\/uploads\/2022\/04\/bmw-motorspors-logo.jpg\" data-orig-src=\"https:\/\/hadocongress.com\/2022\/wp-content\/uploads\/2022\/04\/bmw-motorspors-logo.jpg\" alt class=\"lazyload img-responsive wp-image-3066\" srcset=\"data:image\/svg+xml,%3Csvg%20xmlns%3D%27http%3A%2F%2Fwww.w3.org%2F2000%2Fsvg%27%20width%3D%27450%27%20height%3D%27167%27%20viewBox%3D%270%200%20450%20167%27%3E%3Crect%20width%3D%27450%27%20height%3D%27167%27%20fill-opacity%3D%220%22%2F%3E%3C%2Fsvg%3E\" data-srcset=\"https:\/\/hadocongress.com\/2022\/wp-content\/uploads\/2022\/04\/bmw-motorspors-logo-200x74.jpg 200w, https:\/\/hadocongress.com\/2022\/wp-content\/uploads\/2022\/04\/bmw-motorspors-logo-400x148.jpg 400w, https:\/\/hadocongress.com\/2022\/wp-content\/uploads\/2022\/04\/bmw-motorspors-logo.jpg 450w\" data-sizes=\"auto\" data-orig-sizes=\"(max-width: 640px) 100vw, 450px\" \/><\/span><\/div><\/div><style type=\"text\/css\">.fusion-body .fusion-builder-column-0{width:75% !important;margin-top : 20px;margin-bottom : 20px;}.fusion-builder-column-0 > .fusion-column-wrapper {padding-top : 0px !important;padding-right : 0px !important;margin-right : 2.56%;padding-bottom : 0px !important;padding-left : 0px !important;margin-left : 2.56%;}@media only screen and (max-width:1200px) {.fusion-body .fusion-builder-column-0{width:75% !important;order : 0;}.fusion-builder-column-0 > .fusion-column-wrapper {margin-right : 2.56%;margin-left : 2.56%;}}@media only screen and (max-width:640px) {.fusion-body .fusion-builder-column-0{width:100% !important;order : 0;}.fusion-builder-column-0 > .fusion-column-wrapper {margin-right : 1.92%;margin-left : 1.92%;}}<\/style><\/div><div class=\"fusion-layout-column fusion_builder_column fusion-builder-column-1 fusion_builder_column_3_4 3_4 fusion-flex-column\"><div class=\"fusion-column-wrapper fusion-flex-justify-content-flex-start fusion-content-layout-column\" style=\"background-position:left top;background-repeat:no-repeat;-webkit-background-size:cover;-moz-background-size:cover;-o-background-size:cover;background-size:cover;padding: 0px 0px 0px 0px;\"><style type=\"text\/css\">@media only screen and (max-width:1200px) {.fusion-title.fusion-title-1{margin-top:10px!important; margin-right:0px!important;margin-bottom:20px!important;margin-left:0px!important;}}@media only screen and (max-width:640px) {.fusion-title.fusion-title-1{margin-top:10px!important; margin-right:0px!important;margin-bottom:20px!important; margin-left:0px!important;}}<\/style><div class=\"fusion-title title fusion-title-1 fusion-sep-none fusion-title-center fusion-title-text fusion-title-size-three\" style=\"margin-top:10px;margin-right:0px;margin-bottom:20px;margin-left:0px;\"><h3 class=\"title-heading-center fusion-responsive-typography-calculated\" style=\"margin:0;--fontSize:36;line-height:1.3;\">BMW Motorsports<\/h3><\/div><div class=\"fusion-text fusion-text-1\" style=\"text-transform:none;\"><p>Hissz\u00fck \u00e9s valljuk, hogy nem egyszer\u0171en aut\u00f3kat \u00e9s szolg\u00e1ltat\u00e1sokat \u00e9rt\u00e9kes\u00edt\u00fcnk, hanem a BMW \u00e9s MINI m\u00e1rk\u00e1k filoz\u00f3fi\u00e1j\u00e1val azonosulva elk\u00f6telezetten az aut\u00f3vezet\u00e9st \u00e9s a mobilit\u00e1st \u00e9lm\u00e9nny\u00e9 var\u00e1zsoljuk minden egyes \u00fcgyfel\u00fcnk sz\u00e1m\u00e1ra.<\/p>\n<p>Meggy\u0151z\u0151d\u00e9s\u00fcnk, hogy minden egyes g\u00e9pj\u00e1rm\u0171, amely elhagyja m\u00e1rkakeresked\u00e9s\u00fcnket mag\u00e1n viseli c\u00e9g\u00fcnk, a Budapest Motors v\u00e9djegy\u00e9t.<\/p>\n<p>B\u00fcszk\u00e9k vagyunk arra, hogy szolg\u00e1ltat\u00e1saink tekintet\u00e9ben nem ismer\u00fcnk kompromisszumot, mindenb\u0151l a legjobbat kell ny\u00fajtanunk.<\/p>\n<p>Rendszeresen visszat\u00e9r\u0151 \u00fcgyfeleink sz\u00e1m\u00e1nak folyamatos emelked\u00e9se igazolja sz\u00e1munkra, hogy nem l\u00e9tezik olyan marketing tev\u00e9kenys\u00e9g, amely fel\u00fclm\u00falhatja azt, hogy szolg\u00e1ltat\u00e1sainkat elismerve, \u00fcgyfeleink el\u00e9gedetten aj\u00e1nlanak benn\u00fcnket egym\u00e1snak.<\/p>\n<p>Mind az \u00e9rt\u00e9kes\u00edt\u00e9s, mind a vev\u0151szolg\u00e1lat ter\u00fclet\u00e9n dolgoz\u00f3 koll\u00e9g\u00e1ink sz\u00e1m\u00e1ra az adott poz\u00edci\u00f3 t\u00falmutat egy munkak\u00f6r\u00f6n, \u0151k a BMW \u00e9s MINI m\u00e1rka rajong\u00f3ik\u00e9nt rendelkeznek azzal a tud\u00e1ssal \u00e9s tapasztalattal, amely biztos\u00edtja \u00fcgyfeleink sz\u00e1m\u00e1ra szolg\u00e1ltat\u00e1saink kiemelked\u0151 sz\u00ednvonal\u00e1t, valamint a biztons\u00e1gos \u00e9s gondtalan aut\u00f3z\u00e1s \u00e9lm\u00e9ny\u00e9t.<\/p>\n<p>C\u00e9gcsoportunk t\u00f6bb \u00e9vtizedes m\u00falttal rendelkezik a g\u00e9pj\u00e1rm\u0171 kereskedelem \u00e9s a kapcsol\u00f3d\u00f3 szolg\u00e1ltat\u00e1sok ter\u00e9n, stabil \u00e9s megb\u00edzhat\u00f3 partnerk\u00e9nt \u00e1llunk jelenlegi \u00e9s leend\u0151 \u00fcgyfeleink rendelkez\u00e9s\u00e9re.<\/p>\n<p>A Budapest Motors lelkes csapata.<br \/>\n\u00c9s k\u00e9rj\u00fck ne feledje: Els\u0151 az \u00c9lm\u00e9ny<\/p>\n<\/div><\/div><style type=\"text\/css\">.fusion-body .fusion-builder-column-1{width:75% !important;margin-top : 20px;margin-bottom : 20px;}.fusion-builder-column-1 > .fusion-column-wrapper {padding-top : 0px !important;padding-right : 0px !important;margin-right : 2.56%;padding-bottom : 0px !important;padding-left : 0px !important;margin-left : 2.56%;}@media only screen and (max-width:1200px) {.fusion-body .fusion-builder-column-1{width:75% !important;order : 0;}.fusion-builder-column-1 > .fusion-column-wrapper {margin-right : 2.56%;margin-left : 2.56%;}}@media only screen and (max-width:640px) {.fusion-body .fusion-builder-column-1{width:100% !important;order : 0;}.fusion-builder-column-1 > .fusion-column-wrapper {margin-right : 1.92%;margin-left : 1.92%;}}<\/style><\/div><\/div><style type=\"text\/css\">.fusion-body .fusion-flex-container.fusion-builder-row-1{ padding-top : 0px;margin-top : 0px;padding-right : 0px;padding-bottom : 0px;margin-bottom : 0px;padding-left : 0px;}<\/style><\/div>\n","protected":false},"excerpt":{"rendered":"","protected":false},"author":1,"featured_media":0,"parent":1099,"menu_order":0,"comment_status":"closed","ping_status":"closed","template":"100-width.php","meta":{"footnotes":""},"yoast_head":"<!-- This site is optimized with the Yoast SEO plugin v19.6.1 - https:\/\/yoast.com\/wordpress\/plugins\/seo\/ -->\n<title>BMW Motorspors - Magyar \u00c1llcsont-ortop\u00e9diai \u00e9s Fogszab\u00e1lyoz\u00e1si T\u00e1rsas\u00e1g I. Nemzetk\u00f6zi Kongresszusa<\/title>\n<meta name=\"robots\" content=\"index, follow, max-snippet:-1, max-image-preview:large, max-video-preview:-1\" \/>\n<link rel=\"canonical\" href=\"https:\/\/hadocongress.com\/2022\/szponzorok\/bmw-motorspors\/\" \/>\n<meta property=\"og:locale\" content=\"hu_HU\" \/>\n<meta property=\"og:type\" content=\"article\" \/>\n<meta property=\"og:title\" content=\"BMW Motorspors - Magyar \u00c1llcsont-ortop\u00e9diai \u00e9s Fogszab\u00e1lyoz\u00e1si T\u00e1rsas\u00e1g I. Nemzetk\u00f6zi Kongresszusa\" \/>\n<meta property=\"og:url\" content=\"https:\/\/hadocongress.com\/2022\/szponzorok\/bmw-motorspors\/\" \/>\n<meta property=\"og:site_name\" content=\"Magyar \u00c1llcsont-ortop\u00e9diai \u00e9s Fogszab\u00e1lyoz\u00e1si T\u00e1rsas\u00e1g I. Nemzetk\u00f6zi Kongresszusa\" \/>\n<meta property=\"article:modified_time\" content=\"2022-04-21T09:07:00+00:00\" \/>\n<meta name=\"twitter:card\" content=\"summary_large_image\" \/>\n<meta name=\"twitter:label1\" content=\"Becs\u00fclt olvas\u00e1si id\u0151\" \/>\n\t<meta name=\"twitter:data1\" content=\"7 perc\" \/>\n<script type=\"application\/ld+json\" class=\"yoast-schema-graph\">{\"@context\":\"https:\/\/schema.org\",\"@graph\":[{\"@type\":\"WebPage\",\"@id\":\"https:\/\/hadocongress.com\/2022\/szponzorok\/bmw-motorspors\/\",\"url\":\"https:\/\/hadocongress.com\/2022\/szponzorok\/bmw-motorspors\/\",\"name\":\"BMW Motorspors - Magyar \u00c1llcsont-ortop\u00e9diai \u00e9s Fogszab\u00e1lyoz\u00e1si T\u00e1rsas\u00e1g I. Nemzetk\u00f6zi Kongresszusa\",\"isPartOf\":{\"@id\":\"https:\/\/hadocongress.com\/2022\/#website\"},\"datePublished\":\"2022-04-21T09:06:45+00:00\",\"dateModified\":\"2022-04-21T09:07:00+00:00\",\"breadcrumb\":{\"@id\":\"https:\/\/hadocongress.com\/2022\/szponzorok\/bmw-motorspors\/#breadcrumb\"},\"inLanguage\":\"hu\",\"potentialAction\":[{\"@type\":\"ReadAction\",\"target\":[\"https:\/\/hadocongress.com\/2022\/szponzorok\/bmw-motorspors\/\"]}]},{\"@type\":\"BreadcrumbList\",\"@id\":\"https:\/\/hadocongress.com\/2022\/szponzorok\/bmw-motorspors\/#breadcrumb\",\"itemListElement\":[{\"@type\":\"ListItem\",\"position\":1,\"name\":\"Kezd\u0151lap\",\"item\":\"https:\/\/hadocongress.com\/2022\/\"},{\"@type\":\"ListItem\",\"position\":2,\"name\":\"Szponzorok\",\"item\":\"https:\/\/hadocongress.com\/2022\/szponzorok\/\"},{\"@type\":\"ListItem\",\"position\":3,\"name\":\"BMW Motorspors\"}]},{\"@type\":\"WebSite\",\"@id\":\"https:\/\/hadocongress.com\/2022\/#website\",\"url\":\"https:\/\/hadocongress.com\/2022\/\",\"name\":\"Magyar \u00c1llcsont-ortop\u00e9diai \u00e9s Fogszab\u00e1lyoz\u00e1si T\u00e1rsas\u00e1g I. Nemzetk\u00f6zi Kongresszusa\",\"description\":\"#breakthru2022\",\"publisher\":{\"@id\":\"https:\/\/hadocongress.com\/2022\/#organization\"},\"potentialAction\":[{\"@type\":\"SearchAction\",\"target\":{\"@type\":\"EntryPoint\",\"urlTemplate\":\"https:\/\/hadocongress.com\/2022\/?s={search_term_string}\"},\"query-input\":\"required name=search_term_string\"}],\"inLanguage\":\"hu\"},{\"@type\":\"Organization\",\"@id\":\"https:\/\/hadocongress.com\/2022\/#organization\",\"name\":\"hadocongress.com\",\"url\":\"https:\/\/hadocongress.com\/2022\/\",\"sameAs\":[],\"logo\":{\"@type\":\"ImageObject\",\"inLanguage\":\"hu\",\"@id\":\"https:\/\/hadocongress.com\/2022\/#\/schema\/logo\/image\/\",\"url\":\"https:\/\/hadocongress.com\/2022\/wp-content\/uploads\/2022\/02\/logo-default.png\",\"contentUrl\":\"https:\/\/hadocongress.com\/2022\/wp-content\/uploads\/2022\/02\/logo-default.png\",\"width\":342,\"height\":102,\"caption\":\"hadocongress.com\"},\"image\":{\"@id\":\"https:\/\/hadocongress.com\/2022\/#\/schema\/logo\/image\/\"}}]}<\/script>\n<!-- \/ Yoast SEO plugin. -->","yoast_head_json":{"title":"BMW Motorspors - Magyar \u00c1llcsont-ortop\u00e9diai \u00e9s Fogszab\u00e1lyoz\u00e1si T\u00e1rsas\u00e1g I. Nemzetk\u00f6zi Kongresszusa","robots":{"index":"index","follow":"follow","max-snippet":"max-snippet:-1","max-image-preview":"max-image-preview:large","max-video-preview":"max-video-preview:-1"},"canonical":"https:\/\/hadocongress.com\/2022\/szponzorok\/bmw-motorspors\/","og_locale":"hu_HU","og_type":"article","og_title":"BMW Motorspors - Magyar \u00c1llcsont-ortop\u00e9diai \u00e9s Fogszab\u00e1lyoz\u00e1si T\u00e1rsas\u00e1g I. Nemzetk\u00f6zi Kongresszusa","og_url":"https:\/\/hadocongress.com\/2022\/szponzorok\/bmw-motorspors\/","og_site_name":"Magyar \u00c1llcsont-ortop\u00e9diai \u00e9s Fogszab\u00e1lyoz\u00e1si T\u00e1rsas\u00e1g I. Nemzetk\u00f6zi Kongresszusa","article_modified_time":"2022-04-21T09:07:00+00:00","twitter_card":"summary_large_image","twitter_misc":{"Becs\u00fclt olvas\u00e1si id\u0151":"7 perc"},"schema":{"@context":"https:\/\/schema.org","@graph":[{"@type":"WebPage","@id":"https:\/\/hadocongress.com\/2022\/szponzorok\/bmw-motorspors\/","url":"https:\/\/hadocongress.com\/2022\/szponzorok\/bmw-motorspors\/","name":"BMW Motorspors - Magyar \u00c1llcsont-ortop\u00e9diai \u00e9s Fogszab\u00e1lyoz\u00e1si T\u00e1rsas\u00e1g I. Nemzetk\u00f6zi Kongresszusa","isPartOf":{"@id":"https:\/\/hadocongress.com\/2022\/#website"},"datePublished":"2022-04-21T09:06:45+00:00","dateModified":"2022-04-21T09:07:00+00:00","breadcrumb":{"@id":"https:\/\/hadocongress.com\/2022\/szponzorok\/bmw-motorspors\/#breadcrumb"},"inLanguage":"hu","potentialAction":[{"@type":"ReadAction","target":["https:\/\/hadocongress.com\/2022\/szponzorok\/bmw-motorspors\/"]}]},{"@type":"BreadcrumbList","@id":"https:\/\/hadocongress.com\/2022\/szponzorok\/bmw-motorspors\/#breadcrumb","itemListElement":[{"@type":"ListItem","position":1,"name":"Kezd\u0151lap","item":"https:\/\/hadocongress.com\/2022\/"},{"@type":"ListItem","position":2,"name":"Szponzorok","item":"https:\/\/hadocongress.com\/2022\/szponzorok\/"},{"@type":"ListItem","position":3,"name":"BMW Motorspors"}]},{"@type":"WebSite","@id":"https:\/\/hadocongress.com\/2022\/#website","url":"https:\/\/hadocongress.com\/2022\/","name":"Magyar \u00c1llcsont-ortop\u00e9diai \u00e9s Fogszab\u00e1lyoz\u00e1si T\u00e1rsas\u00e1g I. Nemzetk\u00f6zi Kongresszusa","description":"#breakthru2022","publisher":{"@id":"https:\/\/hadocongress.com\/2022\/#organization"},"potentialAction":[{"@type":"SearchAction","target":{"@type":"EntryPoint","urlTemplate":"https:\/\/hadocongress.com\/2022\/?s={search_term_string}"},"query-input":"required name=search_term_string"}],"inLanguage":"hu"},{"@type":"Organization","@id":"https:\/\/hadocongress.com\/2022\/#organization","name":"hadocongress.com","url":"https:\/\/hadocongress.com\/2022\/","sameAs":[],"logo":{"@type":"ImageObject","inLanguage":"hu","@id":"https:\/\/hadocongress.com\/2022\/#\/schema\/logo\/image\/","url":"https:\/\/hadocongress.com\/2022\/wp-content\/uploads\/2022\/02\/logo-default.png","contentUrl":"https:\/\/hadocongress.com\/2022\/wp-content\/uploads\/2022\/02\/logo-default.png","width":342,"height":102,"caption":"hadocongress.com"},"image":{"@id":"https:\/\/hadocongress.com\/2022\/#\/schema\/logo\/image\/"}}]}},"_links":{"self":[{"href":"https:\/\/hadocongress.com\/2022\/wp-json\/wp\/v2\/pages\/3069"}],"collection":[{"href":"https:\/\/hadocongress.com\/2022\/wp-json\/wp\/v2\/pages"}],"about":[{"href":"https:\/\/hadocongress.com\/2022\/wp-json\/wp\/v2\/types\/page"}],"author":[{"embeddable":true,"href":"https:\/\/hadocongress.com\/2022\/wp-json\/wp\/v2\/users\/1"}],"replies":[{"embeddable":true,"href":"https:\/\/hadocongress.com\/2022\/wp-json\/wp\/v2\/comments?post=3069"}],"version-history":[{"count":2,"href":"https:\/\/hadocongress.com\/2022\/wp-json\/wp\/v2\/pages\/3069\/revisions"}],"predecessor-version":[{"id":3071,"href":"https:\/\/hadocongress.com\/2022\/wp-json\/wp\/v2\/pages\/3069\/revisions\/3071"}],"up":[{"embeddable":true,"href":"https:\/\/hadocongress.com\/2022\/wp-json\/wp\/v2\/pages\/1099"}],"wp:attachment":[{"href":"https:\/\/hadocongress.com\/2022\/wp-json\/wp\/v2\/media?parent=3069"}],"curies":[{"name":"wp","href":"https:\/\/api.w.org\/{rel}","templated":true}]}}