{"id":3219,"date":"2022-06-03T11:13:51","date_gmt":"2022-06-03T11:13:51","guid":{"rendered":"https:\/\/hadocongress.com\/2022\/sponsors\/philips-sonicare\/"},"modified":"2022-06-03T11:14:53","modified_gmt":"2022-06-03T11:14:53","slug":"philips-sonicare","status":"publish","type":"page","link":"https:\/\/hadocongress.com\/2022\/en\/sponsors\/philips-sonicare\/","title":{"rendered":"Philips Sonicare"},"content":{"rendered":"<div class=\"fusion-fullwidth fullwidth-box fusion-builder-row-1 fusion-flex-container nonhundred-percent-fullwidth non-hundred-percent-height-scrolling\" style=\"background-color: rgba(255,255,255,0);background-position: center center;background-repeat: no-repeat;border-width: 0px 0px 0px 0px;border-color:var(--awb-color3);border-style:solid;\" ><div class=\"fusion-builder-row fusion-row fusion-flex-align-items-flex-start fusion-flex-justify-content-center\" style=\"max-width:1310.4px;margin-left: calc(-4% \/ 2 );margin-right: calc(-4% \/ 2 );\"><div class=\"fusion-layout-column fusion_builder_column fusion-builder-column-0 fusion_builder_column_3_4 3_4 fusion-flex-column\"><div class=\"fusion-column-wrapper fusion-flex-justify-content-flex-start fusion-content-layout-column\" style=\"background-position:left top;background-repeat:no-repeat;-webkit-background-size:cover;-moz-background-size:cover;-o-background-size:cover;background-size:cover;padding: 0px 0px 0px 0px;\"><div style=\"text-align:center;\"><span class=\" fusion-imageframe imageframe-none imageframe-1 hover-type-none\" style=\"border-radius:12px;\"><img decoding=\"async\" width=\"450\" height=\"167\" title=\"philips\" src=\"https:\/\/hadocongress.com\/2022\/wp-content\/uploads\/2022\/06\/philips.jpg\" data-orig-src=\"https:\/\/hadocongress.com\/2022\/wp-content\/uploads\/2022\/06\/philips.jpg\" alt class=\"lazyload img-responsive wp-image-3213\" srcset=\"data:image\/svg+xml,%3Csvg%20xmlns%3D%27http%3A%2F%2Fwww.w3.org%2F2000%2Fsvg%27%20width%3D%27450%27%20height%3D%27167%27%20viewBox%3D%270%200%20450%20167%27%3E%3Crect%20width%3D%27450%27%20height%3D%27167%27%20fill-opacity%3D%220%22%2F%3E%3C%2Fsvg%3E\" data-srcset=\"https:\/\/hadocongress.com\/2022\/wp-content\/uploads\/2022\/06\/philips-200x74.jpg 200w, https:\/\/hadocongress.com\/2022\/wp-content\/uploads\/2022\/06\/philips-400x148.jpg 400w, https:\/\/hadocongress.com\/2022\/wp-content\/uploads\/2022\/06\/philips.jpg 450w\" data-sizes=\"auto\" data-orig-sizes=\"(max-width: 640px) 100vw, 450px\" \/><\/span><\/div><\/div><style type=\"text\/css\">.fusion-body .fusion-builder-column-0{width:75% !important;margin-top : 20px;margin-bottom : 20px;}.fusion-builder-column-0 > .fusion-column-wrapper {padding-top : 0px !important;padding-right : 0px !important;margin-right : 2.56%;padding-bottom : 0px !important;padding-left : 0px !important;margin-left : 2.56%;}@media only screen and (max-width:1200px) {.fusion-body .fusion-builder-column-0{width:75% !important;order : 0;}.fusion-builder-column-0 > .fusion-column-wrapper {margin-right : 2.56%;margin-left : 2.56%;}}@media only screen and (max-width:640px) {.fusion-body .fusion-builder-column-0{width:100% !important;order : 0;}.fusion-builder-column-0 > .fusion-column-wrapper {margin-right : 1.92%;margin-left : 1.92%;}}<\/style><\/div><div class=\"fusion-layout-column fusion_builder_column fusion-builder-column-1 fusion_builder_column_3_4 3_4 fusion-flex-column\"><div class=\"fusion-column-wrapper fusion-flex-justify-content-flex-start fusion-content-layout-column\" style=\"background-position:left top;background-repeat:no-repeat;-webkit-background-size:cover;-moz-background-size:cover;-o-background-size:cover;background-size:cover;padding: 0px 0px 0px 0px;\"><style type=\"text\/css\">@media only screen and (max-width:1200px) {.fusion-title.fusion-title-1{margin-top:10px!important; margin-right:0px!important;margin-bottom:20px!important;margin-left:0px!important;}}@media only screen and (max-width:640px) {.fusion-title.fusion-title-1{margin-top:10px!important; margin-right:0px!important;margin-bottom:20px!important; margin-left:0px!important;}}<\/style><div class=\"fusion-title title fusion-title-1 fusion-sep-none fusion-title-center fusion-title-text fusion-title-size-three\" style=\"margin-top:10px;margin-right:0px;margin-bottom:20px;margin-left:0px;\"><h3 class=\"title-heading-center fusion-responsive-typography-calculated\" style=\"margin:0;--fontSize:36;line-height:1.3;\">Philips Sonicare<\/h3><\/div><div class=\"fusion-text fusion-text-1\" style=\"text-transform:none;\"><p>A Philips Sonicare 25 \u00e9ves technol\u00f3giai m\u00faltra tekint vissza. Tudom\u00e1nyos tapasztalat\u00e1val \u00e9s fejlett seg\u00e9deszk\u00f6z\u00f6kkel seg\u00edti a sz\u00e1j\u00e1pol\u00e1st a modern id\u0151k \u00e9s \u00e9letm\u00f3d ig\u00e9nyeihez igaz\u00edtani.<\/p>\n<p>A Philips Sonicare biztos\u00edt mindent, ami az eg\u00e9szs\u00e9ges sz\u00e1jhoz \u00e9s mosolyhoz sz\u00fcks\u00e9ges. A kimagasl\u00f3 eredm\u00e9nyek \u00e9rdek\u00e9ben term\u00e9keinket fog\u00e1pol\u00e1si<br \/>\nszakemberek bevon\u00e1s\u00e1val \u00e9s j\u00f3v\u00e1hagy\u00e1s\u00e1val tervezz\u00fck.<\/p>\n<p>Elk\u00f6telezettek vagyunk a p\u00e1ciensek eg\u00e9szs\u00e9g\u00e9nek meg\u0151rz\u00e9s\u00e9ben, ez\u00e9rt l\u00e9nyeges sz\u00e1munkra, hogy k\u00fcl\u00f6n felh\u00edvjuk a figyelmet a megfelel\u0151 sz\u00e1jhigi\u00e9nia fontoss\u00e1g\u00e1ra, hiszen a hat\u00e9kony mindennapi sz\u00e1j\u00e1pol\u00e1si rutin seg\u00edt meg\u0151rizni a sz\u00e1j eg\u00e9szs\u00e9g\u00e9t \u00e9s ez hozz\u00e1j\u00e1rulhat a jobb \u00e1ltal\u00e1nos eg\u00e9szs\u00e9gi \u00e1llapothoz.<\/p>\n<p>Tov\u00e1bbi inform\u00e1ci\u00f3k: <a href=\"https:\/\/www.philips.hu\/c-e\/pe\/szakertok-szamara.html\" target=\"_blank\" rel=\"noopener\">https:\/\/www.philips.hu\/c-e\/pe\/szakertok-szamara.html<\/a><\/p>\n<\/div><\/div><style type=\"text\/css\">.fusion-body .fusion-builder-column-1{width:75% !important;margin-top : 20px;margin-bottom : 20px;}.fusion-builder-column-1 > .fusion-column-wrapper {padding-top : 0px !important;padding-right : 0px !important;margin-right : 2.56%;padding-bottom : 0px !important;padding-left : 0px !important;margin-left : 2.56%;}@media only screen and (max-width:1200px) {.fusion-body .fusion-builder-column-1{width:75% !important;order : 0;}.fusion-builder-column-1 > .fusion-column-wrapper {margin-right : 2.56%;margin-left : 2.56%;}}@media only screen and (max-width:640px) {.fusion-body .fusion-builder-column-1{width:100% !important;order : 0;}.fusion-builder-column-1 > .fusion-column-wrapper {margin-right : 1.92%;margin-left : 1.92%;}}<\/style><\/div><\/div><style type=\"text\/css\">.fusion-body .fusion-flex-container.fusion-builder-row-1{ padding-top : 0px;margin-top : 0px;padding-right : 0px;padding-bottom : 0px;margin-bottom : 0px;padding-left : 0px;}<\/style><\/div>\n","protected":false},"excerpt":{"rendered":"","protected":false},"author":1,"featured_media":0,"parent":2660,"menu_order":0,"comment_status":"closed","ping_status":"closed","template":"100-width.php","meta":{"footnotes":""},"yoast_head":"<!-- This site is optimized with the Yoast SEO plugin v19.6.1 - https:\/\/yoast.com\/wordpress\/plugins\/seo\/ -->\n<title>Philips Sonicare - Magyar \u00c1llcsont-ortop\u00e9diai \u00e9s Fogszab\u00e1lyoz\u00e1si T\u00e1rsas\u00e1g I. Nemzetk\u00f6zi Kongresszusa<\/title>\n<meta name=\"robots\" content=\"index, follow, max-snippet:-1, max-image-preview:large, max-video-preview:-1\" \/>\n<link rel=\"canonical\" href=\"https:\/\/hadocongress.com\/2022\/en\/sponsors\/philips-sonicare\/\" \/>\n<meta property=\"og:locale\" content=\"en_US\" \/>\n<meta property=\"og:type\" content=\"article\" \/>\n<meta property=\"og:title\" content=\"Philips Sonicare - Magyar \u00c1llcsont-ortop\u00e9diai \u00e9s Fogszab\u00e1lyoz\u00e1si T\u00e1rsas\u00e1g I. Nemzetk\u00f6zi Kongresszusa\" \/>\n<meta property=\"og:url\" content=\"https:\/\/hadocongress.com\/2022\/en\/sponsors\/philips-sonicare\/\" \/>\n<meta property=\"og:site_name\" content=\"Magyar \u00c1llcsont-ortop\u00e9diai \u00e9s Fogszab\u00e1lyoz\u00e1si T\u00e1rsas\u00e1g I. Nemzetk\u00f6zi Kongresszusa\" \/>\n<meta property=\"article:modified_time\" content=\"2022-06-03T11:14:53+00:00\" \/>\n<meta name=\"twitter:card\" content=\"summary_large_image\" \/>\n<meta name=\"twitter:label1\" content=\"Est. reading time\" \/>\n\t<meta name=\"twitter:data1\" content=\"7 minutes\" \/>\n<script type=\"application\/ld+json\" class=\"yoast-schema-graph\">{\"@context\":\"https:\/\/schema.org\",\"@graph\":[{\"@type\":\"WebPage\",\"@id\":\"https:\/\/hadocongress.com\/2022\/en\/sponsors\/philips-sonicare\/\",\"url\":\"https:\/\/hadocongress.com\/2022\/en\/sponsors\/philips-sonicare\/\",\"name\":\"Philips Sonicare - Magyar \u00c1llcsont-ortop\u00e9diai \u00e9s Fogszab\u00e1lyoz\u00e1si T\u00e1rsas\u00e1g I. Nemzetk\u00f6zi Kongresszusa\",\"isPartOf\":{\"@id\":\"https:\/\/hadocongress.com\/2022\/#website\"},\"datePublished\":\"2022-06-03T11:13:51+00:00\",\"dateModified\":\"2022-06-03T11:14:53+00:00\",\"breadcrumb\":{\"@id\":\"https:\/\/hadocongress.com\/2022\/en\/sponsors\/philips-sonicare\/#breadcrumb\"},\"inLanguage\":\"en-US\",\"potentialAction\":[{\"@type\":\"ReadAction\",\"target\":[\"https:\/\/hadocongress.com\/2022\/en\/sponsors\/philips-sonicare\/\"]}]},{\"@type\":\"BreadcrumbList\",\"@id\":\"https:\/\/hadocongress.com\/2022\/en\/sponsors\/philips-sonicare\/#breadcrumb\",\"itemListElement\":[{\"@type\":\"ListItem\",\"position\":1,\"name\":\"Kezd\u0151lap\",\"item\":\"https:\/\/hadocongress.com\/2022\/en\/\"},{\"@type\":\"ListItem\",\"position\":2,\"name\":\"Sponsors\",\"item\":\"https:\/\/hadocongress.com\/2022\/en\/sponsors\/\"},{\"@type\":\"ListItem\",\"position\":3,\"name\":\"Philips Sonicare\"}]},{\"@type\":\"WebSite\",\"@id\":\"https:\/\/hadocongress.com\/2022\/#website\",\"url\":\"https:\/\/hadocongress.com\/2022\/\",\"name\":\"Magyar \u00c1llcsont-ortop\u00e9diai \u00e9s Fogszab\u00e1lyoz\u00e1si T\u00e1rsas\u00e1g I. Nemzetk\u00f6zi Kongresszusa\",\"description\":\"#breakthru2022\",\"publisher\":{\"@id\":\"https:\/\/hadocongress.com\/2022\/#organization\"},\"potentialAction\":[{\"@type\":\"SearchAction\",\"target\":{\"@type\":\"EntryPoint\",\"urlTemplate\":\"https:\/\/hadocongress.com\/2022\/?s={search_term_string}\"},\"query-input\":\"required name=search_term_string\"}],\"inLanguage\":\"en-US\"},{\"@type\":\"Organization\",\"@id\":\"https:\/\/hadocongress.com\/2022\/#organization\",\"name\":\"hadocongress.com\",\"url\":\"https:\/\/hadocongress.com\/2022\/\",\"sameAs\":[],\"logo\":{\"@type\":\"ImageObject\",\"inLanguage\":\"en-US\",\"@id\":\"https:\/\/hadocongress.com\/2022\/#\/schema\/logo\/image\/\",\"url\":\"https:\/\/hadocongress.com\/2022\/wp-content\/uploads\/2022\/02\/logo-default.png\",\"contentUrl\":\"https:\/\/hadocongress.com\/2022\/wp-content\/uploads\/2022\/02\/logo-default.png\",\"width\":342,\"height\":102,\"caption\":\"hadocongress.com\"},\"image\":{\"@id\":\"https:\/\/hadocongress.com\/2022\/#\/schema\/logo\/image\/\"}}]}<\/script>\n<!-- \/ Yoast SEO plugin. -->","yoast_head_json":{"title":"Philips Sonicare - Magyar \u00c1llcsont-ortop\u00e9diai \u00e9s Fogszab\u00e1lyoz\u00e1si T\u00e1rsas\u00e1g I. Nemzetk\u00f6zi Kongresszusa","robots":{"index":"index","follow":"follow","max-snippet":"max-snippet:-1","max-image-preview":"max-image-preview:large","max-video-preview":"max-video-preview:-1"},"canonical":"https:\/\/hadocongress.com\/2022\/en\/sponsors\/philips-sonicare\/","og_locale":"en_US","og_type":"article","og_title":"Philips Sonicare - Magyar \u00c1llcsont-ortop\u00e9diai \u00e9s Fogszab\u00e1lyoz\u00e1si T\u00e1rsas\u00e1g I. Nemzetk\u00f6zi Kongresszusa","og_url":"https:\/\/hadocongress.com\/2022\/en\/sponsors\/philips-sonicare\/","og_site_name":"Magyar \u00c1llcsont-ortop\u00e9diai \u00e9s Fogszab\u00e1lyoz\u00e1si T\u00e1rsas\u00e1g I. Nemzetk\u00f6zi Kongresszusa","article_modified_time":"2022-06-03T11:14:53+00:00","twitter_card":"summary_large_image","twitter_misc":{"Est. reading time":"7 minutes"},"schema":{"@context":"https:\/\/schema.org","@graph":[{"@type":"WebPage","@id":"https:\/\/hadocongress.com\/2022\/en\/sponsors\/philips-sonicare\/","url":"https:\/\/hadocongress.com\/2022\/en\/sponsors\/philips-sonicare\/","name":"Philips Sonicare - Magyar \u00c1llcsont-ortop\u00e9diai \u00e9s Fogszab\u00e1lyoz\u00e1si T\u00e1rsas\u00e1g I. Nemzetk\u00f6zi Kongresszusa","isPartOf":{"@id":"https:\/\/hadocongress.com\/2022\/#website"},"datePublished":"2022-06-03T11:13:51+00:00","dateModified":"2022-06-03T11:14:53+00:00","breadcrumb":{"@id":"https:\/\/hadocongress.com\/2022\/en\/sponsors\/philips-sonicare\/#breadcrumb"},"inLanguage":"en-US","potentialAction":[{"@type":"ReadAction","target":["https:\/\/hadocongress.com\/2022\/en\/sponsors\/philips-sonicare\/"]}]},{"@type":"BreadcrumbList","@id":"https:\/\/hadocongress.com\/2022\/en\/sponsors\/philips-sonicare\/#breadcrumb","itemListElement":[{"@type":"ListItem","position":1,"name":"Kezd\u0151lap","item":"https:\/\/hadocongress.com\/2022\/en\/"},{"@type":"ListItem","position":2,"name":"Sponsors","item":"https:\/\/hadocongress.com\/2022\/en\/sponsors\/"},{"@type":"ListItem","position":3,"name":"Philips Sonicare"}]},{"@type":"WebSite","@id":"https:\/\/hadocongress.com\/2022\/#website","url":"https:\/\/hadocongress.com\/2022\/","name":"Magyar \u00c1llcsont-ortop\u00e9diai \u00e9s Fogszab\u00e1lyoz\u00e1si T\u00e1rsas\u00e1g I. Nemzetk\u00f6zi Kongresszusa","description":"#breakthru2022","publisher":{"@id":"https:\/\/hadocongress.com\/2022\/#organization"},"potentialAction":[{"@type":"SearchAction","target":{"@type":"EntryPoint","urlTemplate":"https:\/\/hadocongress.com\/2022\/?s={search_term_string}"},"query-input":"required name=search_term_string"}],"inLanguage":"en-US"},{"@type":"Organization","@id":"https:\/\/hadocongress.com\/2022\/#organization","name":"hadocongress.com","url":"https:\/\/hadocongress.com\/2022\/","sameAs":[],"logo":{"@type":"ImageObject","inLanguage":"en-US","@id":"https:\/\/hadocongress.com\/2022\/#\/schema\/logo\/image\/","url":"https:\/\/hadocongress.com\/2022\/wp-content\/uploads\/2022\/02\/logo-default.png","contentUrl":"https:\/\/hadocongress.com\/2022\/wp-content\/uploads\/2022\/02\/logo-default.png","width":342,"height":102,"caption":"hadocongress.com"},"image":{"@id":"https:\/\/hadocongress.com\/2022\/#\/schema\/logo\/image\/"}}]}},"_links":{"self":[{"href":"https:\/\/hadocongress.com\/2022\/en\/wp-json\/wp\/v2\/pages\/3219"}],"collection":[{"href":"https:\/\/hadocongress.com\/2022\/en\/wp-json\/wp\/v2\/pages"}],"about":[{"href":"https:\/\/hadocongress.com\/2022\/en\/wp-json\/wp\/v2\/types\/page"}],"author":[{"embeddable":true,"href":"https:\/\/hadocongress.com\/2022\/en\/wp-json\/wp\/v2\/users\/1"}],"replies":[{"embeddable":true,"href":"https:\/\/hadocongress.com\/2022\/en\/wp-json\/wp\/v2\/comments?post=3219"}],"version-history":[{"count":1,"href":"https:\/\/hadocongress.com\/2022\/en\/wp-json\/wp\/v2\/pages\/3219\/revisions"}],"predecessor-version":[{"id":3220,"href":"https:\/\/hadocongress.com\/2022\/en\/wp-json\/wp\/v2\/pages\/3219\/revisions\/3220"}],"up":[{"embeddable":true,"href":"https:\/\/hadocongress.com\/2022\/en\/wp-json\/wp\/v2\/pages\/2660"}],"wp:attachment":[{"href":"https:\/\/hadocongress.com\/2022\/en\/wp-json\/wp\/v2\/media?parent=3219"}],"curies":[{"name":"wp","href":"https:\/\/api.w.org\/{rel}","templated":true}]}}