{"id":3178,"date":"2022-05-19T11:16:01","date_gmt":"2022-05-19T11:16:01","guid":{"rendered":"https:\/\/hadocongress.com\/2022\/sponsors\/adenta\/"},"modified":"2022-05-19T11:16:19","modified_gmt":"2022-05-19T11:16:19","slug":"adenta","status":"publish","type":"page","link":"https:\/\/hadocongress.com\/2022\/en\/sponsors\/adenta\/","title":{"rendered":"Adenta"},"content":{"rendered":"<div class=\"fusion-fullwidth fullwidth-box fusion-builder-row-1 fusion-flex-container nonhundred-percent-fullwidth non-hundred-percent-height-scrolling\" style=\"background-color: rgba(255,255,255,0);background-position: center center;background-repeat: no-repeat;border-width: 0px 0px 0px 0px;border-color:var(--awb-color3);border-style:solid;\" ><div class=\"fusion-builder-row fusion-row fusion-flex-align-items-flex-start fusion-flex-justify-content-center\" style=\"max-width:1310.4px;margin-left: calc(-4% \/ 2 );margin-right: calc(-4% \/ 2 );\"><div class=\"fusion-layout-column fusion_builder_column fusion-builder-column-0 fusion_builder_column_3_4 3_4 fusion-flex-column\"><div class=\"fusion-column-wrapper fusion-flex-justify-content-flex-start fusion-content-layout-column\" style=\"background-position:left top;background-repeat:no-repeat;-webkit-background-size:cover;-moz-background-size:cover;-o-background-size:cover;background-size:cover;padding: 0px 0px 0px 0px;\"><div style=\"text-align:center;\"><span class=\" fusion-imageframe imageframe-none imageframe-1 hover-type-none\" style=\"border-radius:12px;\"><img decoding=\"async\" width=\"450\" height=\"167\" title=\"adenta-logo\" src=\"https:\/\/hadocongress.com\/2022\/wp-content\/uploads\/2022\/04\/adenta-logo.jpg\" data-orig-src=\"https:\/\/hadocongress.com\/2022\/wp-content\/uploads\/2022\/04\/adenta-logo.jpg\" alt class=\"lazyload img-responsive wp-image-2989\" srcset=\"data:image\/svg+xml,%3Csvg%20xmlns%3D%27http%3A%2F%2Fwww.w3.org%2F2000%2Fsvg%27%20width%3D%27450%27%20height%3D%27167%27%20viewBox%3D%270%200%20450%20167%27%3E%3Crect%20width%3D%27450%27%20height%3D%27167%27%20fill-opacity%3D%220%22%2F%3E%3C%2Fsvg%3E\" data-srcset=\"https:\/\/hadocongress.com\/2022\/wp-content\/uploads\/2022\/04\/adenta-logo-200x74.jpg 200w, https:\/\/hadocongress.com\/2022\/wp-content\/uploads\/2022\/04\/adenta-logo-400x148.jpg 400w, https:\/\/hadocongress.com\/2022\/wp-content\/uploads\/2022\/04\/adenta-logo.jpg 450w\" data-sizes=\"auto\" data-orig-sizes=\"(max-width: 640px) 100vw, 450px\" \/><\/span><\/div><\/div><style type=\"text\/css\">.fusion-body .fusion-builder-column-0{width:75% !important;margin-top : 20px;margin-bottom : 20px;}.fusion-builder-column-0 > .fusion-column-wrapper {padding-top : 0px !important;padding-right : 0px !important;margin-right : 2.56%;padding-bottom : 0px !important;padding-left : 0px !important;margin-left : 2.56%;}@media only screen and (max-width:1200px) {.fusion-body .fusion-builder-column-0{width:75% !important;order : 0;}.fusion-builder-column-0 > .fusion-column-wrapper {margin-right : 2.56%;margin-left : 2.56%;}}@media only screen and (max-width:640px) {.fusion-body .fusion-builder-column-0{width:100% !important;order : 0;}.fusion-builder-column-0 > .fusion-column-wrapper {margin-right : 1.92%;margin-left : 1.92%;}}<\/style><\/div><div class=\"fusion-layout-column fusion_builder_column fusion-builder-column-1 fusion_builder_column_3_4 3_4 fusion-flex-column\"><div class=\"fusion-column-wrapper fusion-flex-justify-content-flex-start fusion-content-layout-column\" style=\"background-position:left top;background-repeat:no-repeat;-webkit-background-size:cover;-moz-background-size:cover;-o-background-size:cover;background-size:cover;padding: 0px 0px 0px 0px;\"><div class=\"fusion-text fusion-text-1\" style=\"text-transform:none;\"><p><strong>Adenta &#8211; Bringing German Engineering to Orthodontics<\/strong><\/p>\n<p>The history of Adenta\u00ae has been written for more than three generations. What was brought to life more than 60 years ago by the founder Wolfram Schendell and successfully continued by his son Claus Schendell is now in the 3rd generation. Julia Wenderhold-Schendell tries to fill the big footsteps with heart, ambition, and empathy and to steer the fortunes of the family business with sensitivity and a feeling for future-oriented innovations.<\/p>\n<p>Developing these innovative solutions for 3 generations means &#8211; making treatment faster, easier, more predictable, healthier, and therefore significantly more efficient. Over 23,000 orthodontists worldwide work with Adenta products, mainly because they allow them to work more relaxed and faster. The Adenta company is synonymous with extreme precision and the highest level of innovation.<\/p>\n<p>We listened and collaborated with orthodontists. Our engineers and orthodontists worked side by side &#8211; dream appliances became reality &#8211; problems have been solved. The world of orthodontics now reaches new levels of control, precision, and efficiency, with truly orthodontist inspired products that you can rely on for optimum results. All this with the best materials and high-quality workmanship<\/p>\n<p>Utmost care and innovation are the clear priorities for our customers:<br \/>\n\u2022 absolute product confidence<br \/>\n\u2022 consistent line loyalty<br \/>\n\u2022 practical spirit of innovation<\/p>\n<p>And with them deeply rooted values, which include not only precision, quality, and care, but<br \/>\nabove all respect. Respect for the experts who advise us, for our customers and business<br \/>\npartners. The ability to recognize the needs of the market and to gain valuable suggestions<br \/>\nfor the implementation of practical treatment equipment is also essential.<\/p>\n<p>Inspired by Orthodontists, engineered by Adenta<\/p>\n<\/div><\/div><style type=\"text\/css\">.fusion-body .fusion-builder-column-1{width:75% !important;margin-top : 20px;margin-bottom : 20px;}.fusion-builder-column-1 > .fusion-column-wrapper {padding-top : 0px !important;padding-right : 0px !important;margin-right : 2.56%;padding-bottom : 0px !important;padding-left : 0px !important;margin-left : 2.56%;}@media only screen and (max-width:1200px) {.fusion-body .fusion-builder-column-1{width:75% !important;order : 0;}.fusion-builder-column-1 > .fusion-column-wrapper {margin-right : 2.56%;margin-left : 2.56%;}}@media only screen and (max-width:640px) {.fusion-body .fusion-builder-column-1{width:100% !important;order : 0;}.fusion-builder-column-1 > .fusion-column-wrapper {margin-right : 1.92%;margin-left : 1.92%;}}<\/style><\/div><\/div><style type=\"text\/css\">.fusion-body .fusion-flex-container.fusion-builder-row-1{ padding-top : 0px;margin-top : 0px;padding-right : 0px;padding-bottom : 0px;margin-bottom : 0px;padding-left : 0px;}<\/style><\/div>\n","protected":false},"excerpt":{"rendered":"","protected":false},"author":1,"featured_media":0,"parent":2660,"menu_order":0,"comment_status":"closed","ping_status":"closed","template":"100-width.php","meta":{"footnotes":""},"yoast_head":"<!-- This site is optimized with the Yoast SEO plugin v19.6.1 - https:\/\/yoast.com\/wordpress\/plugins\/seo\/ -->\n<title>Adenta - Magyar \u00c1llcsont-ortop\u00e9diai \u00e9s Fogszab\u00e1lyoz\u00e1si T\u00e1rsas\u00e1g I. Nemzetk\u00f6zi Kongresszusa<\/title>\n<meta name=\"robots\" content=\"index, follow, max-snippet:-1, max-image-preview:large, max-video-preview:-1\" \/>\n<link rel=\"canonical\" href=\"https:\/\/hadocongress.com\/2022\/en\/sponsors\/adenta\/\" \/>\n<meta property=\"og:locale\" content=\"en_US\" \/>\n<meta property=\"og:type\" content=\"article\" \/>\n<meta property=\"og:title\" content=\"Adenta - Magyar \u00c1llcsont-ortop\u00e9diai \u00e9s Fogszab\u00e1lyoz\u00e1si T\u00e1rsas\u00e1g I. Nemzetk\u00f6zi Kongresszusa\" \/>\n<meta property=\"og:url\" content=\"https:\/\/hadocongress.com\/2022\/en\/sponsors\/adenta\/\" \/>\n<meta property=\"og:site_name\" content=\"Magyar \u00c1llcsont-ortop\u00e9diai \u00e9s Fogszab\u00e1lyoz\u00e1si T\u00e1rsas\u00e1g I. Nemzetk\u00f6zi Kongresszusa\" \/>\n<meta property=\"article:modified_time\" content=\"2022-05-19T11:16:19+00:00\" \/>\n<meta name=\"twitter:card\" content=\"summary_large_image\" \/>\n<meta name=\"twitter:label1\" content=\"Est. reading time\" \/>\n\t<meta name=\"twitter:data1\" content=\"6 minutes\" \/>\n<script type=\"application\/ld+json\" class=\"yoast-schema-graph\">{\"@context\":\"https:\/\/schema.org\",\"@graph\":[{\"@type\":\"WebPage\",\"@id\":\"https:\/\/hadocongress.com\/2022\/en\/sponsors\/adenta\/\",\"url\":\"https:\/\/hadocongress.com\/2022\/en\/sponsors\/adenta\/\",\"name\":\"Adenta - Magyar \u00c1llcsont-ortop\u00e9diai \u00e9s Fogszab\u00e1lyoz\u00e1si T\u00e1rsas\u00e1g I. Nemzetk\u00f6zi Kongresszusa\",\"isPartOf\":{\"@id\":\"https:\/\/hadocongress.com\/2022\/#website\"},\"datePublished\":\"2022-05-19T11:16:01+00:00\",\"dateModified\":\"2022-05-19T11:16:19+00:00\",\"breadcrumb\":{\"@id\":\"https:\/\/hadocongress.com\/2022\/en\/sponsors\/adenta\/#breadcrumb\"},\"inLanguage\":\"en-US\",\"potentialAction\":[{\"@type\":\"ReadAction\",\"target\":[\"https:\/\/hadocongress.com\/2022\/en\/sponsors\/adenta\/\"]}]},{\"@type\":\"BreadcrumbList\",\"@id\":\"https:\/\/hadocongress.com\/2022\/en\/sponsors\/adenta\/#breadcrumb\",\"itemListElement\":[{\"@type\":\"ListItem\",\"position\":1,\"name\":\"Kezd\u0151lap\",\"item\":\"https:\/\/hadocongress.com\/2022\/en\/\"},{\"@type\":\"ListItem\",\"position\":2,\"name\":\"Sponsors\",\"item\":\"https:\/\/hadocongress.com\/2022\/en\/sponsors\/\"},{\"@type\":\"ListItem\",\"position\":3,\"name\":\"Adenta\"}]},{\"@type\":\"WebSite\",\"@id\":\"https:\/\/hadocongress.com\/2022\/#website\",\"url\":\"https:\/\/hadocongress.com\/2022\/\",\"name\":\"Magyar \u00c1llcsont-ortop\u00e9diai \u00e9s Fogszab\u00e1lyoz\u00e1si T\u00e1rsas\u00e1g I. Nemzetk\u00f6zi Kongresszusa\",\"description\":\"#breakthru2022\",\"publisher\":{\"@id\":\"https:\/\/hadocongress.com\/2022\/#organization\"},\"potentialAction\":[{\"@type\":\"SearchAction\",\"target\":{\"@type\":\"EntryPoint\",\"urlTemplate\":\"https:\/\/hadocongress.com\/2022\/?s={search_term_string}\"},\"query-input\":\"required name=search_term_string\"}],\"inLanguage\":\"en-US\"},{\"@type\":\"Organization\",\"@id\":\"https:\/\/hadocongress.com\/2022\/#organization\",\"name\":\"hadocongress.com\",\"url\":\"https:\/\/hadocongress.com\/2022\/\",\"sameAs\":[],\"logo\":{\"@type\":\"ImageObject\",\"inLanguage\":\"en-US\",\"@id\":\"https:\/\/hadocongress.com\/2022\/#\/schema\/logo\/image\/\",\"url\":\"https:\/\/hadocongress.com\/2022\/wp-content\/uploads\/2022\/02\/logo-default.png\",\"contentUrl\":\"https:\/\/hadocongress.com\/2022\/wp-content\/uploads\/2022\/02\/logo-default.png\",\"width\":342,\"height\":102,\"caption\":\"hadocongress.com\"},\"image\":{\"@id\":\"https:\/\/hadocongress.com\/2022\/#\/schema\/logo\/image\/\"}}]}<\/script>\n<!-- \/ Yoast SEO plugin. -->","yoast_head_json":{"title":"Adenta - Magyar \u00c1llcsont-ortop\u00e9diai \u00e9s Fogszab\u00e1lyoz\u00e1si T\u00e1rsas\u00e1g I. Nemzetk\u00f6zi Kongresszusa","robots":{"index":"index","follow":"follow","max-snippet":"max-snippet:-1","max-image-preview":"max-image-preview:large","max-video-preview":"max-video-preview:-1"},"canonical":"https:\/\/hadocongress.com\/2022\/en\/sponsors\/adenta\/","og_locale":"en_US","og_type":"article","og_title":"Adenta - Magyar \u00c1llcsont-ortop\u00e9diai \u00e9s Fogszab\u00e1lyoz\u00e1si T\u00e1rsas\u00e1g I. Nemzetk\u00f6zi Kongresszusa","og_url":"https:\/\/hadocongress.com\/2022\/en\/sponsors\/adenta\/","og_site_name":"Magyar \u00c1llcsont-ortop\u00e9diai \u00e9s Fogszab\u00e1lyoz\u00e1si T\u00e1rsas\u00e1g I. Nemzetk\u00f6zi Kongresszusa","article_modified_time":"2022-05-19T11:16:19+00:00","twitter_card":"summary_large_image","twitter_misc":{"Est. reading time":"6 minutes"},"schema":{"@context":"https:\/\/schema.org","@graph":[{"@type":"WebPage","@id":"https:\/\/hadocongress.com\/2022\/en\/sponsors\/adenta\/","url":"https:\/\/hadocongress.com\/2022\/en\/sponsors\/adenta\/","name":"Adenta - Magyar \u00c1llcsont-ortop\u00e9diai \u00e9s Fogszab\u00e1lyoz\u00e1si T\u00e1rsas\u00e1g I. Nemzetk\u00f6zi Kongresszusa","isPartOf":{"@id":"https:\/\/hadocongress.com\/2022\/#website"},"datePublished":"2022-05-19T11:16:01+00:00","dateModified":"2022-05-19T11:16:19+00:00","breadcrumb":{"@id":"https:\/\/hadocongress.com\/2022\/en\/sponsors\/adenta\/#breadcrumb"},"inLanguage":"en-US","potentialAction":[{"@type":"ReadAction","target":["https:\/\/hadocongress.com\/2022\/en\/sponsors\/adenta\/"]}]},{"@type":"BreadcrumbList","@id":"https:\/\/hadocongress.com\/2022\/en\/sponsors\/adenta\/#breadcrumb","itemListElement":[{"@type":"ListItem","position":1,"name":"Kezd\u0151lap","item":"https:\/\/hadocongress.com\/2022\/en\/"},{"@type":"ListItem","position":2,"name":"Sponsors","item":"https:\/\/hadocongress.com\/2022\/en\/sponsors\/"},{"@type":"ListItem","position":3,"name":"Adenta"}]},{"@type":"WebSite","@id":"https:\/\/hadocongress.com\/2022\/#website","url":"https:\/\/hadocongress.com\/2022\/","name":"Magyar \u00c1llcsont-ortop\u00e9diai \u00e9s Fogszab\u00e1lyoz\u00e1si T\u00e1rsas\u00e1g I. Nemzetk\u00f6zi Kongresszusa","description":"#breakthru2022","publisher":{"@id":"https:\/\/hadocongress.com\/2022\/#organization"},"potentialAction":[{"@type":"SearchAction","target":{"@type":"EntryPoint","urlTemplate":"https:\/\/hadocongress.com\/2022\/?s={search_term_string}"},"query-input":"required name=search_term_string"}],"inLanguage":"en-US"},{"@type":"Organization","@id":"https:\/\/hadocongress.com\/2022\/#organization","name":"hadocongress.com","url":"https:\/\/hadocongress.com\/2022\/","sameAs":[],"logo":{"@type":"ImageObject","inLanguage":"en-US","@id":"https:\/\/hadocongress.com\/2022\/#\/schema\/logo\/image\/","url":"https:\/\/hadocongress.com\/2022\/wp-content\/uploads\/2022\/02\/logo-default.png","contentUrl":"https:\/\/hadocongress.com\/2022\/wp-content\/uploads\/2022\/02\/logo-default.png","width":342,"height":102,"caption":"hadocongress.com"},"image":{"@id":"https:\/\/hadocongress.com\/2022\/#\/schema\/logo\/image\/"}}]}},"_links":{"self":[{"href":"https:\/\/hadocongress.com\/2022\/en\/wp-json\/wp\/v2\/pages\/3178"}],"collection":[{"href":"https:\/\/hadocongress.com\/2022\/en\/wp-json\/wp\/v2\/pages"}],"about":[{"href":"https:\/\/hadocongress.com\/2022\/en\/wp-json\/wp\/v2\/types\/page"}],"author":[{"embeddable":true,"href":"https:\/\/hadocongress.com\/2022\/en\/wp-json\/wp\/v2\/users\/1"}],"replies":[{"embeddable":true,"href":"https:\/\/hadocongress.com\/2022\/en\/wp-json\/wp\/v2\/comments?post=3178"}],"version-history":[{"count":1,"href":"https:\/\/hadocongress.com\/2022\/en\/wp-json\/wp\/v2\/pages\/3178\/revisions"}],"predecessor-version":[{"id":3179,"href":"https:\/\/hadocongress.com\/2022\/en\/wp-json\/wp\/v2\/pages\/3178\/revisions\/3179"}],"up":[{"embeddable":true,"href":"https:\/\/hadocongress.com\/2022\/en\/wp-json\/wp\/v2\/pages\/2660"}],"wp:attachment":[{"href":"https:\/\/hadocongress.com\/2022\/en\/wp-json\/wp\/v2\/media?parent=3178"}],"curies":[{"name":"wp","href":"https:\/\/api.w.org\/{rel}","templated":true}]}}