{"id":3021,"date":"2022-04-21T08:36:19","date_gmt":"2022-04-21T08:36:19","guid":{"rendered":"https:\/\/hadocongress.com\/2022\/sponsors\/savaria\/"},"modified":"2022-05-25T08:43:24","modified_gmt":"2022-05-25T08:43:24","slug":"savaria","status":"publish","type":"page","link":"https:\/\/hadocongress.com\/2022\/en\/sponsors\/savaria\/","title":{"rendered":"Savaria-Dent"},"content":{"rendered":"<div class=\"fusion-fullwidth fullwidth-box fusion-builder-row-1 fusion-flex-container nonhundred-percent-fullwidth non-hundred-percent-height-scrolling\" style=\"background-color: rgba(255,255,255,0);background-position: center center;background-repeat: no-repeat;border-width: 0px 0px 0px 0px;border-color:var(--awb-color3);border-style:solid;\" ><div class=\"fusion-builder-row fusion-row fusion-flex-align-items-flex-start fusion-flex-justify-content-center\" style=\"max-width:1310.4px;margin-left: calc(-4% \/ 2 );margin-right: calc(-4% \/ 2 );\"><div class=\"fusion-layout-column fusion_builder_column fusion-builder-column-0 fusion_builder_column_3_4 3_4 fusion-flex-column\"><div class=\"fusion-column-wrapper fusion-flex-justify-content-flex-start fusion-content-layout-column\" style=\"background-position:left top;background-repeat:no-repeat;-webkit-background-size:cover;-moz-background-size:cover;-o-background-size:cover;background-size:cover;padding: 0px 0px 0px 0px;\"><div style=\"text-align:center;\"><span class=\" fusion-imageframe imageframe-none imageframe-1 hover-type-none\" style=\"border-radius:12px;\"><img decoding=\"async\" width=\"450\" height=\"167\" title=\"savaria-logo\" src=\"https:\/\/hadocongress.com\/2022\/wp-content\/uploads\/2022\/04\/savaria-logo.jpg\" data-orig-src=\"https:\/\/hadocongress.com\/2022\/wp-content\/uploads\/2022\/04\/savaria-logo.jpg\" alt class=\"lazyload img-responsive wp-image-3017\" srcset=\"data:image\/svg+xml,%3Csvg%20xmlns%3D%27http%3A%2F%2Fwww.w3.org%2F2000%2Fsvg%27%20width%3D%27450%27%20height%3D%27167%27%20viewBox%3D%270%200%20450%20167%27%3E%3Crect%20width%3D%27450%27%20height%3D%27167%27%20fill-opacity%3D%220%22%2F%3E%3C%2Fsvg%3E\" data-srcset=\"https:\/\/hadocongress.com\/2022\/wp-content\/uploads\/2022\/04\/savaria-logo-200x74.jpg 200w, https:\/\/hadocongress.com\/2022\/wp-content\/uploads\/2022\/04\/savaria-logo-400x148.jpg 400w, https:\/\/hadocongress.com\/2022\/wp-content\/uploads\/2022\/04\/savaria-logo.jpg 450w\" data-sizes=\"auto\" data-orig-sizes=\"(max-width: 640px) 100vw, 450px\" \/><\/span><\/div><\/div><style type=\"text\/css\">.fusion-body .fusion-builder-column-0{width:75% !important;margin-top : 20px;margin-bottom : 20px;}.fusion-builder-column-0 > .fusion-column-wrapper {padding-top : 0px !important;padding-right : 0px !important;margin-right : 2.56%;padding-bottom : 0px !important;padding-left : 0px !important;margin-left : 2.56%;}@media only screen and (max-width:1200px) {.fusion-body .fusion-builder-column-0{width:75% !important;order : 0;}.fusion-builder-column-0 > .fusion-column-wrapper {margin-right : 2.56%;margin-left : 2.56%;}}@media only screen and (max-width:640px) {.fusion-body .fusion-builder-column-0{width:100% !important;order : 0;}.fusion-builder-column-0 > .fusion-column-wrapper {margin-right : 1.92%;margin-left : 1.92%;}}<\/style><\/div><div class=\"fusion-layout-column fusion_builder_column fusion-builder-column-1 fusion_builder_column_3_4 3_4 fusion-flex-column\"><div class=\"fusion-column-wrapper fusion-flex-justify-content-flex-start fusion-content-layout-column\" style=\"background-position:left top;background-repeat:no-repeat;-webkit-background-size:cover;-moz-background-size:cover;-o-background-size:cover;background-size:cover;padding: 0px 0px 0px 0px;\"><style type=\"text\/css\">@media only screen and (max-width:1200px) {.fusion-title.fusion-title-1{margin-top:10px!important; margin-right:0px!important;margin-bottom:20px!important;margin-left:0px!important;}}@media only screen and (max-width:640px) {.fusion-title.fusion-title-1{margin-top:10px!important; margin-right:0px!important;margin-bottom:20px!important; margin-left:0px!important;}}<\/style><div class=\"fusion-title title fusion-title-1 fusion-sep-none fusion-title-center fusion-title-text fusion-title-size-three\" style=\"margin-top:10px;margin-right:0px;margin-bottom:20px;margin-left:0px;\"><h3 class=\"title-heading-center fusion-responsive-typography-calculated\" style=\"margin:0;--fontSize:36;line-height:1.3;\">Savaria-Dent<\/h3><\/div><div class=\"fusion-text fusion-text-1\" style=\"text-transform:none;\"><p>Savaria Dent Kft. was founded in 1990. Our business is based in Szombathely, however, we are also located in Budapest.<\/p>\n<p>We specialize in orthodontics and export our self-manufactured products to many different countries around the world.<\/p>\n<p>Keeping up with the potential of digital dentistry, we are constantly trying to improve our digital dental laboratory with modern equipment and technologies.<\/p>\n<p>We believe in open-mindedness, therefore we are constantly trying to stay well-informed regarding dentistry, while trying to contribute to developing progressive equipments and techniques to higher our reputation in the market.<\/p>\n<p>Our main activities:<\/p>\n<p>&#8211; Trade of orthodontic materials. For over 30 years, we&#8217;ve been distributing the materials of the Japanese company, TOMY from our own supplies. Also, we are offering products of other companies as well.<\/p>\n<p>&#8211; We are running a dental laboratory, which specializes in producing removable appliances.<\/p>\n<p>&#8211; We are operating our digital lab with PLANMECA softwares and an ASIGA PRO4K 3D printer. Our digital lab services include: management and storage of digital impressions, high precision 3D printing of impressions, digital treatment planning taking into account root positions (in case of having a CBCT). We also make SmartCaps retainers, invisible braces, we design and produce attachment bonding templates and 3D scan plaster models.<\/p>\n<p>&#8211; We produce self-developed and self-manufactured silicone TRAINERs under the name of U Concept.<\/p>\n<p>&#8211; We design and produce orthodontic pliers.<\/p>\n<p>&#8211; We organize accredited theoretical and practical trainings on topics of interest to doctors, with the help of well-qualified lecturers. We organize both webinars and attendance-based courses.<\/p>\n<p>&#8211; The technological background of our manufacturing base allows us to implement most of the innovations devised by doctors.<\/p>\n<p>Our company has been certified to the ISO 13485 quality management system standard for 22 years.<\/p>\n<p><a href=\"https:\/\/savariadent.hu\/hu\/aktualis\/\" target=\"_blank\" rel=\"noopener\">www.savariadent.hu<\/a><\/p>\n<\/div><\/div><style type=\"text\/css\">.fusion-body .fusion-builder-column-1{width:75% !important;margin-top : 20px;margin-bottom : 20px;}.fusion-builder-column-1 > .fusion-column-wrapper {padding-top : 0px !important;padding-right : 0px !important;margin-right : 2.56%;padding-bottom : 0px !important;padding-left : 0px !important;margin-left : 2.56%;}@media only screen and (max-width:1200px) {.fusion-body .fusion-builder-column-1{width:75% !important;order : 0;}.fusion-builder-column-1 > .fusion-column-wrapper {margin-right : 2.56%;margin-left : 2.56%;}}@media only screen and (max-width:640px) {.fusion-body .fusion-builder-column-1{width:100% !important;order : 0;}.fusion-builder-column-1 > .fusion-column-wrapper {margin-right : 1.92%;margin-left : 1.92%;}}<\/style><\/div><\/div><style type=\"text\/css\">.fusion-body .fusion-flex-container.fusion-builder-row-1{ padding-top : 0px;margin-top : 0px;padding-right : 0px;padding-bottom : 0px;margin-bottom : 0px;padding-left : 0px;}<\/style><\/div>\n","protected":false},"excerpt":{"rendered":"","protected":false},"author":1,"featured_media":0,"parent":2660,"menu_order":0,"comment_status":"closed","ping_status":"closed","template":"100-width.php","meta":{"footnotes":""},"yoast_head":"<!-- This site is optimized with the Yoast SEO plugin v19.6.1 - https:\/\/yoast.com\/wordpress\/plugins\/seo\/ -->\n<title>Savaria-Dent - Magyar \u00c1llcsont-ortop\u00e9diai \u00e9s Fogszab\u00e1lyoz\u00e1si T\u00e1rsas\u00e1g I. Nemzetk\u00f6zi Kongresszusa<\/title>\n<meta name=\"robots\" content=\"index, follow, max-snippet:-1, max-image-preview:large, max-video-preview:-1\" \/>\n<link rel=\"canonical\" href=\"https:\/\/hadocongress.com\/2022\/en\/sponsors\/savaria\/\" \/>\n<meta property=\"og:locale\" content=\"en_US\" \/>\n<meta property=\"og:type\" content=\"article\" \/>\n<meta property=\"og:title\" content=\"Savaria-Dent - Magyar \u00c1llcsont-ortop\u00e9diai \u00e9s Fogszab\u00e1lyoz\u00e1si T\u00e1rsas\u00e1g I. Nemzetk\u00f6zi Kongresszusa\" \/>\n<meta property=\"og:url\" content=\"https:\/\/hadocongress.com\/2022\/en\/sponsors\/savaria\/\" \/>\n<meta property=\"og:site_name\" content=\"Magyar \u00c1llcsont-ortop\u00e9diai \u00e9s Fogszab\u00e1lyoz\u00e1si T\u00e1rsas\u00e1g I. Nemzetk\u00f6zi Kongresszusa\" \/>\n<meta property=\"article:modified_time\" content=\"2022-05-25T08:43:24+00:00\" \/>\n<meta name=\"twitter:card\" content=\"summary_large_image\" \/>\n<meta name=\"twitter:label1\" content=\"Est. reading time\" \/>\n\t<meta name=\"twitter:data1\" content=\"7 minutes\" \/>\n<script type=\"application\/ld+json\" class=\"yoast-schema-graph\">{\"@context\":\"https:\/\/schema.org\",\"@graph\":[{\"@type\":\"WebPage\",\"@id\":\"https:\/\/hadocongress.com\/2022\/en\/sponsors\/savaria\/\",\"url\":\"https:\/\/hadocongress.com\/2022\/en\/sponsors\/savaria\/\",\"name\":\"Savaria-Dent - Magyar \u00c1llcsont-ortop\u00e9diai \u00e9s Fogszab\u00e1lyoz\u00e1si T\u00e1rsas\u00e1g I. Nemzetk\u00f6zi Kongresszusa\",\"isPartOf\":{\"@id\":\"https:\/\/hadocongress.com\/2022\/#website\"},\"datePublished\":\"2022-04-21T08:36:19+00:00\",\"dateModified\":\"2022-05-25T08:43:24+00:00\",\"breadcrumb\":{\"@id\":\"https:\/\/hadocongress.com\/2022\/en\/sponsors\/savaria\/#breadcrumb\"},\"inLanguage\":\"en-US\",\"potentialAction\":[{\"@type\":\"ReadAction\",\"target\":[\"https:\/\/hadocongress.com\/2022\/en\/sponsors\/savaria\/\"]}]},{\"@type\":\"BreadcrumbList\",\"@id\":\"https:\/\/hadocongress.com\/2022\/en\/sponsors\/savaria\/#breadcrumb\",\"itemListElement\":[{\"@type\":\"ListItem\",\"position\":1,\"name\":\"Kezd\u0151lap\",\"item\":\"https:\/\/hadocongress.com\/2022\/en\/\"},{\"@type\":\"ListItem\",\"position\":2,\"name\":\"Sponsors\",\"item\":\"https:\/\/hadocongress.com\/2022\/en\/sponsors\/\"},{\"@type\":\"ListItem\",\"position\":3,\"name\":\"Savaria-Dent\"}]},{\"@type\":\"WebSite\",\"@id\":\"https:\/\/hadocongress.com\/2022\/#website\",\"url\":\"https:\/\/hadocongress.com\/2022\/\",\"name\":\"Magyar \u00c1llcsont-ortop\u00e9diai \u00e9s Fogszab\u00e1lyoz\u00e1si T\u00e1rsas\u00e1g I. Nemzetk\u00f6zi Kongresszusa\",\"description\":\"#breakthru2022\",\"publisher\":{\"@id\":\"https:\/\/hadocongress.com\/2022\/#organization\"},\"potentialAction\":[{\"@type\":\"SearchAction\",\"target\":{\"@type\":\"EntryPoint\",\"urlTemplate\":\"https:\/\/hadocongress.com\/2022\/?s={search_term_string}\"},\"query-input\":\"required name=search_term_string\"}],\"inLanguage\":\"en-US\"},{\"@type\":\"Organization\",\"@id\":\"https:\/\/hadocongress.com\/2022\/#organization\",\"name\":\"hadocongress.com\",\"url\":\"https:\/\/hadocongress.com\/2022\/\",\"sameAs\":[],\"logo\":{\"@type\":\"ImageObject\",\"inLanguage\":\"en-US\",\"@id\":\"https:\/\/hadocongress.com\/2022\/#\/schema\/logo\/image\/\",\"url\":\"https:\/\/hadocongress.com\/2022\/wp-content\/uploads\/2022\/02\/logo-default.png\",\"contentUrl\":\"https:\/\/hadocongress.com\/2022\/wp-content\/uploads\/2022\/02\/logo-default.png\",\"width\":342,\"height\":102,\"caption\":\"hadocongress.com\"},\"image\":{\"@id\":\"https:\/\/hadocongress.com\/2022\/#\/schema\/logo\/image\/\"}}]}<\/script>\n<!-- \/ Yoast SEO plugin. -->","yoast_head_json":{"title":"Savaria-Dent - Magyar \u00c1llcsont-ortop\u00e9diai \u00e9s Fogszab\u00e1lyoz\u00e1si T\u00e1rsas\u00e1g I. Nemzetk\u00f6zi Kongresszusa","robots":{"index":"index","follow":"follow","max-snippet":"max-snippet:-1","max-image-preview":"max-image-preview:large","max-video-preview":"max-video-preview:-1"},"canonical":"https:\/\/hadocongress.com\/2022\/en\/sponsors\/savaria\/","og_locale":"en_US","og_type":"article","og_title":"Savaria-Dent - Magyar \u00c1llcsont-ortop\u00e9diai \u00e9s Fogszab\u00e1lyoz\u00e1si T\u00e1rsas\u00e1g I. Nemzetk\u00f6zi Kongresszusa","og_url":"https:\/\/hadocongress.com\/2022\/en\/sponsors\/savaria\/","og_site_name":"Magyar \u00c1llcsont-ortop\u00e9diai \u00e9s Fogszab\u00e1lyoz\u00e1si T\u00e1rsas\u00e1g I. Nemzetk\u00f6zi Kongresszusa","article_modified_time":"2022-05-25T08:43:24+00:00","twitter_card":"summary_large_image","twitter_misc":{"Est. reading time":"7 minutes"},"schema":{"@context":"https:\/\/schema.org","@graph":[{"@type":"WebPage","@id":"https:\/\/hadocongress.com\/2022\/en\/sponsors\/savaria\/","url":"https:\/\/hadocongress.com\/2022\/en\/sponsors\/savaria\/","name":"Savaria-Dent - Magyar \u00c1llcsont-ortop\u00e9diai \u00e9s Fogszab\u00e1lyoz\u00e1si T\u00e1rsas\u00e1g I. Nemzetk\u00f6zi Kongresszusa","isPartOf":{"@id":"https:\/\/hadocongress.com\/2022\/#website"},"datePublished":"2022-04-21T08:36:19+00:00","dateModified":"2022-05-25T08:43:24+00:00","breadcrumb":{"@id":"https:\/\/hadocongress.com\/2022\/en\/sponsors\/savaria\/#breadcrumb"},"inLanguage":"en-US","potentialAction":[{"@type":"ReadAction","target":["https:\/\/hadocongress.com\/2022\/en\/sponsors\/savaria\/"]}]},{"@type":"BreadcrumbList","@id":"https:\/\/hadocongress.com\/2022\/en\/sponsors\/savaria\/#breadcrumb","itemListElement":[{"@type":"ListItem","position":1,"name":"Kezd\u0151lap","item":"https:\/\/hadocongress.com\/2022\/en\/"},{"@type":"ListItem","position":2,"name":"Sponsors","item":"https:\/\/hadocongress.com\/2022\/en\/sponsors\/"},{"@type":"ListItem","position":3,"name":"Savaria-Dent"}]},{"@type":"WebSite","@id":"https:\/\/hadocongress.com\/2022\/#website","url":"https:\/\/hadocongress.com\/2022\/","name":"Magyar \u00c1llcsont-ortop\u00e9diai \u00e9s Fogszab\u00e1lyoz\u00e1si T\u00e1rsas\u00e1g I. Nemzetk\u00f6zi Kongresszusa","description":"#breakthru2022","publisher":{"@id":"https:\/\/hadocongress.com\/2022\/#organization"},"potentialAction":[{"@type":"SearchAction","target":{"@type":"EntryPoint","urlTemplate":"https:\/\/hadocongress.com\/2022\/?s={search_term_string}"},"query-input":"required name=search_term_string"}],"inLanguage":"en-US"},{"@type":"Organization","@id":"https:\/\/hadocongress.com\/2022\/#organization","name":"hadocongress.com","url":"https:\/\/hadocongress.com\/2022\/","sameAs":[],"logo":{"@type":"ImageObject","inLanguage":"en-US","@id":"https:\/\/hadocongress.com\/2022\/#\/schema\/logo\/image\/","url":"https:\/\/hadocongress.com\/2022\/wp-content\/uploads\/2022\/02\/logo-default.png","contentUrl":"https:\/\/hadocongress.com\/2022\/wp-content\/uploads\/2022\/02\/logo-default.png","width":342,"height":102,"caption":"hadocongress.com"},"image":{"@id":"https:\/\/hadocongress.com\/2022\/#\/schema\/logo\/image\/"}}]}},"_links":{"self":[{"href":"https:\/\/hadocongress.com\/2022\/en\/wp-json\/wp\/v2\/pages\/3021"}],"collection":[{"href":"https:\/\/hadocongress.com\/2022\/en\/wp-json\/wp\/v2\/pages"}],"about":[{"href":"https:\/\/hadocongress.com\/2022\/en\/wp-json\/wp\/v2\/types\/page"}],"author":[{"embeddable":true,"href":"https:\/\/hadocongress.com\/2022\/en\/wp-json\/wp\/v2\/users\/1"}],"replies":[{"embeddable":true,"href":"https:\/\/hadocongress.com\/2022\/en\/wp-json\/wp\/v2\/comments?post=3021"}],"version-history":[{"count":4,"href":"https:\/\/hadocongress.com\/2022\/en\/wp-json\/wp\/v2\/pages\/3021\/revisions"}],"predecessor-version":[{"id":3191,"href":"https:\/\/hadocongress.com\/2022\/en\/wp-json\/wp\/v2\/pages\/3021\/revisions\/3191"}],"up":[{"embeddable":true,"href":"https:\/\/hadocongress.com\/2022\/en\/wp-json\/wp\/v2\/pages\/2660"}],"wp:attachment":[{"href":"https:\/\/hadocongress.com\/2022\/en\/wp-json\/wp\/v2\/media?parent=3021"}],"curies":[{"name":"wp","href":"https:\/\/api.w.org\/{rel}","templated":true}]}}